{"id":35536,"date":"2025-03-16T15:23:39","date_gmt":"2025-03-16T15:23:39","guid":{"rendered":"https:\/\/paymentdiscounter.com\/?post_type=product&#038;p=35536"},"modified":"2026-04-04T04:36:47","modified_gmt":"2026-04-04T04:36:47","slug":"stacja-dokujaca-pax-a920-pro","status":"publish","type":"product","link":"https:\/\/paymentdiscounter.com\/pl\/produkt\/stacja-dokujaca-pax-a920-pro\/","title":{"rendered":"Stacja dokuj\u0105ca Pax A920 PRO"},"content":{"rendered":"","protected":false},"excerpt":{"rendered":"<p>Stacja dokuj\u0105ca Pax A920 PRO umo\u017cliwia \u0142atwe \u0142adowanie mobilnego terminala p\u0142atniczego bez konieczno\u015bci ci\u0105g\u0142ego pod\u0142\u0105czania go do kabla zasilaj\u0105cego. U\u017cyj w\u0142asnego zasilacza i pod\u0142\u0105cz go z ty\u0142u stacji bazowej. Po pod\u0142\u0105czeniu nie musisz si\u0119 ju\u017c o to martwi\u0107.<\/p>\n<p>Umie\u015b\u0107 terminal w uchwycie po ka\u017cdej transakcji, a terminal p\u0142atniczy zostanie automatycznie na\u0142adowany. Zapobiegaj uszkodzeniom kabli i kosztownym naprawom i zacznij korzysta\u0107 z oryginalnej stacji dokuj\u0105cej Pax.<\/p>","protected":false},"featured_media":35539,"comment_status":"open","ping_status":"closed","template":"","meta":[],"product_cat":[730,1489],"product_tag":[2610,3333,690,694,728,1488,1492,3767,2611,1314,2609],"acf":[],"_links":{"self":[{"href":"https:\/\/paymentdiscounter.com\/pl\/wp-json\/wp\/v2\/product\/35536"}],"collection":[{"href":"https:\/\/paymentdiscounter.com\/pl\/wp-json\/wp\/v2\/product"}],"about":[{"href":"https:\/\/paymentdiscounter.com\/pl\/wp-json\/wp\/v2\/types\/product"}],"replies":[{"embeddable":true,"href":"https:\/\/paymentdiscounter.com\/pl\/wp-json\/wp\/v2\/comments?post=35536"}],"version-history":[{"count":3,"href":"https:\/\/paymentdiscounter.com\/pl\/wp-json\/wp\/v2\/product\/35536\/revisions"}],"predecessor-version":[{"id":38182,"href":"https:\/\/paymentdiscounter.com\/pl\/wp-json\/wp\/v2\/product\/35536\/revisions\/38182"}],"wp:featuredmedia":[{"embeddable":true,"href":"https:\/\/paymentdiscounter.com\/pl\/wp-json\/wp\/v2\/media\/35539"}],"wp:attachment":[{"href":"https:\/\/paymentdiscounter.com\/pl\/wp-json\/wp\/v2\/media?parent=35536"}],"wp:term":[{"taxonomy":"product_cat","embeddable":true,"href":"https:\/\/paymentdiscounter.com\/pl\/wp-json\/wp\/v2\/product_cat?post=35536"},{"taxonomy":"product_tag","embeddable":true,"href":"https:\/\/paymentdiscounter.com\/pl\/wp-json\/wp\/v2\/product_tag?post=35536"}],"curies":[{"name":"wp","href":"https:\/\/api.w.org\/{rel}","templated":true}]}}