{"id":35321,"date":"2025-01-15T09:27:34","date_gmt":"2025-01-15T09:27:34","guid":{"rendered":"https:\/\/paymentdiscounter.com\/?post_type=product&#038;p=35321"},"modified":"2026-03-12T19:48:33","modified_gmt":"2026-03-12T19:48:33","slug":"etui-ochronne-sunmi-v3h","status":"publish","type":"product","link":"https:\/\/paymentdiscounter.com\/pl\/produkt\/etui-ochronne-sunmi-v3h\/","title":{"rendered":"Obudowa ochronna Sunmi V3H"},"content":{"rendered":"<p><strong>Obudowa ochronna Sunmi V3H<\/strong><\/p>\n<p>Etui ochronne Sunmi V3H zosta\u0142o zaprojektowane z my\u015bl\u0105 o wygodzie i ochronie. Wykonane z ekologicznego silikonu zapewnia pewny chwyt nawet mokrymi d\u0142o\u0144mi i pomaga zapobiega\u0107 wypadkom i kosztownym naprawom.<\/p>\n<p><strong>Kluczowe cechy:<\/strong><\/p>\n<ul>\n<li>Kompatybilny z \u0142adowaniem bez zdejmowania obudowy.<\/li>\n<li>Zapewnia dodatkow\u0105 przyczepno\u015b\u0107 podczas przekazywania terminala.<\/li>\n<li>Wykonane z grubego materia\u0142u dla optymalnej trwa\u0142o\u015bci.<\/li>\n<\/ul>\n<p><strong>Idealny dla:<\/strong><\/p>\n<ul>\n<li>Handlowcy rynkowi<\/li>\n<li>Personel dostawczy<\/li>\n<li>Samozatrudnieni profesjonali\u015bci<\/li>\n<li>Taks\u00f3wkarze<\/li>\n<li>Targi i wydarzenia bran\u017cowe<\/li>\n<li>Festiwale i zaj\u0119cia na \u015bwie\u017cym powietrzu<\/li>\n<\/ul>\n<p>Chro\u0144 swoje urz\u0105dzenie mobilne i zwi\u0119ksz jego u\u017cyteczno\u015b\u0107 dzi\u0119ki etui ochronnemu Sunmi V3H.<\/p>","protected":false},"excerpt":{"rendered":"<p>Chro\u0144 sw\u00f3j mobilny terminal p\u0142atniczy za pomoc\u0105 etui ochronnego Sunmi V3H, zaprojektowanego specjalnie dla Sunmi V3H.<\/p>\n<p>Wykonane z wytrzyma\u0142ego, przyjaznego dla \u015brodowiska silikonu etui zapewnia lepszy chwyt, pomagaj\u0105c zapobiega\u0107 wypadkom i kosztownym naprawom.<\/p>\n<p><\/p>\n<p><h1 style=\"color: #ed0000; font-size: 13px;\">* Czas dostawy: 14 dni<\/h1>","protected":false},"featured_media":35335,"comment_status":"open","ping_status":"closed","template":"","meta":[],"product_cat":[1555,3646],"product_tag":[3840,3844,1874,2704,2723,2722,3669,3652,3666,3643,3642,3638,3649,3653,3668,3667],"acf":[],"_links":{"self":[{"href":"https:\/\/paymentdiscounter.com\/pl\/wp-json\/wp\/v2\/product\/35321"}],"collection":[{"href":"https:\/\/paymentdiscounter.com\/pl\/wp-json\/wp\/v2\/product"}],"about":[{"href":"https:\/\/paymentdiscounter.com\/pl\/wp-json\/wp\/v2\/types\/product"}],"replies":[{"embeddable":true,"href":"https:\/\/paymentdiscounter.com\/pl\/wp-json\/wp\/v2\/comments?post=35321"}],"version-history":[{"count":8,"href":"https:\/\/paymentdiscounter.com\/pl\/wp-json\/wp\/v2\/product\/35321\/revisions"}],"predecessor-version":[{"id":39193,"href":"https:\/\/paymentdiscounter.com\/pl\/wp-json\/wp\/v2\/product\/35321\/revisions\/39193"}],"wp:featuredmedia":[{"embeddable":true,"href":"https:\/\/paymentdiscounter.com\/pl\/wp-json\/wp\/v2\/media\/35335"}],"wp:attachment":[{"href":"https:\/\/paymentdiscounter.com\/pl\/wp-json\/wp\/v2\/media?parent=35321"}],"wp:term":[{"taxonomy":"product_cat","embeddable":true,"href":"https:\/\/paymentdiscounter.com\/pl\/wp-json\/wp\/v2\/product_cat?post=35321"},{"taxonomy":"product_tag","embeddable":true,"href":"https:\/\/paymentdiscounter.com\/pl\/wp-json\/wp\/v2\/product_tag?post=35321"}],"curies":[{"name":"wp","href":"https:\/\/api.w.org\/{rel}","templated":true}]}}