{"id":35235,"date":"2025-01-08T10:49:51","date_gmt":"2025-01-08T10:49:51","guid":{"rendered":"https:\/\/paymentdiscounter.com\/?post_type=product&#038;p=35235"},"modified":"2025-01-31T10:32:38","modified_gmt":"2025-01-31T10:32:38","slug":"verifone-p400-stojak-metalowy-12cm","status":"publish","type":"product","link":"https:\/\/paymentdiscounter.com\/pl\/produkt\/verifone-p400-stojak-metalowy-12cm\/","title":{"rendered":"Verifone P400 Stojak metalowy 12cm"},"content":{"rendered":"<p>Verifone P400 DuraTilt standard to metalowy uchwyt terminala p\u0142atniczego firmy Ergonomic solutions o modu\u0142owej i ergonomicznej konstrukcji. Produkt ten sk\u0142ada si\u0119 z dw\u00f3ch cz\u0119\u015bci: Metalowego s\u0142upka o wysoko\u015bci 12 cm oraz wykonanej na zam\u00f3wienie p\u0142yty monta\u017cowej. Du\u017c\u0105 zalet\u0105 tego rozwi\u0105zania jest to, \u017ce podczas modernizacji terminala p\u0142atniczego nale\u017cy wymieni\u0107 tylko lu\u017an\u0105 p\u0142ytk\u0119. Sam standard jest uniwersalny i mo\u017ce by\u0107 ponownie wykorzystany.<\/p>\n<p>- Sta\u0142a wysoko\u015b\u0107 12 centymetr\u00f3w<br \/>\n- Mo\u017cliwo\u015b\u0107 przechylania do 70\u00b0 i obracania do 210\u00b0<br \/>\n- \u015arednica 38 mm dla efektywnego zarz\u0105dzania kablami i ich ochrony<br \/>\n- Poprawiona stabilno\u015b\u0107 dla wi\u0119kszych terminali<br \/>\n- \u0141atwy monta\u017c za pomoc\u0105 ta\u015bmy dwustronnej i\/lub \u015brub<\/p>\n<p><strong>Bezpiecze\u0144stwo<\/strong><br \/>\nW razie potrzeby standard mo\u017cna rozszerzy\u0107 o opcj\u0119 bezpiecze\u0144stwa ClickSafe\u00ae, aby zapobiec kradzie\u017cy i uszkodzeniom.<\/p>\n<p><strong>Aktualizacja<\/strong><br \/>\nPrzechodzisz na inny terminal p\u0142atniczy Castles?<br \/>\nNast\u0119pnie wystarczy zmieni\u0107 p\u0142yt\u0119 monta\u017cow\u0105. Podstawa zawsze pozostaje taka sama.<\/p>","protected":false},"excerpt":{"rendered":"<p>Stojak Verifone P400 DuraTilt to metalowy uchwyt na terminal p\u0142atniczy o wysoko\u015bci 12 centymetr\u00f3w. Wyposa\u017cony w wewn\u0119trzny kana\u0142 kablowy do ukrycia kabli i standardowo obj\u0119ty 5-letni\u0105 gwarancj\u0105 fabryczn\u0105. Model ten mo\u017cna przechyla\u0107 do 70\u00b0 i obraca\u0107 do 210\u00b0.<\/p>\n<p>\u0141atwy monta\u017c za pomoc\u0105 ta\u015bmy dwustronnej lub zestawu \u015brub.<\/p>","protected":false},"featured_media":35239,"comment_status":"closed","ping_status":"closed","template":"","meta":[],"product_cat":[791,1598,1549,824],"product_tag":[3587,3589,723,3340,3618,908,3588,3338,821,1347],"acf":[],"_links":{"self":[{"href":"https:\/\/paymentdiscounter.com\/pl\/wp-json\/wp\/v2\/product\/35235"}],"collection":[{"href":"https:\/\/paymentdiscounter.com\/pl\/wp-json\/wp\/v2\/product"}],"about":[{"href":"https:\/\/paymentdiscounter.com\/pl\/wp-json\/wp\/v2\/types\/product"}],"replies":[{"embeddable":true,"href":"https:\/\/paymentdiscounter.com\/pl\/wp-json\/wp\/v2\/comments?post=35235"}],"version-history":[{"count":1,"href":"https:\/\/paymentdiscounter.com\/pl\/wp-json\/wp\/v2\/product\/35235\/revisions"}],"predecessor-version":[{"id":35240,"href":"https:\/\/paymentdiscounter.com\/pl\/wp-json\/wp\/v2\/product\/35235\/revisions\/35240"}],"wp:featuredmedia":[{"embeddable":true,"href":"https:\/\/paymentdiscounter.com\/pl\/wp-json\/wp\/v2\/media\/35239"}],"wp:attachment":[{"href":"https:\/\/paymentdiscounter.com\/pl\/wp-json\/wp\/v2\/media?parent=35235"}],"wp:term":[{"taxonomy":"product_cat","embeddable":true,"href":"https:\/\/paymentdiscounter.com\/pl\/wp-json\/wp\/v2\/product_cat?post=35235"},{"taxonomy":"product_tag","embeddable":true,"href":"https:\/\/paymentdiscounter.com\/pl\/wp-json\/wp\/v2\/product_tag?post=35235"}],"curies":[{"name":"wp","href":"https:\/\/api.w.org\/{rel}","templated":true}]}}