{"id":35167,"date":"2024-12-19T13:50:26","date_gmt":"2024-12-19T13:50:26","guid":{"rendered":"https:\/\/paymentdiscounter.com\/?post_type=product&#038;p=35167"},"modified":"2026-04-28T16:03:18","modified_gmt":"2026-04-28T16:03:18","slug":"ladowarka-do-stacji-dokujacej-castles-s1f2","status":"publish","type":"product","link":"https:\/\/paymentdiscounter.com\/pl\/produkt\/ladowarka-do-stacji-dokujacej-castles-s1f2\/","title":{"rendered":"Castles S1F2 Stacja dokuj\u0105ca + \u0142adowarka"},"content":{"rendered":"<p><strong>Castles S1F2 Stacja dokuj\u0105ca + \u0142adowarka<\/strong><br \/>\nKorzystanie ze stacji dokuj\u0105cej to wygodny spos\u00f3b na \u015bledzenie miejsca pracy. Szczeg\u00f3lnie w kawiarniach i lokalach gastronomicznych korzystanie ze stacji bazowej jest idealnym dodatkiem.<\/p>\n<p>Ten produkt sk\u0142ada si\u0119 z oryginalnej stacji dokuj\u0105cej Castles S1F2 + oryginalnego zasilacza.<\/p>\n<p><strong>Pod\u0142\u0105czanie stacji dokuj\u0105cej<\/strong><br \/>\nStacja bazowa S1F2 jest \u0142atwa do pod\u0142\u0105czenia.<br \/>\nPod\u0142\u0105cz dostarczony zasilacz do stacji bazowej i pod\u0142\u0105cz j\u0105 do gniazda zasilania.<br \/>\nUmie\u015b\u0107 terminal w uchwycie, a zostanie on automatycznie na\u0142adowany.<\/p>","protected":false},"excerpt":{"rendered":"<p>Korzystanie ze stacji dokuj\u0105cej Castles S1F2 to idealny spos\u00f3b na \u0142adowanie mobilnego terminala p\u0142atniczego. Terminal \u0142atwo pozostaje w uchwycie i jest \u0142adowany w tym samym czasie. Idealne rozwi\u0105zanie dla kawiarni i lokali gastronomicznych.<\/p>\n<p>Ten produkt sk\u0142ada si\u0119 z oryginalnej stacji dokuj\u0105cej Castles S1F2 + oryginalnego zasilacza.<\/p>","protected":false},"featured_media":35172,"comment_status":"closed","ping_status":"closed","template":"","meta":[],"product_cat":[1550,3149],"product_tag":[2707,3335,3150,690,694,751,3151,3336],"acf":[],"_links":{"self":[{"href":"https:\/\/paymentdiscounter.com\/pl\/wp-json\/wp\/v2\/product\/35167"}],"collection":[{"href":"https:\/\/paymentdiscounter.com\/pl\/wp-json\/wp\/v2\/product"}],"about":[{"href":"https:\/\/paymentdiscounter.com\/pl\/wp-json\/wp\/v2\/types\/product"}],"replies":[{"embeddable":true,"href":"https:\/\/paymentdiscounter.com\/pl\/wp-json\/wp\/v2\/comments?post=35167"}],"version-history":[{"count":4,"href":"https:\/\/paymentdiscounter.com\/pl\/wp-json\/wp\/v2\/product\/35167\/revisions"}],"predecessor-version":[{"id":39401,"href":"https:\/\/paymentdiscounter.com\/pl\/wp-json\/wp\/v2\/product\/35167\/revisions\/39401"}],"wp:featuredmedia":[{"embeddable":true,"href":"https:\/\/paymentdiscounter.com\/pl\/wp-json\/wp\/v2\/media\/35172"}],"wp:attachment":[{"href":"https:\/\/paymentdiscounter.com\/pl\/wp-json\/wp\/v2\/media?parent=35167"}],"wp:term":[{"taxonomy":"product_cat","embeddable":true,"href":"https:\/\/paymentdiscounter.com\/pl\/wp-json\/wp\/v2\/product_cat?post=35167"},{"taxonomy":"product_tag","embeddable":true,"href":"https:\/\/paymentdiscounter.com\/pl\/wp-json\/wp\/v2\/product_tag?post=35167"}],"curies":[{"name":"wp","href":"https:\/\/api.w.org\/{rel}","templated":true}]}}