{"id":3491,"date":"2018-10-02T22:07:14","date_gmt":"2018-10-02T22:07:14","guid":{"rendered":"https:\/\/paymentdiscounter.com\/product\/verifone-vx680-voeding\/"},"modified":"2025-09-13T21:48:11","modified_gmt":"2025-09-13T21:48:11","slug":"zasilacz-verifone-vx680","status":"publish","type":"product","link":"https:\/\/paymentdiscounter.com\/pl\/produkt\/zasilacz-verifone-vx680\/","title":{"rendered":"Zasilacz Verifone Vx680"},"content":{"rendered":"<p>\u0141adowarka Verifone Vx680<br \/>\nZasilacz Verifone vx680 jest odpowiedni do \u0142adowania mobilnego urz\u0105dzenia p\u0142atniczego w po\u0142\u0105czeniu z kablem Verifone lub stacj\u0105 dokuj\u0105c\u0105. \u0141adowarka dzia\u0142a dok\u0142adnie tak samo, jak \u0142adowarki do laptop\u00f3w. Do \u0142adowarki nale\u017cy pod\u0142\u0105czy\u0107 kabel zasilaj\u0105cy i pod\u0142\u0105czy\u0107 go do gniazda sieciowego. Nast\u0119pnie nale\u017cy pod\u0142\u0105czy\u0107 \u0142adowark\u0119 do adaptera lub stacji bazowej. Je\u015bli na zasilaczu za\u015bwieci si\u0119 zielona lampka, oznacza to, \u017ce jest on aktywny i \u0142aduje si\u0119.<\/p>\n<p>Specyfikacje<\/p>\n<ul>\n<li>Wej\u015bcie: 100-240 V<\/li>\n<li>Wyj\u015bcie: 12 V 2A DC<\/li>\n<li>Z\u0142\u0105cze wyj\u015bciowe DC: 5,5\u00d72,5 mm<\/li>\n<li>1 rok pe\u0142nej gwarancji<\/li>\n<\/ul>\n<p>&nbsp;<\/p>","protected":false},"excerpt":{"rendered":"<ul>\n<li>Odpowiedni dla verifone vx680<\/li>\n<li>U\u017cywany w po\u0142\u0105czeniu z kablem adaptera<\/li>\n<li>Nowy oryginalny produkt verifone<\/li>\n<li>1 rok standardowej gwarancji fabrycznej<\/li>\n<li>Zam\u00f3wione dzisiaj, wys\u0142ane dzisiaj.<\/li>\n<\/ul>","protected":false},"featured_media":9789,"comment_status":"closed","ping_status":"closed","template":"","meta":[],"product_cat":[791,784],"product_tag":[690,751,776,3338,779,3341,893],"acf":[],"_links":{"self":[{"href":"https:\/\/paymentdiscounter.com\/pl\/wp-json\/wp\/v2\/product\/3491"}],"collection":[{"href":"https:\/\/paymentdiscounter.com\/pl\/wp-json\/wp\/v2\/product"}],"about":[{"href":"https:\/\/paymentdiscounter.com\/pl\/wp-json\/wp\/v2\/types\/product"}],"replies":[{"embeddable":true,"href":"https:\/\/paymentdiscounter.com\/pl\/wp-json\/wp\/v2\/comments?post=3491"}],"version-history":[{"count":5,"href":"https:\/\/paymentdiscounter.com\/pl\/wp-json\/wp\/v2\/product\/3491\/revisions"}],"predecessor-version":[{"id":26359,"href":"https:\/\/paymentdiscounter.com\/pl\/wp-json\/wp\/v2\/product\/3491\/revisions\/26359"}],"wp:featuredmedia":[{"embeddable":true,"href":"https:\/\/paymentdiscounter.com\/pl\/wp-json\/wp\/v2\/media\/9789"}],"wp:attachment":[{"href":"https:\/\/paymentdiscounter.com\/pl\/wp-json\/wp\/v2\/media?parent=3491"}],"wp:term":[{"taxonomy":"product_cat","embeddable":true,"href":"https:\/\/paymentdiscounter.com\/pl\/wp-json\/wp\/v2\/product_cat?post=3491"},{"taxonomy":"product_tag","embeddable":true,"href":"https:\/\/paymentdiscounter.com\/pl\/wp-json\/wp\/v2\/product_tag?post=3491"}],"curies":[{"name":"wp","href":"https:\/\/api.w.org\/{rel}","templated":true}]}}