{"id":34611,"date":"2024-10-08T08:57:02","date_gmt":"2024-10-08T08:57:02","guid":{"rendered":"https:\/\/paymentdiscounter.com\/?post_type=product&#038;p=34611"},"modified":"2026-01-13T17:35:52","modified_gmt":"2026-01-13T17:35:52","slug":"uniwersalna-kabura-na-terminal","status":"publish","type":"product","link":"https:\/\/paymentdiscounter.com\/pl\/produkt\/uniwersalna-kabura-na-terminal\/","title":{"rendered":"Uniwersalna kabura na terminal"},"content":{"rendered":"<p><strong>Bezpiecze\u0144stwo:<\/strong><br \/>\nTa uniwersalna kabura na PDA i terminal jest wyposa\u017cona w tak zwane D-ringi. Te metalowe pier\u015bcienie s\u0105 solidnie przymocowane do kabury i mog\u0105 by\u0107 u\u017cywane do mocowania linki na szyj\u0119. Zmniejsza to ryzyko kradzie\u017cy, zgubienia i uszkodzenia w wyniku upadku.<\/p>\n<p><strong>Wygoda:<\/strong><br \/>\nKorzystanie z kabury sprawia, \u017ce noszenie terminala mobilnego jest \u0142atwiejsze i wygodniejsze. Zw\u0142aszcza podczas d\u0142ugotrwa\u0142ego u\u017cytkowania. Zmniejsza obci\u0105\u017cenie ramion i d\u0142oni oraz zapobiega wypadkom podczas pracy.<\/p>\n<p><strong>Wydajno\u015b\u0107:<\/strong><br \/>\nDzi\u0119ki kaburze pracownicy mog\u0105 pracowa\u0107 szybciej i wydajniej. Poniewa\u017c terminal jest zawsze w zasi\u0119gu r\u0119ki.<\/p>\n<p><strong>Ochrona:<\/strong><br \/>\nUniwersalny uchwyt na terminal chroni terminal przed (mi\u0119dzy innymi) zadrapaniami ekranu i uszkodzeniami spowodowanymi upadkiem. Korzystanie z kabury zapobiega wypadkom podczas pracy, a tym samym kosztownym naprawom terminala.<\/p>","protected":false},"excerpt":{"rendered":"<p>Ta uniwersalna kabura na terminal mo\u017ce by\u0107 u\u017cywana do bezpiecznego transportu przeno\u015bnego urz\u0105dzenia PDA lub terminala. Posiada 3 przegrody, z kt\u00f3rych 2 s\u0105 zamykane na zamek b\u0142yskawiczny. Idealna dla przedsi\u0119biorc\u00f3w, kt\u00f3rzy regularnie przetwarzaj\u0105 transakcje na zewn\u0105trz. \u0141atwy do przymocowania do paska lub na szyi za pomoc\u0105 do\u0142\u0105czonego sznurka.<\/p>","protected":false},"featured_media":34613,"comment_status":"closed","ping_status":"closed","template":"","meta":[],"product_cat":[1720,1550,1445,1657,1555,3195,1695,1696,1697,1558,1694,1698,791,2744,1553,1595,846,1349,1248,705,3260,3266,832,730,2640,2655,1518,1482,842],"product_tag":[3335,3584,702,2611,2704,3338],"acf":[],"_links":{"self":[{"href":"https:\/\/paymentdiscounter.com\/pl\/wp-json\/wp\/v2\/product\/34611"}],"collection":[{"href":"https:\/\/paymentdiscounter.com\/pl\/wp-json\/wp\/v2\/product"}],"about":[{"href":"https:\/\/paymentdiscounter.com\/pl\/wp-json\/wp\/v2\/types\/product"}],"replies":[{"embeddable":true,"href":"https:\/\/paymentdiscounter.com\/pl\/wp-json\/wp\/v2\/comments?post=34611"}],"version-history":[{"count":2,"href":"https:\/\/paymentdiscounter.com\/pl\/wp-json\/wp\/v2\/product\/34611\/revisions"}],"predecessor-version":[{"id":34620,"href":"https:\/\/paymentdiscounter.com\/pl\/wp-json\/wp\/v2\/product\/34611\/revisions\/34620"}],"wp:featuredmedia":[{"embeddable":true,"href":"https:\/\/paymentdiscounter.com\/pl\/wp-json\/wp\/v2\/media\/34613"}],"wp:attachment":[{"href":"https:\/\/paymentdiscounter.com\/pl\/wp-json\/wp\/v2\/media?parent=34611"}],"wp:term":[{"taxonomy":"product_cat","embeddable":true,"href":"https:\/\/paymentdiscounter.com\/pl\/wp-json\/wp\/v2\/product_cat?post=34611"},{"taxonomy":"product_tag","embeddable":true,"href":"https:\/\/paymentdiscounter.com\/pl\/wp-json\/wp\/v2\/product_tag?post=34611"}],"curies":[{"name":"wp","href":"https:\/\/api.w.org\/{rel}","templated":true}]}}