{"id":34594,"date":"2024-10-08T08:33:22","date_gmt":"2024-10-08T08:33:22","guid":{"rendered":"https:\/\/paymentdiscounter.com\/?post_type=product&#038;p=34594"},"modified":"2026-01-27T07:12:28","modified_gmt":"2026-01-27T07:12:28","slug":"smycz-uniwersalna-45-cm","status":"publish","type":"product","link":"https:\/\/paymentdiscounter.com\/pl\/produkt\/smycz-uniwersalna-45-cm\/","title":{"rendered":"Uniwersalna smycz zaciskowa 45 cm"},"content":{"rendered":"<p><strong>Uniwersalna smycz zaciskowa<\/strong><br \/>\nUzupe\u0142nij sw\u00f3j mobilny terminal p\u0142atniczy o t\u0119 uniwersaln\u0105 smycz. Praktyczne rozwi\u0105zanie dla przedsi\u0119biorc\u00f3w, kt\u00f3rzy zawsze chc\u0105 mie\u0107 sw\u00f3j terminal w zasi\u0119gu r\u0119ki.<\/p>\n<p>Ten pasek do przenoszenia mo\u017cna \u0142atwo przymocowa\u0107 do terminala (lub etui), a nast\u0119pnie nosi\u0107 na szyi. Niezale\u017cnie od tego, czy jeste\u015b w drodze, czy za lad\u0105, dzi\u0119ki regulowanej d\u0142ugo\u015bci i solidnym punktom mocowania Twoje urz\u0105dzenie pozostaje bezpieczne i bezpo\u015brednio dost\u0119pne.<\/p>\n<p><strong>Specyfikacje:<\/strong><br \/>\nD\u0142ugo\u015b\u0107 przewodu wynosi 45 cm<\/p>","protected":false},"excerpt":{"rendered":"<p>Ten pasek do przenoszenia mo\u017cna \u0142atwo przymocowa\u0107 do terminala (lub etui), a nast\u0119pnie nosi\u0107 na szyi. Niezale\u017cnie od tego, czy jeste\u015b w drodze, czy za lad\u0105, dzi\u0119ki regulowanej d\u0142ugo\u015bci i solidnym punktom mocowania Twoje urz\u0105dzenie pozostaje bezpieczne i natychmiast dost\u0119pne.<\/p>","protected":false},"featured_media":34597,"comment_status":"open","ping_status":"closed","template":"","meta":[],"product_cat":[1720,1550,3279,3053,3149,1445,1657,1555,3706,1387,791,812,1248,705,2672,2676,730],"product_tag":[3335,1435,2611,1874,2704,3338],"acf":[],"_links":{"self":[{"href":"https:\/\/paymentdiscounter.com\/pl\/wp-json\/wp\/v2\/product\/34594"}],"collection":[{"href":"https:\/\/paymentdiscounter.com\/pl\/wp-json\/wp\/v2\/product"}],"about":[{"href":"https:\/\/paymentdiscounter.com\/pl\/wp-json\/wp\/v2\/types\/product"}],"replies":[{"embeddable":true,"href":"https:\/\/paymentdiscounter.com\/pl\/wp-json\/wp\/v2\/comments?post=34594"}],"version-history":[{"count":2,"href":"https:\/\/paymentdiscounter.com\/pl\/wp-json\/wp\/v2\/product\/34594\/revisions"}],"predecessor-version":[{"id":35854,"href":"https:\/\/paymentdiscounter.com\/pl\/wp-json\/wp\/v2\/product\/34594\/revisions\/35854"}],"wp:featuredmedia":[{"embeddable":true,"href":"https:\/\/paymentdiscounter.com\/pl\/wp-json\/wp\/v2\/media\/34597"}],"wp:attachment":[{"href":"https:\/\/paymentdiscounter.com\/pl\/wp-json\/wp\/v2\/media?parent=34594"}],"wp:term":[{"taxonomy":"product_cat","embeddable":true,"href":"https:\/\/paymentdiscounter.com\/pl\/wp-json\/wp\/v2\/product_cat?post=34594"},{"taxonomy":"product_tag","embeddable":true,"href":"https:\/\/paymentdiscounter.com\/pl\/wp-json\/wp\/v2\/product_tag?post=34594"}],"curies":[{"name":"wp","href":"https:\/\/api.w.org\/{rel}","templated":true}]}}