{"id":3364,"date":"2018-10-02T22:05:37","date_gmt":"2018-10-02T22:05:37","guid":{"rendered":"https:\/\/paymentdiscounter.com\/product\/vx680-printerklep\/"},"modified":"2026-01-08T17:27:33","modified_gmt":"2026-01-08T17:27:33","slug":"pokrywa-drukarki-vx680","status":"publish","type":"product","link":"https:\/\/paymentdiscounter.com\/pl\/produkt\/pokrywa-drukarki-vx680\/","title":{"rendered":"Pokrywa papieru do drukarki Vx680"},"content":{"rendered":"<p>Verifone Pokrywa drukarki Vx680<br \/>\nPokrywa drukarki Vx680 mo\u017ce by\u0107 bardzo delikatna i mo\u017ce ulec uszkodzeniu w przypadku nieprawid\u0142owego u\u017cytkowania. Regularnie zdarza si\u0119, \u017ce n\u00f3\u017cka od\u0142amuje si\u0119, przez co pokrywa drukarki nie zamyka si\u0119 prawid\u0142owo. W wi\u0119kszo\u015bci przypadk\u00f3w drukowanie jest nadal mo\u017cliwe, ale jako\u015b\u0107 coraz bardziej si\u0119 pogarsza. Wynika to z faktu, \u017ce rolka nie naciska wystarczaj\u0105co mocno na pokryw\u0119 drukarki i dlatego drukuje cz\u0119\u015bciowo lub s\u0142abo czytelne pokwitowania transakcji. Zam\u00f3w now\u0105 pokryw\u0119 drukarki Verifone Vx680 \u0142atwo online w naszym sklepie internetowym. Zam\u00f3wione dzisiaj, wys\u0142ane dzisiaj.<\/p>\n<p>Vx680 wykorzystuje drukark\u0119 termiczn\u0105, kt\u00f3ra drukuje tekst na paragonie za pomoc\u0105 ciep\u0142a. Dzi\u0119ki temu nie ma potrzeby u\u017cywania tuszu lub jego uzupe\u0142niania, co pozwala na znaczne oszcz\u0119dno\u015bci. Drukarka Verifone sk\u0142ada si\u0119 z szeregu cz\u0119\u015bci, w tym rolki, mechanizmu podaj\u0105cego i obudowy. Je\u015bli jedna z tych cz\u0119\u015bci ulegnie awarii, drukowanie transakcji mo\u017ce by\u0107 niemo\u017cliwe. Mo\u017ce to by\u0107 spowodowane awari\u0105 oprogramowania lub wad\u0105 fizyczn\u0105.<\/p>\n<p>Je\u015bli wewn\u0119trzna cz\u0119\u015b\u0107 pokrywy drukarki jest uszkodzona, cz\u0119sto konieczne b\u0119dzie zam\u00f3wienie nowej pokrywy druku wraz z drukark\u0105. Przeprowadzanie transakcji nie jest mo\u017cliwe, je\u015bli zaw\u00f3r drukuj\u0105cy jest powa\u017cnie uszkodzony. W wi\u0119kszo\u015bci przypadk\u00f3w terminal wyda komunikat o b\u0142\u0119dzie, gdy napotka powa\u017cne uszkodzenie. Tymczasowym rozwi\u0105zaniem jest przymocowanie pokrywy drukarki ta\u015bm\u0105. Mo\u017cna kontynuowa\u0107 przyjmowanie p\u0142atno\u015bci przynajmniej do czasu dostarczenia nowej pokrywy drukarki.<\/p>\n<p>Wskaz\u00f3wka: Upewnij si\u0119, \u017ce zawsze masz pod r\u0119k\u0105 zapasow\u0105 os\u0142on\u0119.<\/p>","protected":false},"excerpt":{"rendered":"<p>Pokrywa drukarki Verifone vx680 jest jedn\u0105 z najwa\u017cniejszych cz\u0119\u015bci terminala p\u0142atniczego. Je\u015bli dojdzie do uszkodzenia pokrywy drukarki, w wielu przypadkach przyjmowanie p\u0142atno\u015bci b\u0119dzie niemo\u017cliwe. A to z kolei mo\u017ce prowadzi\u0107 do utraty sprzeda\u017cy z powodu braku dzia\u0142aj\u0105cego urz\u0105dzenia p\u0142atniczego.<\/p>","protected":false},"featured_media":9815,"comment_status":"closed","ping_status":"closed","template":"","meta":[],"product_cat":[791,784],"product_tag":[852,1539,851,776,3338,792,779],"acf":[],"_links":{"self":[{"href":"https:\/\/paymentdiscounter.com\/pl\/wp-json\/wp\/v2\/product\/3364"}],"collection":[{"href":"https:\/\/paymentdiscounter.com\/pl\/wp-json\/wp\/v2\/product"}],"about":[{"href":"https:\/\/paymentdiscounter.com\/pl\/wp-json\/wp\/v2\/types\/product"}],"replies":[{"embeddable":true,"href":"https:\/\/paymentdiscounter.com\/pl\/wp-json\/wp\/v2\/comments?post=3364"}],"version-history":[{"count":5,"href":"https:\/\/paymentdiscounter.com\/pl\/wp-json\/wp\/v2\/product\/3364\/revisions"}],"predecessor-version":[{"id":38206,"href":"https:\/\/paymentdiscounter.com\/pl\/wp-json\/wp\/v2\/product\/3364\/revisions\/38206"}],"wp:featuredmedia":[{"embeddable":true,"href":"https:\/\/paymentdiscounter.com\/pl\/wp-json\/wp\/v2\/media\/9815"}],"wp:attachment":[{"href":"https:\/\/paymentdiscounter.com\/pl\/wp-json\/wp\/v2\/media?parent=3364"}],"wp:term":[{"taxonomy":"product_cat","embeddable":true,"href":"https:\/\/paymentdiscounter.com\/pl\/wp-json\/wp\/v2\/product_cat?post=3364"},{"taxonomy":"product_tag","embeddable":true,"href":"https:\/\/paymentdiscounter.com\/pl\/wp-json\/wp\/v2\/product_tag?post=3364"}],"curies":[{"name":"wp","href":"https:\/\/api.w.org\/{rel}","templated":true}]}}