{"id":33400,"date":"2024-09-20T20:01:02","date_gmt":"2024-09-20T20:01:02","guid":{"rendered":"https:\/\/paymentdiscounter.com\/?post_type=product&#038;p=33400"},"modified":"2026-03-20T22:41:09","modified_gmt":"2026-03-20T22:41:09","slug":"kabura-castles-s1f4-pro","status":"publish","type":"product","link":"https:\/\/paymentdiscounter.com\/pl\/produkt\/kabura-castles-s1f4-pro\/","title":{"rendered":"Kabura Castles S1F4 PRO"},"content":{"rendered":"<p>Ten lekki pokrowiec zapewnia bezpiecze\u0144stwo i dost\u0119p do terminala p\u0142atniczego Castles S1F4 PRO. Wykonana z wysokiej jako\u015bci materia\u0142u Cordura\u00ae, wa\u017cy zaledwie 75 g, zapewniaj\u0105c jednocze\u015bnie doskona\u0142\u0105 odporno\u015b\u0107 na rozdarcia i trwa\u0142o\u015b\u0107 podczas intensywnego codziennego u\u017cytkowania. Doskonale sprawdza si\u0119 w handlu detalicznym, hotelarstwie i logistyce. Kabura \u0142\u0105czy w sobie wytrzyma\u0142o\u015b\u0107, wygod\u0119 i funkcjonalno\u015b\u0107.<\/p>\n<p>Dostosowany do standardowych modeli terminali p\u0142atniczych, zawiera dyskretny system zapinania na rzep, wygodny zintegrowany uchwyt na d\u0142ugopis i opcjonaln\u0105 kompatybilno\u015b\u0107 z paskiem na rami\u0119 do elastycznego przenoszenia. Obj\u0119ty 5-letni\u0105 gwarancj\u0105.<\/p>\n<ul>\n<li>Cordura\u00ae klasy premium: 5 lat gwarancji<\/li>\n<li>Ultralekka konstrukcja: Tylko 75 g<\/li>\n<li>Praktyczny zintegrowany uchwyt na d\u0142ugopis<\/li>\n<li>Dyskretny system zapinania na rzep<\/li>\n<li>Opcjonalny pasek na rami\u0119 gotowy<\/li>\n<li>Zaprojektowany, aby pasowa\u0142 do tradycyjnych modeli terminali<\/li>\n<\/ul>","protected":false},"excerpt":{"rendered":"<p>Kabura Castles S1F4 PRO zapewnia bezpieczny i niewymagaj\u0105cy u\u017cycia r\u0105k spos\u00f3b przenoszenia terminala p\u0142atniczego w kawiarniach i restauracjach. Wykonana z wysokiej jako\u015bci materia\u0142u Cordura\u00ae i wa\u017c\u0105ca zaledwie 75 gram\u00f3w.<\/p>\n<p>Kabura posiada wytrzyma\u0142y pasek na pasek, opcjonaln\u0105 kompatybilno\u015b\u0107 z paskiem na rami\u0119 i jest obj\u0119ta niezawodn\u0105 5-letni\u0105 gwarancj\u0105.<\/p>\n<ul>\n<li>Wysokiej jako\u015bci materia\u0142 Cordura<\/li>\n<li>W zestawie wytrzyma\u0142y pasek<\/li>\n<li>Wyj\u0105tkowa lekko\u015b\u0107: Tylko 75 g<\/li>\n<li>Opcjonalny kompatybilny pasek na rami\u0119<\/li>\n<li>5-letnia gwarancja w zestawie<\/li>\n<\/ul>","protected":false},"featured_media":37849,"comment_status":"closed","ping_status":"closed","template":"","meta":[],"product_cat":[1550,3558],"product_tag":[3335,3584,3559,702,3562,3585,3560,3582],"acf":[],"_links":{"self":[{"href":"https:\/\/paymentdiscounter.com\/pl\/wp-json\/wp\/v2\/product\/33400"}],"collection":[{"href":"https:\/\/paymentdiscounter.com\/pl\/wp-json\/wp\/v2\/product"}],"about":[{"href":"https:\/\/paymentdiscounter.com\/pl\/wp-json\/wp\/v2\/types\/product"}],"replies":[{"embeddable":true,"href":"https:\/\/paymentdiscounter.com\/pl\/wp-json\/wp\/v2\/comments?post=33400"}],"version-history":[{"count":8,"href":"https:\/\/paymentdiscounter.com\/pl\/wp-json\/wp\/v2\/product\/33400\/revisions"}],"predecessor-version":[{"id":37852,"href":"https:\/\/paymentdiscounter.com\/pl\/wp-json\/wp\/v2\/product\/33400\/revisions\/37852"}],"wp:featuredmedia":[{"embeddable":true,"href":"https:\/\/paymentdiscounter.com\/pl\/wp-json\/wp\/v2\/media\/37849"}],"wp:attachment":[{"href":"https:\/\/paymentdiscounter.com\/pl\/wp-json\/wp\/v2\/media?parent=33400"}],"wp:term":[{"taxonomy":"product_cat","embeddable":true,"href":"https:\/\/paymentdiscounter.com\/pl\/wp-json\/wp\/v2\/product_cat?post=33400"},{"taxonomy":"product_tag","embeddable":true,"href":"https:\/\/paymentdiscounter.com\/pl\/wp-json\/wp\/v2\/product_tag?post=33400"}],"curies":[{"name":"wp","href":"https:\/\/api.w.org\/{rel}","templated":true}]}}