{"id":33398,"date":"2024-09-20T19:58:14","date_gmt":"2024-09-20T19:58:14","guid":{"rendered":"https:\/\/paymentdiscounter.com\/?post_type=product&#038;p=33398"},"modified":"2025-04-08T22:27:03","modified_gmt":"2025-04-08T22:27:03","slug":"castles-s1f4-pro-screenprotector","status":"publish","type":"product","link":"https:\/\/paymentdiscounter.com\/pl\/produkt\/castles-s1f4-pro-screenprotector\/","title":{"rendered":"Castles S1F4 PRO Screenprotector"},"content":{"rendered":"<p><strong>Je\u015bli korzystasz z mobilnego terminala p\u0142atniczego, naturalnie b\u0119dziesz chcia\u0142 chroni\u0107 go przed wypadkami i uszkodzeniami. Screenprotector Castles S1F4 PRO zapewnia dodatkow\u0105 ochron\u0119 bez uszczerbku dla funkcjonalno\u015bci.<\/strong><\/p>\n<p>Ochraniacz ekranu Castles S1F4 PRO<br \/>\nOchrona ekranu Castles S1F4 PRO jest wysoce odporna na zarysowania i \u0142atwa w aplikacji. Posiada pow\u0142ok\u0119 zapobiegaj\u0105c\u0105 pozostawianiu odcisk\u00f3w palc\u00f3w, dzi\u0119ki czemu mo\u017cna \u0142atwo usun\u0105\u0107 smugi i zabrudzenia. Dzia\u0142a r\u00f3wnie\u017c bezproblemowo z ekranem dotykowym.<\/p>\n<p><strong>Korzy\u015bci z ochraniacza ekranu<\/strong><br \/>\nInnowacyjna warstwa kleju pozwala na \u0142atw\u0105 aplikacj\u0119, dzi\u0119ki czemu ochrona ekranu jest wolna od p\u0119cherzyk\u00f3w powietrza.<\/p>\n<p>Os\u0142ona ekranu stanowi dodatkow\u0105 warstw\u0119 ochronn\u0105 dla cennego terminala, zabezpieczaj\u0105c ekran przed zarysowaniami i przed\u0142u\u017caj\u0105c \u017cywotno\u015b\u0107 terminala p\u0142atniczego.<\/p>\n<ul>\n<li>Krystalicznie czysty<\/li>\n<li>Twarda pow\u0142oka<\/li>\n<li>Odporny na zabrudzenia<\/li>\n<li>\u0141atwy monta\u017c i demonta\u017c<\/li>\n<\/ul>","protected":false},"excerpt":{"rendered":"<p>S1F4 Pro ma dwa ekrany. Ekran g\u0142\u00f3wny, ale tak\u017ce ekran NFC z przodu. Dost\u0119pne s\u0105 2 rodzaje ochraniaczy ekranu.<\/p>\n<ul>\n<li><strong>Wersja 1<\/strong> to model standardowy<\/li>\n<li><strong>Wersja 2<\/strong> obejmuje <strong>Ochraniacz ekranu NFC<\/strong> dla optymalnej ochrony.<\/li>\n<\/ul>\n<p>&nbsp;<\/p>","protected":false},"featured_media":33424,"comment_status":"closed","ping_status":"closed","template":"","meta":[],"product_cat":[1550,3558],"product_tag":[3335,3559,3583,3562,3560,3582,762],"acf":[],"_links":{"self":[{"href":"https:\/\/paymentdiscounter.com\/pl\/wp-json\/wp\/v2\/product\/33398"}],"collection":[{"href":"https:\/\/paymentdiscounter.com\/pl\/wp-json\/wp\/v2\/product"}],"about":[{"href":"https:\/\/paymentdiscounter.com\/pl\/wp-json\/wp\/v2\/types\/product"}],"replies":[{"embeddable":true,"href":"https:\/\/paymentdiscounter.com\/pl\/wp-json\/wp\/v2\/comments?post=33398"}],"version-history":[{"count":17,"href":"https:\/\/paymentdiscounter.com\/pl\/wp-json\/wp\/v2\/product\/33398\/revisions"}],"predecessor-version":[{"id":35777,"href":"https:\/\/paymentdiscounter.com\/pl\/wp-json\/wp\/v2\/product\/33398\/revisions\/35777"}],"wp:featuredmedia":[{"embeddable":true,"href":"https:\/\/paymentdiscounter.com\/pl\/wp-json\/wp\/v2\/media\/33424"}],"wp:attachment":[{"href":"https:\/\/paymentdiscounter.com\/pl\/wp-json\/wp\/v2\/media?parent=33398"}],"wp:term":[{"taxonomy":"product_cat","embeddable":true,"href":"https:\/\/paymentdiscounter.com\/pl\/wp-json\/wp\/v2\/product_cat?post=33398"},{"taxonomy":"product_tag","embeddable":true,"href":"https:\/\/paymentdiscounter.com\/pl\/wp-json\/wp\/v2\/product_tag?post=33398"}],"curies":[{"name":"wp","href":"https:\/\/api.w.org\/{rel}","templated":true}]}}