{"id":33211,"date":"2024-09-03T16:35:10","date_gmt":"2024-09-03T16:35:10","guid":{"rendered":"https:\/\/paymentdiscounter.com\/?post_type=product&#038;p=33211"},"modified":"2025-09-17T11:18:02","modified_gmt":"2025-09-17T11:18:02","slug":"kabura-sunmi-p3","status":"publish","type":"product","link":"https:\/\/paymentdiscounter.com\/pl\/produkt\/kabura-sunmi-p3\/","title":{"rendered":"Sunmi P3 Pouch Holster"},"content":{"rendered":"<p><strong>Sunmi P3 Pouch Holster<\/strong><\/p>\n<p>Kabura Sunmi P3 Pouch Holster zosta\u0142a zaprojektowana dla profesjonalist\u00f3w, kt\u00f3rzy potrzebuj\u0105 smuk\u0142ego terminala p\u0142atniczego lub mobilnego urz\u0105dzenia POS w zasi\u0119gu r\u0119ki. Wykonana z wytrzyma\u0142ej tkaniny Cordura\u00ae zapewnia wyj\u0105tkow\u0105 wytrzyma\u0142o\u015b\u0107 i jest do dziesi\u0119ciu razy bardziej odporna na zu\u017cycie ni\u017c standardowe tkaniny. Idealny do intensywnego codziennego u\u017cytkowania w trudnych warunkach.<\/p>\n<p>\ud83d\udd39 <strong>Lekki jak pi\u00f3rko komfort:<\/strong> Przy wadze zaledwie 46 gram\u00f3w jest ledwo zauwa\u017calny podczas noszenia.<br \/>\n\ud83d\udd39 <strong>Indywidualne dopasowanie:<\/strong> Zaprojektowany dla smuk\u0142ych i p\u0142askich urz\u0105dze\u0144 p\u0142atniczych.<br \/>\n\ud83d\udd39 <strong>Elastyczny pasek bezpiecze\u0144stwa:<\/strong> Zapobiega wy\u015blizgni\u0119ciom i zabezpiecza urz\u0105dzenie.<br \/>\n\ud83d\udd39 <strong>Konstrukcja zapewniaj\u0105ca szybki dost\u0119p:<\/strong> Bezproblemowe wk\u0142adanie i wyjmowanie terminala.<br \/>\n\ud83d\udd39 <strong>Wbudowany uchwyt na d\u0142ugopis:<\/strong> Zawsze trzymaj d\u0142ugopis w pogotowiu.<br \/>\n\ud83d\udd39 <strong>Klips do paska i p\u0119tla:<\/strong> Regulowane zapi\u0119cie do natychmiastowego u\u017cycia.<br \/>\n\ud83d\udd39 <strong>5 lat gwarancji:<\/strong> Niezawodny, odporny na rozdarcia i trwa\u0142y.<\/p>\n<p>Niezale\u017cnie od tego, czy chodzi o handel detaliczny, logistyk\u0119 czy operacje w terenie, kabura Sunmi P3 Pouch \u0142\u0105czy w sobie trwa\u0142o\u015b\u0107, wygod\u0119 i bezpieczne przenoszenie w jednym profesjonalnym akcesorium.<\/p>","protected":false},"excerpt":{"rendered":"<p>Kabura Sunmi P3 Pouch Holster zapewnia bezpieczny i wygodny spos\u00f3b przenoszenia p\u0142askich terminali p\u0142atniczych w kawiarniach, restauracjach lub magazynach. Przy wadze zaledwie 46 gram\u00f3w jest wyj\u0105tkowo lekka, a jednocze\u015bnie zapewnia du\u017c\u0105 odporno\u015b\u0107 na rozdarcia, d\u0142ug\u0105 \u017cywotno\u015b\u0107 i niezawodn\u0105 codzienn\u0105 ochron\u0119. Ta kabura zwi\u0119ksza komfort, jednocze\u015bnie zapewniaj\u0105c bezpiecze\u0144stwo i sta\u0142y dost\u0119p do urz\u0105dzenia.<\/p>\n<ul>\n<li>Obj\u0119ty 5-letni\u0105 gwarancj\u0105<\/li>\n<li>W komplecie z pasem biodrowym<\/li>\n<li>Zaprojektowany dla smuk\u0142ych i p\u0142askich terminali p\u0142atniczych<\/li>\n<li>Ultralekka - tylko 46 g<\/li>\n<li>Elastyczny pasek zapewnia dodatkowe bezpiecze\u0144stwo urz\u0105dzenia<\/li>\n<li>Wbudowany uchwyt na d\u0142ugopis dla codziennej wygody<\/li>\n<\/ul>","protected":false},"featured_media":37614,"comment_status":"closed","ping_status":"closed","template":"","meta":[],"product_cat":[1555,3500],"product_tag":[3502,3543,3537,3547,3536,1874,2704,3522,3501,3538,3539,3505,3504],"acf":[],"_links":{"self":[{"href":"https:\/\/paymentdiscounter.com\/pl\/wp-json\/wp\/v2\/product\/33211"}],"collection":[{"href":"https:\/\/paymentdiscounter.com\/pl\/wp-json\/wp\/v2\/product"}],"about":[{"href":"https:\/\/paymentdiscounter.com\/pl\/wp-json\/wp\/v2\/types\/product"}],"replies":[{"embeddable":true,"href":"https:\/\/paymentdiscounter.com\/pl\/wp-json\/wp\/v2\/comments?post=33211"}],"version-history":[{"count":7,"href":"https:\/\/paymentdiscounter.com\/pl\/wp-json\/wp\/v2\/product\/33211\/revisions"}],"predecessor-version":[{"id":37621,"href":"https:\/\/paymentdiscounter.com\/pl\/wp-json\/wp\/v2\/product\/33211\/revisions\/37621"}],"wp:featuredmedia":[{"embeddable":true,"href":"https:\/\/paymentdiscounter.com\/pl\/wp-json\/wp\/v2\/media\/37614"}],"wp:attachment":[{"href":"https:\/\/paymentdiscounter.com\/pl\/wp-json\/wp\/v2\/media?parent=33211"}],"wp:term":[{"taxonomy":"product_cat","embeddable":true,"href":"https:\/\/paymentdiscounter.com\/pl\/wp-json\/wp\/v2\/product_cat?post=33211"},{"taxonomy":"product_tag","embeddable":true,"href":"https:\/\/paymentdiscounter.com\/pl\/wp-json\/wp\/v2\/product_tag?post=33211"}],"curies":[{"name":"wp","href":"https:\/\/api.w.org\/{rel}","templated":true}]}}