{"id":33204,"date":"2024-09-03T15:11:49","date_gmt":"2024-09-03T15:11:49","guid":{"rendered":"https:\/\/paymentdiscounter.com\/?post_type=product&#038;p=33204"},"modified":"2026-05-13T11:12:26","modified_gmt":"2026-05-13T11:12:26","slug":"oslona-ekranu-sunmi-p3","status":"publish","type":"product","link":"https:\/\/paymentdiscounter.com\/pl\/produkt\/oslona-ekranu-sunmi-p3\/","title":{"rendered":"Sunmi P3 Screenprotector"},"content":{"rendered":"<p><strong>Sunmi P3 Screen Protector<\/strong><br \/>\nLepsza ochrona ekranu dzi\u0119ki os\u0142onie Sunmi P3 Screen Protector. Zaprojektowany z my\u015bl\u0105 o wysokiej odporno\u015bci na zarysowania i \u0142atwej aplikacji. Jego pow\u0142oka chroni\u0105ca przed odciskami palc\u00f3w utrzymuje ekran w czysto\u015bci, zachowuj\u0105c pe\u0142n\u0105 funkcjonalno\u015b\u0107 ekranu dotykowego.<\/p>\n<p><strong>Korzy\u015bci z wyboru tego ochraniacza ekranu<\/strong><br \/>\nDzi\u0119ki zaawansowanej warstwie samoprzylepnej nak\u0142adanie ochraniacza ekranu Sunmi P3 jest dziecinnie proste, gwarantuj\u0105c g\u0142adkie wyko\u0144czenie bez p\u0119cherzyk\u00f3w powietrza za ka\u017cdym razem.<\/p>","protected":false},"excerpt":{"rendered":"<p>Zabezpieczenie mobilnego terminala p\u0142atniczego przed wypadkami i uszkodzeniami za pomoc\u0105 os\u0142ony ekranu Sunmi P3 to m\u0105dry wyb\u00f3r. Ta os\u0142ona ekranu zapewnia solidn\u0105 ochron\u0119 przy zachowaniu pe\u0142nej funkcjonalno\u015bci. Chroni ekran przed zarysowaniami i wyd\u0142u\u017ca \u017cywotno\u015b\u0107 terminala.<\/p>\n<p><strong>Cechy:<\/strong><\/p>\n<ul>\n<li>Krystalicznie czysta widoczno\u015b\u0107<\/li>\n<li>Twarda pow\u0142oka zapewniaj\u0105ca trwa\u0142o\u015b\u0107<\/li>\n<li>Odporny na zabrudzenia<\/li>\n<li>\u0141atwy monta\u017c i demonta\u017c<\/li>\n<\/ul>","protected":false},"featured_media":33205,"comment_status":"closed","ping_status":"closed","template":"","meta":[],"product_cat":[1555,3500],"product_tag":[3502,3543,3537,3536,762,1874,2704,3538,3539],"acf":[],"_links":{"self":[{"href":"https:\/\/paymentdiscounter.com\/pl\/wp-json\/wp\/v2\/product\/33204"}],"collection":[{"href":"https:\/\/paymentdiscounter.com\/pl\/wp-json\/wp\/v2\/product"}],"about":[{"href":"https:\/\/paymentdiscounter.com\/pl\/wp-json\/wp\/v2\/types\/product"}],"replies":[{"embeddable":true,"href":"https:\/\/paymentdiscounter.com\/pl\/wp-json\/wp\/v2\/comments?post=33204"}],"version-history":[{"count":6,"href":"https:\/\/paymentdiscounter.com\/pl\/wp-json\/wp\/v2\/product\/33204\/revisions"}],"predecessor-version":[{"id":39415,"href":"https:\/\/paymentdiscounter.com\/pl\/wp-json\/wp\/v2\/product\/33204\/revisions\/39415"}],"wp:featuredmedia":[{"embeddable":true,"href":"https:\/\/paymentdiscounter.com\/pl\/wp-json\/wp\/v2\/media\/33205"}],"wp:attachment":[{"href":"https:\/\/paymentdiscounter.com\/pl\/wp-json\/wp\/v2\/media?parent=33204"}],"wp:term":[{"taxonomy":"product_cat","embeddable":true,"href":"https:\/\/paymentdiscounter.com\/pl\/wp-json\/wp\/v2\/product_cat?post=33204"},{"taxonomy":"product_tag","embeddable":true,"href":"https:\/\/paymentdiscounter.com\/pl\/wp-json\/wp\/v2\/product_tag?post=33204"}],"curies":[{"name":"wp","href":"https:\/\/api.w.org\/{rel}","templated":true}]}}