{"id":31878,"date":"2024-07-26T13:11:11","date_gmt":"2024-07-26T13:11:11","guid":{"rendered":"https:\/\/paymentdiscounter.com\/?post_type=product&#038;p=31878"},"modified":"2024-12-14T16:32:10","modified_gmt":"2024-12-14T16:32:10","slug":"verifone-t650p-bateria","status":"publish","type":"product","link":"https:\/\/paymentdiscounter.com\/pl\/produkt\/verifone-t650p-bateria\/","title":{"rendered":"Bateria Verifone T650p"},"content":{"rendered":"<p>Verifone T650p spe\u0142nia najnowsze wymagania bezpiecze\u0144stwa i nadaje si\u0119 do p\u0142atno\u015bci zbli\u017ceniowych oraz akceptacji kod\u00f3w QR.<\/p>\n<p><strong>Bateria<\/strong><br \/>\nNumer cz\u0119\u015bci: SX18650-2S1P<\/p>","protected":false},"excerpt":{"rendered":"<p>Je\u015bli masz problemy z \u0142adowaniem baterii Verifone T650p, mo\u017ce by\u0107 konieczna jej wymiana. Bateria T650p jest \u0142atwa do wymiany i samodzielnego pod\u0142\u0105czenia. Jej kompaktowy rozmiar u\u0142atwia przenoszenie i u\u017cywanie jako zapasowej baterii.<\/p>","protected":false},"featured_media":31879,"comment_status":"closed","ping_status":"closed","template":"","meta":[],"product_cat":[791,1601],"product_tag":[681,3374,3373,3372,776,3338,867,1786,3371],"acf":[],"_links":{"self":[{"href":"https:\/\/paymentdiscounter.com\/pl\/wp-json\/wp\/v2\/product\/31878"}],"collection":[{"href":"https:\/\/paymentdiscounter.com\/pl\/wp-json\/wp\/v2\/product"}],"about":[{"href":"https:\/\/paymentdiscounter.com\/pl\/wp-json\/wp\/v2\/types\/product"}],"replies":[{"embeddable":true,"href":"https:\/\/paymentdiscounter.com\/pl\/wp-json\/wp\/v2\/comments?post=31878"}],"version-history":[{"count":6,"href":"https:\/\/paymentdiscounter.com\/pl\/wp-json\/wp\/v2\/product\/31878\/revisions"}],"predecessor-version":[{"id":35164,"href":"https:\/\/paymentdiscounter.com\/pl\/wp-json\/wp\/v2\/product\/31878\/revisions\/35164"}],"wp:featuredmedia":[{"embeddable":true,"href":"https:\/\/paymentdiscounter.com\/pl\/wp-json\/wp\/v2\/media\/31879"}],"wp:attachment":[{"href":"https:\/\/paymentdiscounter.com\/pl\/wp-json\/wp\/v2\/media?parent=31878"}],"wp:term":[{"taxonomy":"product_cat","embeddable":true,"href":"https:\/\/paymentdiscounter.com\/pl\/wp-json\/wp\/v2\/product_cat?post=31878"},{"taxonomy":"product_tag","embeddable":true,"href":"https:\/\/paymentdiscounter.com\/pl\/wp-json\/wp\/v2\/product_tag?post=31878"}],"curies":[{"name":"wp","href":"https:\/\/api.w.org\/{rel}","templated":true}]}}