{"id":29338,"date":"2024-02-25T18:37:48","date_gmt":"2024-02-25T18:37:48","guid":{"rendered":"https:\/\/paymentdiscounter.com\/?post_type=product&#038;p=29338"},"modified":"2025-05-07T12:46:50","modified_gmt":"2025-05-07T12:46:50","slug":"axium-dx8000-stacja-dokujaca-multi","status":"publish","type":"product","link":"https:\/\/paymentdiscounter.com\/pl\/produkt\/axium-dx8000-stacja-dokujaca-multi\/","title":{"rendered":"Stacja dokuj\u0105ca Axium DX8000 Multi"},"content":{"rendered":"<p>Korzystanie ze stacji bazowej terminali p\u0142atniczych mo\u017ce by\u0107 przydatne dla przedsi\u0119biorc\u00f3w, kt\u00f3rzy cz\u0119sto przetwarzaj\u0105 transakcje. Celem tej stacji dokuj\u0105cej DX8000 jest \u0142atwe \u0142adowanie terminala p\u0142atniczego bez konieczno\u015bci ci\u0105g\u0142ego pod\u0142\u0105czania zasilania do urz\u0105dzenia.<\/p>","protected":false},"excerpt":{"rendered":"<p>Korzystanie ze stacji bazowej terminali p\u0142atniczych mo\u017ce by\u0107 przydatne dla przedsi\u0119biorc\u00f3w, kt\u00f3rzy cz\u0119sto przetwarzaj\u0105 transakcje. Celem tej stacji dokuj\u0105cej DX8000 jest \u0142atwe \u0142adowanie terminala p\u0142atniczego bez konieczno\u015bci ci\u0105g\u0142ego pod\u0142\u0105czania zasilania do urz\u0105dzenia.<\/p>","protected":false},"featured_media":29342,"comment_status":"open","ping_status":"closed","template":"","meta":[],"product_cat":[705,2668],"product_tag":[3293,2662,2669,2707,690,694,2670,703,751],"acf":[],"_links":{"self":[{"href":"https:\/\/paymentdiscounter.com\/pl\/wp-json\/wp\/v2\/product\/29338"}],"collection":[{"href":"https:\/\/paymentdiscounter.com\/pl\/wp-json\/wp\/v2\/product"}],"about":[{"href":"https:\/\/paymentdiscounter.com\/pl\/wp-json\/wp\/v2\/types\/product"}],"replies":[{"embeddable":true,"href":"https:\/\/paymentdiscounter.com\/pl\/wp-json\/wp\/v2\/comments?post=29338"}],"version-history":[{"count":1,"href":"https:\/\/paymentdiscounter.com\/pl\/wp-json\/wp\/v2\/product\/29338\/revisions"}],"predecessor-version":[{"id":29343,"href":"https:\/\/paymentdiscounter.com\/pl\/wp-json\/wp\/v2\/product\/29338\/revisions\/29343"}],"wp:featuredmedia":[{"embeddable":true,"href":"https:\/\/paymentdiscounter.com\/pl\/wp-json\/wp\/v2\/media\/29342"}],"wp:attachment":[{"href":"https:\/\/paymentdiscounter.com\/pl\/wp-json\/wp\/v2\/media?parent=29338"}],"wp:term":[{"taxonomy":"product_cat","embeddable":true,"href":"https:\/\/paymentdiscounter.com\/pl\/wp-json\/wp\/v2\/product_cat?post=29338"},{"taxonomy":"product_tag","embeddable":true,"href":"https:\/\/paymentdiscounter.com\/pl\/wp-json\/wp\/v2\/product_tag?post=29338"}],"curies":[{"name":"wp","href":"https:\/\/api.w.org\/{rel}","templated":true}]}}