{"id":29330,"date":"2024-02-25T17:26:10","date_gmt":"2024-02-25T17:26:10","guid":{"rendered":"https:\/\/paymentdiscounter.com\/?post_type=product&#038;p=29330"},"modified":"2025-08-26T11:12:30","modified_gmt":"2025-08-26T11:12:30","slug":"stacja-dokujaca-castles-s1e2l","status":"publish","type":"product","link":"https:\/\/paymentdiscounter.com\/pl\/produkt\/stacja-dokujaca-castles-s1e2l\/","title":{"rendered":"Stacja dokuj\u0105ca Castles S1E2L"},"content":{"rendered":"<p>Stacja dokuj\u0105ca (znana r\u00f3wnie\u017c jako stacja bazowa) to wygodny spos\u00f3b \u0142adowania urz\u0105dze\u0144 elektronicznych.<\/p>\n<p>Jedn\u0105 z g\u0142\u00f3wnych zalet korzystania z tej stacji dokuj\u0105cej Castles jest zminimalizowanie ba\u0142aganu w miejscu pracy. Stacja dokuj\u0105ca pozwala u\u017cytkownikom na pod\u0142\u0105czenie urz\u0105dze\u0144 w jednej centralnej lokalizacji bez konieczno\u015bci r\u0119cznego pod\u0142\u0105czania terminala do \u017ar\u00f3d\u0142a zasilania. Zmniejsza to ryzyko zgubienia lub uszkodzenia kabli \u0142aduj\u0105cych i zapewnia porz\u0105dek w miejscu pracy.<\/p>\n<p><strong>Przegl\u0105d i wygoda<\/strong><br \/>\nStacja dokuj\u0105ca Castles S1E2L sprawia, \u017ce \u0142adowanie urz\u0105dze\u0144 elektronicznych jest \u0142atwiejsze, lepiej zorganizowane i bardziej wydajne. Eliminuje ba\u0142agan, zapobiega uszkodzeniom kabli, a dzi\u0119ki zastosowaniu uchwytu zawsze masz pewno\u015b\u0107, \u017ce bateria jest pe\u0142na.<\/p>\n<p>Idealny dla ka\u017cdego przedsi\u0119biorcy poszukuj\u0105cego usprawnionego i zaawansowanego rozwi\u0105zania do \u0142adowania.<\/p>\n<ul>\n<li>Mo\u017ce by\u0107 u\u017cywany z lub bez os\u0142ony ochronnej<\/li>\n<li>Ta stacja bazowa zosta\u0142a zaprojektowana do dzia\u0142ania z obudow\u0105 ochronn\u0105 S1E2L lub bez niej<\/li>\n<\/ul>","protected":false},"excerpt":{"rendered":"<p>Stacja dokuj\u0105ca Castles S1E2L sprawia, \u017ce \u0142adowanie urz\u0105dze\u0144 elektronicznych jest \u0142atwiejsze, lepiej zorganizowane i bardziej wydajne. Eliminuje ba\u0142agan, zapobiega uszkodzeniom kabli, a dzi\u0119ki zastosowaniu uchwytu zawsze masz pewno\u015b\u0107, \u017ce bateria jest pe\u0142na.<\/p>\n<p>\u0141atwy w u\u017cyciu w po\u0142\u0105czeniu z os\u0142on\u0105 ochronn\u0105 S1E2L bez konieczno\u015bci zdejmowania os\u0142ony.<\/p>","protected":false},"featured_media":29332,"comment_status":"open","ping_status":"closed","template":"","meta":[],"product_cat":[1550,3279],"product_tag":[3290,2707,1857,3335,3281,690,694,751,3417,3282,3337],"acf":[],"_links":{"self":[{"href":"https:\/\/paymentdiscounter.com\/pl\/wp-json\/wp\/v2\/product\/29330"}],"collection":[{"href":"https:\/\/paymentdiscounter.com\/pl\/wp-json\/wp\/v2\/product"}],"about":[{"href":"https:\/\/paymentdiscounter.com\/pl\/wp-json\/wp\/v2\/types\/product"}],"replies":[{"embeddable":true,"href":"https:\/\/paymentdiscounter.com\/pl\/wp-json\/wp\/v2\/comments?post=29330"}],"version-history":[{"count":7,"href":"https:\/\/paymentdiscounter.com\/pl\/wp-json\/wp\/v2\/product\/29330\/revisions"}],"predecessor-version":[{"id":36806,"href":"https:\/\/paymentdiscounter.com\/pl\/wp-json\/wp\/v2\/product\/29330\/revisions\/36806"}],"wp:featuredmedia":[{"embeddable":true,"href":"https:\/\/paymentdiscounter.com\/pl\/wp-json\/wp\/v2\/media\/29332"}],"wp:attachment":[{"href":"https:\/\/paymentdiscounter.com\/pl\/wp-json\/wp\/v2\/media?parent=29330"}],"wp:term":[{"taxonomy":"product_cat","embeddable":true,"href":"https:\/\/paymentdiscounter.com\/pl\/wp-json\/wp\/v2\/product_cat?post=29330"},{"taxonomy":"product_tag","embeddable":true,"href":"https:\/\/paymentdiscounter.com\/pl\/wp-json\/wp\/v2\/product_tag?post=29330"}],"curies":[{"name":"wp","href":"https:\/\/api.w.org\/{rel}","templated":true}]}}