{"id":29313,"date":"2024-02-22T22:25:53","date_gmt":"2024-02-22T22:25:53","guid":{"rendered":"https:\/\/paymentdiscounter.com\/?post_type=product&#038;p=29313"},"modified":"2025-11-19T11:24:16","modified_gmt":"2025-11-19T11:24:16","slug":"etui-ochronne-castles-s1e2l","status":"publish","type":"product","link":"https:\/\/paymentdiscounter.com\/pl\/produkt\/etui-ochronne-castles-s1e2l\/","title":{"rendered":"Etui ochronne Castles S1E2L"},"content":{"rendered":"<p><strong>Zwi\u0119kszona ochrona<br \/>\n<\/strong>Chro\u0144 sw\u00f3j mobilny terminal p\u0142atniczy za pomoc\u0105 wytrzyma\u0142ego pokrowca ochronnego Castles S1E2L. Zaprojektowany z ulepszonymi funkcjami przyjaznymi dla u\u017cytkownika, ten pokrowiec jest idealny dla r\u00f3\u017cnych bran\u017c, takich jak handel detaliczny, hotelarstwo i opieka zdrowotna.<\/p>\n<p><strong>Dost\u0119p do wszystkich funkcji terminala<\/strong><\/p>\n<ul>\n<li>Chroni mobilne urz\u0105dzenie p\u0142atnicze na wszystkich rogach i bokach<\/li>\n<li>Zapobiega kosztownym naprawom i zapewnia dodatkow\u0105 ochron\u0119 przed upadkami, zadrapaniami i zu\u017cyciem.<\/li>\n<li>Mo\u017ce by\u0107 u\u017cywany w po\u0142\u0105czeniu ze stacj\u0105 dokuj\u0105c\u0105 Castles<\/li>\n<li>Wyposa\u017cony w wyci\u0119cia do u\u017cycia smyczy lub p\u0119tli do przenoszenia.<\/li>\n<li>\u0141atwa instalacja bez u\u017cycia narz\u0119dzi<\/li>\n<li>Bezpiecze\u0144stwo i funkcjonalno\u015b\u0107<\/li>\n<\/ul>\n<p>Etui Castles S1E2L zapewnia nie tylko doskona\u0142\u0105 ochron\u0119, ale tak\u017ce pe\u0142ny dost\u0119p do wszystkich funkcji mobilnego terminala p\u0142atniczego. Niezale\u017cnie od tego, czy jeste\u015b w ruchliwym \u015brodowisku detalicznym, w t\u0119tni\u0105cym \u017cyciem obiekcie gastronomicznym, czy na imprezie lub targu, to etui ochronne zapewnia, \u017ce Twoje urz\u0105dzenie pozostaje bezpieczne i sprawne.<\/p>\n<p><strong>\u0141atwa instalacja i u\u017cytkowanie<br \/>\n<\/strong>Ten pokrowiec ochronny Castles zosta\u0142 zaprojektowany z my\u015bl\u0105 o wygodzie. Dzi\u0119ki prostej instalacji bez u\u017cycia narz\u0119dzi mo\u017cna szybko i bez wysi\u0142ku chroni\u0107 swoje mobilne urz\u0105dzenie p\u0142atnicze. Ponadto p\u0119tle na pokrywie zapewniaj\u0105 dodatkowe bezpiecze\u0144stwo podczas transportu urz\u0105dzenia.<\/p>\n<p><strong>Chro\u0144 swoj\u0105 inwestycj\u0119<\/strong><br \/>\nZainwestuj w ochron\u0119 swojego mobilnego terminala p\u0142atniczego dzi\u0119ki etui Castles S1E2L. Dzi\u0119ki wytrzyma\u0142ej konstrukcji i zwi\u0119kszonej funkcjonalno\u015bci pokrowiec ten oferuje idealne po\u0142\u0105czenie bezpiecze\u0144stwa i wygody.<\/p>","protected":false},"excerpt":{"rendered":"<p>Chro\u0144 sw\u00f3j mobilny terminal p\u0142atniczy za pomoc\u0105 wytrzyma\u0142ego pokrowca ochronnego Castles S1E2L. Zaprojektowany z ulepszonymi funkcjami przyjaznymi dla u\u017cytkownika, ten pokrowiec jest idealny dla firm cateringowych, kawiarni, restauracji i przedsi\u0119biorc\u00f3w, kt\u00f3rych cz\u0119sto mo\u017cna spotka\u0107 na targach lub imprezach.<\/p>\n<ul>\n<li>Mo\u017ce by\u0107 u\u017cywany w po\u0142\u0105czeniu ze stacj\u0105 dokuj\u0105c\u0105 Castles<\/li>\n<li>Optymalna ochrona ze wszystkich stron terminala<\/li>\n<li>Zapewnia dodatkow\u0105 ochron\u0119 przed upadkami, zadrapaniami i zu\u017cyciem<\/li>\n<li>\u0141atwa instalacja bez u\u017cycia narz\u0119dzi<\/li>\n<\/ul>","protected":false},"featured_media":29314,"comment_status":"closed","ping_status":"closed","template":"","meta":[],"product_cat":[1550,3279],"product_tag":[3280,3840,901,1857,3285,3281,3284,891,735,3844,996,3417,3282,3283],"acf":[],"_links":{"self":[{"href":"https:\/\/paymentdiscounter.com\/pl\/wp-json\/wp\/v2\/product\/29313"}],"collection":[{"href":"https:\/\/paymentdiscounter.com\/pl\/wp-json\/wp\/v2\/product"}],"about":[{"href":"https:\/\/paymentdiscounter.com\/pl\/wp-json\/wp\/v2\/types\/product"}],"replies":[{"embeddable":true,"href":"https:\/\/paymentdiscounter.com\/pl\/wp-json\/wp\/v2\/comments?post=29313"}],"version-history":[{"count":7,"href":"https:\/\/paymentdiscounter.com\/pl\/wp-json\/wp\/v2\/product\/29313\/revisions"}],"predecessor-version":[{"id":36163,"href":"https:\/\/paymentdiscounter.com\/pl\/wp-json\/wp\/v2\/product\/29313\/revisions\/36163"}],"wp:featuredmedia":[{"embeddable":true,"href":"https:\/\/paymentdiscounter.com\/pl\/wp-json\/wp\/v2\/media\/29314"}],"wp:attachment":[{"href":"https:\/\/paymentdiscounter.com\/pl\/wp-json\/wp\/v2\/media?parent=29313"}],"wp:term":[{"taxonomy":"product_cat","embeddable":true,"href":"https:\/\/paymentdiscounter.com\/pl\/wp-json\/wp\/v2\/product_cat?post=29313"},{"taxonomy":"product_tag","embeddable":true,"href":"https:\/\/paymentdiscounter.com\/pl\/wp-json\/wp\/v2\/product_tag?post=29313"}],"curies":[{"name":"wp","href":"https:\/\/api.w.org\/{rel}","templated":true}]}}