{"id":29288,"date":"2024-02-22T14:00:58","date_gmt":"2024-02-22T14:00:58","guid":{"rendered":"https:\/\/paymentdiscounter.com\/?post_type=product&#038;p=29288"},"modified":"2025-12-11T09:52:52","modified_gmt":"2025-12-11T09:52:52","slug":"etui-ochronne-castles-s1f2","status":"publish","type":"product","link":"https:\/\/paymentdiscounter.com\/pl\/produkt\/etui-ochronne-castles-s1f2\/","title":{"rendered":"Castles S1F2 Etui ochronne"},"content":{"rendered":"<p><strong>Zwi\u0119kszona ochrona mobilnych terminali p\u0142atniczych<br \/>\n<\/strong>Chro\u0144 sw\u00f3j mobilny terminal p\u0142atniczy za pomoc\u0105 wytrzyma\u0142ego pokrowca ochronnego Castles S1F2. Zaprojektowany z ulepszonymi funkcjami przyjaznymi dla u\u017cytkownika, ten pokrowiec jest idealny dla r\u00f3\u017cnych bran\u017c, takich jak handel detaliczny, hotelarstwo i opieka zdrowotna.<\/p>\n<p><strong>Dost\u0119p do wszystkich funkcji terminala<\/strong><\/p>\n<ul>\n<li>Chroni mobilne urz\u0105dzenie p\u0142atnicze na wszystkich rogach i bokach<\/li>\n<li>Zapobiega kosztownym naprawom i zapewnia dodatkow\u0105 ochron\u0119 przed upadkami, zadrapaniami i zu\u017cyciem.<\/li>\n<li>Mo\u017ce by\u0107 u\u017cywany w po\u0142\u0105czeniu ze stacj\u0105 dokuj\u0105c\u0105 Castles<\/li>\n<li>Wyposa\u017cony w wyci\u0119cia do u\u017cycia smyczy lub p\u0119tli do przenoszenia.<\/li>\n<li>\u0141atwa instalacja bez u\u017cycia narz\u0119dzi<\/li>\n<li>Bezpiecze\u0144stwo i funkcjonalno\u015b\u0107<\/li>\n<\/ul>\n<p>Etui Castles S1F2 zapewnia nie tylko doskona\u0142\u0105 ochron\u0119, ale tak\u017ce pe\u0142ny dost\u0119p do wszystkich funkcji mobilnego terminala p\u0142atniczego. Niezale\u017cnie od tego, czy jeste\u015b w ruchliwym \u015brodowisku detalicznym, w t\u0119tni\u0105cym \u017cyciem obiekcie gastronomicznym, czy na imprezie lub targu, to etui ochronne zapewnia, \u017ce Twoje urz\u0105dzenie pozostaje bezpieczne i sprawne.<\/p>\n<p><strong>Sprzeda\u017c detaliczna<\/strong><br \/>\nW \u015brodowisku handlu detalicznego mobilny terminal p\u0142atniczy jest niezb\u0119dnym narz\u0119dziem do przeprowadzania transakcji na hali sprzeda\u017cy. Etui ochronne Havis S1F2 umo\u017cliwia sprzedawcom bezpieczne przyjmowanie p\u0142atno\u015bci. Nawet w godzinach szczytu. Pokrowiec ochronny zapewnia dodatkow\u0105 przyczepno\u015b\u0107 i pomaga zapobiega\u0107 uszkodzeniom podczas codziennego u\u017cytkowania.<\/p>\n<p><strong>Go\u015bcinno\u015b\u0107<\/strong><br \/>\nMobilno\u015b\u0107 ma ogromne znaczenie w sektorze hotelarskim. Dzi\u0119ki os\u0142onie ochronnej Castles S1F2 pracownicy mog\u0105 bezpiecznie i wydajnie obs\u0142ugiwa\u0107 p\u0142atno\u015bci. Nawet w gor\u0105czkowym \u015brodowisku, takim jak ruchliwa restauracja lub kawiarnia. Os\u0142ona chroni urz\u0105dzenie przed uszkodzeniami spowodowanymi przez ciecze, uderzeniami i innymi zdarzeniami, kt\u00f3re mog\u0105 wyst\u0105pi\u0107 podczas pracy.<\/p>\n<p><strong>\u0141atwa instalacja i u\u017cytkowanie<br \/>\n<\/strong>Os\u0142ona ochronna Castles zosta\u0142a zaprojektowana z my\u015bl\u0105 o wygodzie. Dzi\u0119ki prostej instalacji bez u\u017cycia narz\u0119dzi mo\u017cna szybko i bez wysi\u0142ku chroni\u0107 mobilny terminal p\u0142atniczy. Bez k\u0142opot\u00f3w i op\u00f3\u017anie\u0144. Ponadto p\u0119tle na pokrywie zapewniaj\u0105 dodatkowe bezpiecze\u0144stwo podczas transportu urz\u0105dzenia.<\/p>\n<p><strong>Chro\u0144 swoj\u0105 inwestycj\u0119<\/strong><br \/>\nZainwestuj w ochron\u0119 swojego mobilnego terminala p\u0142atniczego dzi\u0119ki etui Castles S1F2. Dzi\u0119ki wytrzyma\u0142ej konstrukcji i zwi\u0119kszonej funkcjonalno\u015bci pokrowiec ten oferuje idealne po\u0142\u0105czenie bezpiecze\u0144stwa i wygody.<\/p>","protected":false},"excerpt":{"rendered":"<p>Chro\u0144 sw\u00f3j mobilny terminal p\u0142atniczy za pomoc\u0105 wytrzyma\u0142ego pokrowca ochronnego Castles S1F2. Zaprojektowany z ulepszonymi funkcjami przyjaznymi dla u\u017cytkownika, ten pokrowiec jest idealny dla r\u00f3\u017cnych bran\u017c, takich jak handel detaliczny, hotelarstwo i opieka zdrowotna.<\/p>\n<ul>\n<li>Mo\u017ce by\u0107 u\u017cywany w po\u0142\u0105czeniu ze stacj\u0105 dokuj\u0105c\u0105 Castles<\/li>\n<li>Optymalna ochrona ze wszystkich stron terminala<\/li>\n<li>Zapewnia dodatkow\u0105 ochron\u0119 przed upadkami, zadrapaniami i zu\u017cyciem<\/li>\n<\/ul>","protected":false},"featured_media":29297,"comment_status":"closed","ping_status":"closed","template":"","meta":[],"product_cat":[1550,3149],"product_tag":[3276,3840,901,1857,3335,3150,891,735,3844,996,3151,3336,3272],"acf":[],"_links":{"self":[{"href":"https:\/\/paymentdiscounter.com\/pl\/wp-json\/wp\/v2\/product\/29288"}],"collection":[{"href":"https:\/\/paymentdiscounter.com\/pl\/wp-json\/wp\/v2\/product"}],"about":[{"href":"https:\/\/paymentdiscounter.com\/pl\/wp-json\/wp\/v2\/types\/product"}],"replies":[{"embeddable":true,"href":"https:\/\/paymentdiscounter.com\/pl\/wp-json\/wp\/v2\/comments?post=29288"}],"version-history":[{"count":7,"href":"https:\/\/paymentdiscounter.com\/pl\/wp-json\/wp\/v2\/product\/29288\/revisions"}],"predecessor-version":[{"id":35526,"href":"https:\/\/paymentdiscounter.com\/pl\/wp-json\/wp\/v2\/product\/29288\/revisions\/35526"}],"wp:featuredmedia":[{"embeddable":true,"href":"https:\/\/paymentdiscounter.com\/pl\/wp-json\/wp\/v2\/media\/29297"}],"wp:attachment":[{"href":"https:\/\/paymentdiscounter.com\/pl\/wp-json\/wp\/v2\/media?parent=29288"}],"wp:term":[{"taxonomy":"product_cat","embeddable":true,"href":"https:\/\/paymentdiscounter.com\/pl\/wp-json\/wp\/v2\/product_cat?post=29288"},{"taxonomy":"product_tag","embeddable":true,"href":"https:\/\/paymentdiscounter.com\/pl\/wp-json\/wp\/v2\/product_tag?post=29288"}],"curies":[{"name":"wp","href":"https:\/\/api.w.org\/{rel}","templated":true}]}}