{"id":23390,"date":"2023-11-30T19:40:21","date_gmt":"2023-11-30T19:40:21","guid":{"rendered":"https:\/\/paymentdiscounter.com\/?post_type=product&#038;p=23390"},"modified":"2023-11-30T19:47:48","modified_gmt":"2023-11-30T19:47:48","slug":"pasek-mocujacy-do-kabury-newland","status":"publish","type":"product","link":"https:\/\/paymentdiscounter.com\/pl\/produkt\/pasek-mocujacy-do-kabury-newland\/","title":{"rendered":"Newland Pasek mocuj\u0105cy do kabury"},"content":{"rendered":"","protected":false},"excerpt":{"rendered":"<p>Pasek monta\u017cowy Newland to specjalnie zaprojektowane akcesorium przeznaczone do u\u017cytku z terminalem r\u0119cznym Newland MT6555. Zapewnia bezpieczne i wygodne rozwi\u0105zanie do mocowania w kaburze.<\/p>\n<p>Wykonany z my\u015bl\u0105 o trwa\u0142o\u015bci pasek monta\u017cowy zapewnia dok\u0142adne dopasowanie do wielu modeli, w tym MT6555. Umo\u017cliwia u\u017cytkownikom wygodne przenoszenie terminala r\u0119cznego przy jednoczesnym zachowaniu \u0142atwego dost\u0119pu do niego.<\/p>","protected":false},"featured_media":23391,"comment_status":"open","ping_status":"closed","template":"","meta":[],"product_cat":[3202],"product_tag":[1419,3206,1693,3205],"acf":[],"_links":{"self":[{"href":"https:\/\/paymentdiscounter.com\/pl\/wp-json\/wp\/v2\/product\/23390"}],"collection":[{"href":"https:\/\/paymentdiscounter.com\/pl\/wp-json\/wp\/v2\/product"}],"about":[{"href":"https:\/\/paymentdiscounter.com\/pl\/wp-json\/wp\/v2\/types\/product"}],"replies":[{"embeddable":true,"href":"https:\/\/paymentdiscounter.com\/pl\/wp-json\/wp\/v2\/comments?post=23390"}],"version-history":[{"count":1,"href":"https:\/\/paymentdiscounter.com\/pl\/wp-json\/wp\/v2\/product\/23390\/revisions"}],"predecessor-version":[{"id":23392,"href":"https:\/\/paymentdiscounter.com\/pl\/wp-json\/wp\/v2\/product\/23390\/revisions\/23392"}],"wp:featuredmedia":[{"embeddable":true,"href":"https:\/\/paymentdiscounter.com\/pl\/wp-json\/wp\/v2\/media\/23391"}],"wp:attachment":[{"href":"https:\/\/paymentdiscounter.com\/pl\/wp-json\/wp\/v2\/media?parent=23390"}],"wp:term":[{"taxonomy":"product_cat","embeddable":true,"href":"https:\/\/paymentdiscounter.com\/pl\/wp-json\/wp\/v2\/product_cat?post=23390"},{"taxonomy":"product_tag","embeddable":true,"href":"https:\/\/paymentdiscounter.com\/pl\/wp-json\/wp\/v2\/product_tag?post=23390"}],"curies":[{"name":"wp","href":"https:\/\/api.w.org\/{rel}","templated":true}]}}