{"id":22997,"date":"2023-11-28T18:50:53","date_gmt":"2023-11-28T18:50:53","guid":{"rendered":"https:\/\/paymentdiscounter.com\/?post_type=product&#038;p=22997"},"modified":"2024-03-04T01:41:35","modified_gmt":"2024-03-04T01:41:35","slug":"sunmi-v3-mix","status":"publish","type":"product","link":"https:\/\/paymentdiscounter.com\/pl\/produkt\/sunmi-v3-mix\/","title":{"rendered":"Sunmi V3 Mix"},"content":{"rendered":"<p><strong><em>Scenariusze zastosowa\u0144:<\/em><\/strong><\/p>\n<ol>\n<li><strong>Zamawianie przy stoliku:<\/strong>\n<ul>\n<li>Klienci mog\u0105 przegl\u0105da\u0107 i zamawia\u0107 przy swoich stolikach, aby szybciej zje\u015b\u0107 posi\u0142ek, co pozwala personelowi skupi\u0107 si\u0119 bardziej na jako\u015bci obs\u0142ugi.<\/li>\n<\/ul>\n<\/li>\n<li><strong>Us\u0142uga \"jeden na jeden\":<\/strong>\n<ul>\n<li>Buduj osobiste relacje z klientami, ulepszaj do\u015bwiadczenia i upraszczaj procesy p\u0142atno\u015bci.<\/li>\n<\/ul>\n<\/li>\n<li><strong>Drive Thru:<\/strong>\n<ul>\n<li>Umo\u017cliwienie klientom zamawiania i p\u0142acenia bez wychodzenia z samochodu.<\/li>\n<\/ul>\n<\/li>\n<li><strong>Kontrola inwentarza:<\/strong>\n<ul>\n<li>Skanuj kody kreskowe lub kody QR, aby rejestrowa\u0107 informacje o produktach i aktualizowa\u0107 dane dotycz\u0105ce zapas\u00f3w, zapewniaj\u0105c wgl\u0105d w czasie rzeczywistym.<\/li>\n<\/ul>\n<\/li>\n<\/ol>\n<p><strong><em>MIX dla szerszej rozszerzalno\u015bci:<\/em><\/strong><\/p>\n<ul>\n<li>10-calowy wy\u015bwietlacz IPS o wysokiej rozdzielczo\u015bci zapewnia du\u017cy k\u0105t widzenia i dok\u0142adne odwzorowanie kolor\u00f3w.<\/li>\n<li>Wbudowana szybka drukarka termiczna 58\/80 mm do bezproblemowego drukowania.<\/li>\n<li>Czytnik NFC do integracji z SoftPOS obs\u0142uguj\u0105cy r\u00f3\u017cne typy kart.<\/li>\n<li>Specjalnie zaprojektowana obrotowa, funkcjonalna podstawka na akcesoria, takie jak szuflady kasowe i skanery r\u0119czne.<\/li>\n<\/ul>\n<p><strong><em>Wielofunkcyjna podstawka:<\/em><\/strong><\/p>\n<ul>\n<li>Opcje obrotowych i nieobrotowych podstawek.<\/li>\n<li>Porty obejmuj\u0105 USB typu A, RJ45 LAN, USB typu A, port zasilania i port szuflady na got\u00f3wk\u0119 RJ12.<\/li>\n<\/ul>\n<p><strong><em>MIX, Design nie tylko do p\u0142atno\u015bci:<\/em><\/strong><\/p>\n<ul>\n<li>Profesjonalny skaner z wbudowan\u0105 funkcj\u0105 skanowania kod\u00f3w kreskowych 1D\/2D.<\/li>\n<li>Ramka ze stopu aluminiowo-magnezowego i ekran dotykowy incell zapewniaj\u0105 wytrzyma\u0142o\u015b\u0107, smuk\u0142o\u015b\u0107 i lekko\u015b\u0107.<\/li>\n<li>Ergonomiczna konstrukcja zapewnia wygodny chwyt.<\/li>\n<\/ul>\n<p><strong><em>Akcesoria zapewniaj\u0105ce wy\u017csz\u0105 wydajno\u015b\u0107:<\/em><\/strong><\/p>\n<ul>\n<li>Sze\u015bciordzeniowy procesor Qualcomm i 4 GB pami\u0119ci RAM + 32 GB pami\u0119ci ROM zapewniaj\u0105 wysok\u0105 wydajno\u015b\u0107.<\/li>\n<li>SUNMI OS 4.0 oferuje zaawansowane funkcje, w tym platformizacj\u0119, logowanie mi\u0119dzyplatformowe, aktualizacje zabezpiecze\u0144 i popraw\u0119 wydajno\u015bci.<\/li>\n<\/ul>\n<p><strong><em>Specyfikacja techniczna:<\/em><\/strong><\/p>\n<ul>\n<li><strong>Model produktu:<\/strong> T5701<\/li>\n<li><strong>OS:<\/strong> SUNMI OS 4.0 (oparty na systemie Android 13)<\/li>\n<li><strong>Procesor:<\/strong> Qualcomm hexa-core 2.4\/2.0GHz<\/li>\n<li><strong>Pami\u0119\u0107:<\/strong> 4 GB RAM + 32 GB ROM<\/li>\n<li><strong>Wy\u015bwietlacz:<\/strong> 10,1\u2033 HD 1280*800 IPS<\/li>\n<li><strong>Drukarka:<\/strong> Drukarka termiczna, pr\u0119dko\u015b\u0107 druku: 70 mm\/s<\/li>\n<li><strong>Kamera:<\/strong> Prz\u00f3d 2MP FF, 0.3MP FF dla p\u0142atno\u015bci kodem QR<\/li>\n<li><strong>Skaner:<\/strong> Profesjonalny skaner 2D<\/li>\n<li><strong>Wi-Fi:<\/strong> Obs\u0142uga IEEE 802.11 a\/b\/g\/n\/ac 2.4G\/5G<\/li>\n<li><strong>Bateria:<\/strong> Wymienna bateria litowa, 7,2 V\/2600 mAh<\/li>\n<li><strong>Wymiary:<\/strong> 246<em>231<\/em>73 mm, waga: 670 g (58 mm)<\/li>\n<li><strong>\u015arodowisko:<\/strong> Temperatura pracy: 0\u00b0C<del>45\u00b0C, Temperatura przechowywania: -20\u00b0C<\/del>60\u00b0C<\/li>\n<\/ul>\n<p>&nbsp;<\/p>","protected":false},"excerpt":{"rendered":"<p>SUNMI V3 MIX to wszechstronny tablet korporacyjny \u0142\u0105cz\u0105cy wy\u015bwietlacz o wysokiej rozdzielczo\u015bci, zintegrowan\u0105 drukark\u0119 i pot\u0119\u017cn\u0105 wydajno\u015b\u0107, aby uchwyci\u0107 firmy. Zawsze i wsz\u0119dzie. Zrewolucjonizuj swoj\u0105 firm\u0119, usprawnij operacje i popraw jako\u015b\u0107 obs\u0142ugi klienta.<\/p>","protected":false},"featured_media":23022,"comment_status":"open","ping_status":"closed","template":"","meta":[],"product_cat":[1555,3191],"product_tag":[1939,1874,3192,3193],"acf":[],"_links":{"self":[{"href":"https:\/\/paymentdiscounter.com\/pl\/wp-json\/wp\/v2\/product\/22997"}],"collection":[{"href":"https:\/\/paymentdiscounter.com\/pl\/wp-json\/wp\/v2\/product"}],"about":[{"href":"https:\/\/paymentdiscounter.com\/pl\/wp-json\/wp\/v2\/types\/product"}],"replies":[{"embeddable":true,"href":"https:\/\/paymentdiscounter.com\/pl\/wp-json\/wp\/v2\/comments?post=22997"}],"version-history":[{"count":3,"href":"https:\/\/paymentdiscounter.com\/pl\/wp-json\/wp\/v2\/product\/22997\/revisions"}],"predecessor-version":[{"id":23463,"href":"https:\/\/paymentdiscounter.com\/pl\/wp-json\/wp\/v2\/product\/22997\/revisions\/23463"}],"wp:featuredmedia":[{"embeddable":true,"href":"https:\/\/paymentdiscounter.com\/pl\/wp-json\/wp\/v2\/media\/23022"}],"wp:attachment":[{"href":"https:\/\/paymentdiscounter.com\/pl\/wp-json\/wp\/v2\/media?parent=22997"}],"wp:term":[{"taxonomy":"product_cat","embeddable":true,"href":"https:\/\/paymentdiscounter.com\/pl\/wp-json\/wp\/v2\/product_cat?post=22997"},{"taxonomy":"product_tag","embeddable":true,"href":"https:\/\/paymentdiscounter.com\/pl\/wp-json\/wp\/v2\/product_tag?post=22997"}],"curies":[{"name":"wp","href":"https:\/\/api.w.org\/{rel}","templated":true}]}}