{"id":22995,"date":"2023-11-28T18:45:50","date_gmt":"2023-11-28T18:45:50","guid":{"rendered":"https:\/\/paymentdiscounter.com\/?post_type=product&#038;p=22995"},"modified":"2026-03-07T11:53:08","modified_gmt":"2026-03-07T11:53:08","slug":"sunmi-p3-mix","status":"publish","type":"product","link":"https:\/\/paymentdiscounter.com\/pl\/produkt\/sunmi-p3-mix\/","title":{"rendered":"Sunmi P3 Mix"},"content":{"rendered":"<p><strong><em>Kluczowe cechy:<\/em><\/strong><\/p>\n<ol>\n<li><strong>Wszechstronny wy\u015bwietlacz i drukarka:<\/strong>\n<ul>\n<li>10-calowy wy\u015bwietlacz IPS o wysokiej rozdzielczo\u015bci zapewnia du\u017cy k\u0105t widzenia.<\/li>\n<li>Wbudowana szybka drukarka termiczna 58\/80 mm zapewnia wydajne drukowanie.<\/li>\n<\/ul>\n<\/li>\n<li><strong>Pot\u0119\u017cna wydajno\u015b\u0107:<\/strong>\n<ul>\n<li>Sze\u015bciordzeniowy procesor Qualcomm i 4 GB pami\u0119ci RAM + 32 GB pami\u0119ci ROM zapewniaj\u0105 solidn\u0105 wydajno\u015b\u0107.<\/li>\n<li>SUNMI OS 4.0 oparty na systemie Android 13 zapewnia bezpieczny i wydajny system operacyjny.<\/li>\n<\/ul>\n<\/li>\n<li><strong>R\u00f3\u017cnorodno\u015b\u0107 p\u0142atno\u015bci:<\/strong>\n<ul>\n<li>Akceptuj r\u00f3\u017cne metody p\u0142atno\u015bci, w tym zbli\u017ceniowe, chip i PIN, pasek magnetyczny, kod QR i p\u0142atno\u015bci mobilne.<\/li>\n<\/ul>\n<\/li>\n<li><strong>Rozszerzalno\u015b\u0107 i akcesoria:<\/strong>\n<ul>\n<li>Specjalnie zaprojektowana obrotowa podstawka umo\u017cliwia \u0142atw\u0105 integracj\u0119 akcesori\u00f3w, takich jak szuflada kasowa, skaner r\u0119czny i inne.<\/li>\n<li>Opcje zar\u00f3wno dla obrotowej, jak i nieobrotowej ko\u0142yski.<\/li>\n<\/ul>\n<\/li>\n<li><strong>Wytrzyma\u0142a i lekka konstrukcja:<\/strong>\n<ul>\n<li>Wytrzyma\u0142a rama ze stopu aluminium i magnezu.<\/li>\n<li>Ekran dotykowy Incell zapewnia smuk\u0142\u0105 i lekk\u0105 konstrukcj\u0119, wa\u017c\u0105c\u0105 oko\u0142o 700 g.<\/li>\n<\/ul>\n<\/li>\n<\/ol>\n<p><strong><em>Specyfikacja techniczna:<\/em><\/strong><\/p>\n<ul>\n<li><strong>Procesor:<\/strong> Qualcomm hexa-core 2.4\/2.0GHz<\/li>\n<li><strong>Pami\u0119\u0107:<\/strong> 4 GB RAM + 32 GB ROM<\/li>\n<li><strong>OS:<\/strong> SUNMI OS 4.0 (oparty na systemie Android 13)<\/li>\n<li><strong>Wy\u015bwietlacz:<\/strong> 10,1\u2033 HD 1280 x 800 IPS<\/li>\n<li><strong>Kamera:<\/strong> Prz\u00f3d: 2 MP FF, QR P\u0142atno\u015b\u0107: 0.3MP FF<\/li>\n<li><strong>Karta IC:<\/strong> Inteligentna karta IC\/karta stykowa z szyfrowaniem logicznym; zgodna z ISO 7816\/EMV; 5V\/3V\/1.8V<\/li>\n<li><strong>Czytnik Magstripe:<\/strong> 1\/2\/3 \u015bcie\u017cki; dwukierunkowy odczyt kart; zgodno\u015b\u0107 z normami ISO 7810\/7811<\/li>\n<li><strong>Czytnik NFC:<\/strong> Karta typu A i B, karta MIFARE, zgodna z ISO\/IEC 14443 i ISO 15693<\/li>\n<li><strong>Skaner:<\/strong> Profesjonalny skaner 2D<\/li>\n<li><strong>Drukarka:<\/strong> Drukarka termiczna, Pr\u0119dko\u015b\u0107 druku: 70 mm\/s, Szeroko\u015b\u0107\/\u015brednica rolki papieru: 58 mm\/40 mm<\/li>\n<li><strong>Sie\u0107:<\/strong> 2G&amp;3G&amp;4G, Wi-Fi: Obs\u0142uga IEEE 802.11 a\/b\/g\/n\/ac, 2.4G\/5G<\/li>\n<li><strong>Bluetooth:<\/strong> BT2.1\/3.0\/4.2 obs\u0142uguje BLE<\/li>\n<li><strong>GPS:<\/strong> GPS, AGPS<\/li>\n<li><strong>Gniazdo karty:<\/strong> 2<em>Nano SIM + 2<\/em>SAM, 1*MicroSD<\/li>\n<li><strong>M\u00f3wca:<\/strong> 1.2W<\/li>\n<li><strong>Bateria:<\/strong> Wymienna bateria litowa 7.2V\/2600mAh<\/li>\n<li><strong>Zasilacz sieciowy:<\/strong> Wej\u015bcie: AC 100 ~ 240V, Wyj\u015bcie: DC 5V\/2A<\/li>\n<li><strong>Porty:<\/strong> 1<em>Typ-C, 1<\/em>Type-A, 1*Pogo pin z ty\u0142u do \u0142adowania<\/li>\n<li><strong>Przyciski:<\/strong> 1<em>Przycisk w\u0142\u0105czania\/wy\u0142\u0105czania zasilania, 1<\/em>Przycisk g\u0142o\u015bno\u015bci (+\/-), 1*Przycisk skanowania<\/li>\n<li><strong>Wymiary:<\/strong> 246<em>231<\/em>73 mm<\/li>\n<li><strong>Waga ca\u0142kowita:<\/strong> 670g<\/li>\n<\/ul>\n<p><strong><em>Scenariusze zastosowa\u0144:<\/em><\/strong><\/p>\n<ol>\n<li><strong>Zamawianie przy stoliku:<\/strong>\n<ul>\n<li>Klienci mog\u0105 szybciej przegl\u0105da\u0107 i zamawia\u0107 przy stoliku.<\/li>\n<\/ul>\n<\/li>\n<li><strong>Us\u0142uga \"jeden na jeden\":<\/strong>\n<ul>\n<li>Buduj osobiste relacje, poprawiaj do\u015bwiadczenia klient\u00f3w i upraszczaj procesy p\u0142atno\u015bci.<\/li>\n<\/ul>\n<\/li>\n<li><strong>Drive Thru:<\/strong>\n<ul>\n<li>Zamawiaj i p\u0142a\u0107 bez wychodzenia z samochodu, zwi\u0119kszaj\u0105c szybko\u015b\u0107 i satysfakcj\u0119.<\/li>\n<\/ul>\n<\/li>\n<li><strong>Kontrola inwentarza:<\/strong>\n<ul>\n<li>Skanuj kody kreskowe lub kody QR, aby rejestrowa\u0107 informacje o produktach i aktualizowa\u0107 dane zapas\u00f3w.<\/li>\n<\/ul>\n<\/li>\n<\/ol>\n<p><strong><em>Bezpiecze\u0144stwo i wsparcie:<\/em><\/strong><\/p>\n<ul>\n<li><strong>Zgodno\u015b\u0107 z PCI i EMV:<\/strong> Bezpieczne przetwarzanie p\u0142atno\u015bci dzi\u0119ki certyfikatom takim jak PayPass i PayWave.<\/li>\n<li><strong>Zdalny wtrysk kluczyka:<\/strong> Rozwi\u0105zywanie problem\u00f3w w czasie rzeczywistym i redukcja koszt\u00f3w dzi\u0119ki zdalnej pomocy.<\/li>\n<li><strong>System zarz\u0105dzania terminalem:<\/strong> Mo\u017cliwo\u015bci zarz\u0105dzania urz\u0105dzeniami w pe\u0142nym cyklu \u017cycia.<\/li>\n<\/ul>\n<p><strong><em>Oprogramowanie i us\u0142ugi:<\/em><\/strong><\/p>\n<ul>\n<li>SUNMI OS 4.0<\/li>\n<li>Pomoc zdalna<\/li>\n<li>System zarz\u0105dzania terminalem<\/li>\n<li>SUNMI Home<\/li>\n<\/ul>\n<p>&nbsp;<\/p>","protected":false},"excerpt":{"rendered":"<p>SUNMI P3 MIX to uniwersalny tablet dla przedsi\u0119biorstw, kt\u00f3ry na nowo definiuje inteligentne terminale p\u0142atnicze. Dzi\u0119ki 10-calowemu wy\u015bwietlaczowi o wysokiej rozdzielczo\u015bci, wbudowanemu szybkiemu drukowaniu i ergonomicznej konstrukcji, P3 MIX p\u0142ynnie \u0142\u0105czy funkcje mobilne i stacjonarne, zapewniaj\u0105c wszechstronne rozwi\u0105zania biznesowe.<\/p>\n<p>SUNMI P3 MIX zosta\u0142 zaprojektowany nie tylko z my\u015bl\u0105 o p\u0142atno\u015bciach, ale tak\u017ce o ulepszonym i wszechstronnym do\u015bwiadczeniu korporacyjnym.<\/p>","protected":false},"featured_media":23023,"comment_status":"open","ping_status":"closed","template":"","meta":[],"product_cat":[1555,3187],"product_tag":[1939,3189,1874,3188],"acf":[],"_links":{"self":[{"href":"https:\/\/paymentdiscounter.com\/pl\/wp-json\/wp\/v2\/product\/22995"}],"collection":[{"href":"https:\/\/paymentdiscounter.com\/pl\/wp-json\/wp\/v2\/product"}],"about":[{"href":"https:\/\/paymentdiscounter.com\/pl\/wp-json\/wp\/v2\/types\/product"}],"replies":[{"embeddable":true,"href":"https:\/\/paymentdiscounter.com\/pl\/wp-json\/wp\/v2\/comments?post=22995"}],"version-history":[{"count":3,"href":"https:\/\/paymentdiscounter.com\/pl\/wp-json\/wp\/v2\/product\/22995\/revisions"}],"predecessor-version":[{"id":23449,"href":"https:\/\/paymentdiscounter.com\/pl\/wp-json\/wp\/v2\/product\/22995\/revisions\/23449"}],"wp:featuredmedia":[{"embeddable":true,"href":"https:\/\/paymentdiscounter.com\/pl\/wp-json\/wp\/v2\/media\/23023"}],"wp:attachment":[{"href":"https:\/\/paymentdiscounter.com\/pl\/wp-json\/wp\/v2\/media?parent=22995"}],"wp:term":[{"taxonomy":"product_cat","embeddable":true,"href":"https:\/\/paymentdiscounter.com\/pl\/wp-json\/wp\/v2\/product_cat?post=22995"},{"taxonomy":"product_tag","embeddable":true,"href":"https:\/\/paymentdiscounter.com\/pl\/wp-json\/wp\/v2\/product_tag?post=22995"}],"curies":[{"name":"wp","href":"https:\/\/api.w.org\/{rel}","templated":true}]}}