{"id":22993,"date":"2023-11-28T18:32:43","date_gmt":"2023-11-28T18:32:43","guid":{"rendered":"https:\/\/paymentdiscounter.com\/?post_type=product&#038;p=22993"},"modified":"2023-12-02T12:54:50","modified_gmt":"2023-12-02T12:54:50","slug":"sunmi-t3-pro","status":"publish","type":"product","link":"https:\/\/paymentdiscounter.com\/pl\/produkt\/sunmi-t3-pro\/","title":{"rendered":"Sunmi T3 Pro"},"content":{"rendered":"<h6><strong>Scenariusze zastosowa\u0144:<\/strong><\/h6>\n<ol>\n<li><strong>Restauracja:<\/strong>\n<ul>\n<li>Efektywne zarz\u0105dzanie zam\u00f3wieniami i akceptacja p\u0142atno\u015bci dla lepszych dozna\u0144 kulinarnych.<\/li>\n<\/ul>\n<\/li>\n<li><strong>Boutique Store:<\/strong>\n<ul>\n<li>Zarz\u0105dzanie cz\u0142onkami i p\u0142ynne p\u0142atno\u015bci z obs\u0142ug\u0105 r\u00f3\u017cnych metod p\u0142atno\u015bci, w tym SoftPos.<\/li>\n<\/ul>\n<\/li>\n<li><strong>Kawiarnia:<\/strong>\n<ul>\n<li>Zoptymalizuj przejrzysto\u015b\u0107 dla klient\u00f3w dzi\u0119ki wy\u015bwietlaczowi skierowanemu do klienta, prezentuj\u0105c informacje promocyjne, pakiety, oferty i programy cz\u0142onkostwa.<\/li>\n<\/ul>\n<\/li>\n<\/ol>\n<h6><strong>Flagowa wydajno\u015b\u0107:<\/strong><\/h6>\n<ul>\n<li>Niesamowita wydajno\u015b\u0107 dzi\u0119ki o\u015bmiordzeniowemu procesorowi taktowanemu zegarem 2,7 GHz.<\/li>\n<li>6 GB pami\u0119ci RAM + 128 GB pami\u0119ci ROM dla doskona\u0142ej wielozadaniowo\u015bci.<\/li>\n<li>Do 25% zwi\u0119kszona cz\u0119stotliwo\u015b\u0107 procesora do 50% wi\u0119cej pami\u0119ci i do 150% wzrost wydajno\u015bci*.<\/li>\n<\/ul>\n<h6><strong>Doskona\u0142o\u015b\u0107 in\u017cynieryjna:<\/strong><\/h6>\n<ul>\n<li>Bezramkowy wy\u015bwietlacz o wysokiej rozdzielczo\u015bci 1920*1080 i jasno\u015bci 400 nit\u00f3w.<\/li>\n<li>Aerodynamiczna konstrukcja zapewniaj\u0105ca p\u0142ynno\u015b\u0107 i dynamik\u0119.<\/li>\n<li>Podwieszany wygl\u0105d z ukrytym okablowaniem dla uporz\u0105dkowanego blatu.<\/li>\n<li>Wytrzyma\u0142a i elegancka konstrukcja ze stopu aluminium.<\/li>\n<\/ul>\n<h6><strong>Projektowanie interaktywne:<\/strong><\/h6>\n<ul>\n<li>Odblokowanie odciskiem palca zapewnia szybki i bezpieczny dost\u0119p.<\/li>\n<li>Odchylany wy\u015bwietlacz g\u0142\u00f3wny z regulowanym k\u0105tem 125\u00b0 i ponad 100 000 cykli obrotu*.<\/li>\n<li>Obs\u0142uga NFC, SoftPOS dla wygodnych transakcji.<\/li>\n<\/ul>\n<h6><strong>Niesko\u0144czone mo\u017cliwo\u015bci:<\/strong><\/h6>\n<ul>\n<li>Modu\u0142owa konstrukcja z opcjami konfiguracji 15,6\u2033+10,1\u2033, 15,6\u2033+15,6\u2033 i 15,6\u2033.<\/li>\n<li>T3 PRO MAX posiada wewn\u0119trzn\u0105 szybk\u0105 drukark\u0119 Seiko do szybkiego drukowania w godzinach szczytu.<\/li>\n<li>Mo\u017cliwo\u015b\u0107 dostosowania logo marki i kolor\u00f3w w celu nadania spersonalizowanego charakteru.<\/li>\n<\/ul>\n<p><strong>SUNMI OS 4.0:<\/strong><\/p>\n<ul>\n<li>Zaawansowane funkcje zapewniaj\u0105ce lepsze wra\u017cenia z u\u017cytkowania T3 PRO SERIES.<\/li>\n<li>Przyjazna dla u\u017cytkownika konfiguracja konta oparta na identyfikatorze w celu wdro\u017cenia online.<\/li>\n<li>Wi\u0119ksza prywatno\u015b\u0107 u\u017cytkownik\u00f3w i bezpiecze\u0144stwo danych.<\/li>\n<\/ul>\n<p>&nbsp;<\/p>\n<h5><strong>Specyfikacja techniczna:<\/strong><\/h5>\n<ul>\n<li><strong>Model:<\/strong> L15B1<\/li>\n<li><strong>OS:<\/strong> SUNMI OS (oparty na systemie Android 13)<\/li>\n<li><strong>CPU:<\/strong> O\u015bmiordzeniowy procesor Qualcomm Kyro-670 do 2,7 GHz<\/li>\n<li><strong>Pami\u0119\u0107:<\/strong> 6 GB RAM + 128 GB ROM<\/li>\n<li><strong>Wy\u015bwietlacz:<\/strong> 15,6\u2033 FHD 1920*1080, 400 nit\u00f3w, ochrona przed odciskami palc\u00f3w (AF)<\/li>\n<li><strong>Kamera:<\/strong> Przedni aparat, pojedynczy obiektyw, 8 MP<\/li>\n<li><strong>Czytnik kart:<\/strong> NFC na ekranie<\/li>\n<li><strong>Sie\u0107:<\/strong> Obs\u0142uga sieci LAN 1000M, Wi-Fi 2,4 GHz, 5 GHz i 6 GHz, Bluetooth 5.2 i BLE<\/li>\n<li><strong>Porty:<\/strong> Wiele port\u00f3w USB, RJ45, RJ11, RJ12, DC<\/li>\n<li><strong>Akcesoria:<\/strong> Oddzielny monitor 15,6\u2033 (FHD 1920<em>1080), oddzielny monitor 10,1\u2033 (HD 1280<\/em>800)<\/li>\n<li><strong>Waga:<\/strong> T3 PRO: 3,3 kg, oddzielny monitor 15,6\u2033: 1,7 kg, oddzielny monitor 10,1\u2033: 0,9 kg<\/li>\n<li><strong>\u015arodowisko:<\/strong> Temperatura pracy: 0\u00b0C~40\u00b0C, temperatura przechowywania: -20\u00b0C\uff5e60\u00b0C<\/li>\n<li><strong>Wymiary:<\/strong> 298 mm<em>371,5 mm<\/em>170 mm<\/li>\n<\/ul>\n<p>&nbsp;<\/p>","protected":false},"excerpt":{"rendered":"<p>Poznaj SUNMI T3 PRO SERIES. Kolejny poziom inteligentnego terminala biurkowego z systemem Android. SUNMI T3 PRO SERIES na nowo definiuje pulpit Android, oferuj\u0105c flagow\u0105 wydajno\u015b\u0107, doskona\u0142o\u015b\u0107 in\u017cynieryjn\u0105 i interaktywny design zapewniaj\u0105cy niezr\u00f3wnane wra\u017cenia u\u017cytkownika.<\/p>\n<p>Terminale z serii T3 zosta\u0142y zaprojektowane z my\u015bl\u0105 o p\u0142ynnym zarz\u0105dzaniu zam\u00f3wieniami, wydajnych procesach kasowych i doskona\u0142ej obs\u0142udze klienta.<\/p>","protected":false},"featured_media":23030,"comment_status":"open","ping_status":"closed","template":"","meta":[],"product_cat":[1555,3183],"product_tag":[1939,1874,3184,3185],"acf":[],"_links":{"self":[{"href":"https:\/\/paymentdiscounter.com\/pl\/wp-json\/wp\/v2\/product\/22993"}],"collection":[{"href":"https:\/\/paymentdiscounter.com\/pl\/wp-json\/wp\/v2\/product"}],"about":[{"href":"https:\/\/paymentdiscounter.com\/pl\/wp-json\/wp\/v2\/types\/product"}],"replies":[{"embeddable":true,"href":"https:\/\/paymentdiscounter.com\/pl\/wp-json\/wp\/v2\/comments?post=22993"}],"version-history":[{"count":10,"href":"https:\/\/paymentdiscounter.com\/pl\/wp-json\/wp\/v2\/product\/22993\/revisions"}],"predecessor-version":[{"id":23461,"href":"https:\/\/paymentdiscounter.com\/pl\/wp-json\/wp\/v2\/product\/22993\/revisions\/23461"}],"wp:featuredmedia":[{"embeddable":true,"href":"https:\/\/paymentdiscounter.com\/pl\/wp-json\/wp\/v2\/media\/23030"}],"wp:attachment":[{"href":"https:\/\/paymentdiscounter.com\/pl\/wp-json\/wp\/v2\/media?parent=22993"}],"wp:term":[{"taxonomy":"product_cat","embeddable":true,"href":"https:\/\/paymentdiscounter.com\/pl\/wp-json\/wp\/v2\/product_cat?post=22993"},{"taxonomy":"product_tag","embeddable":true,"href":"https:\/\/paymentdiscounter.com\/pl\/wp-json\/wp\/v2\/product_tag?post=22993"}],"curies":[{"name":"wp","href":"https:\/\/api.w.org\/{rel}","templated":true}]}}