{"id":22845,"date":"2023-11-24T20:54:45","date_gmt":"2023-11-24T20:54:45","guid":{"rendered":"https:\/\/paymentdiscounter.com\/?post_type=product&#038;p=22845"},"modified":"2023-11-24T21:06:27","modified_gmt":"2023-11-24T21:06:27","slug":"stacja-dokujaca-castles-v3b3","status":"publish","type":"product","link":"https:\/\/paymentdiscounter.com\/pl\/produkt\/stacja-dokujaca-castles-v3b3\/","title":{"rendered":"Stacja dokuj\u0105ca Castles V3B3"},"content":{"rendered":"<p>Stacja dokuj\u0105ca Castles V3B3 to wszechstronna stacja dokuj\u0105ca przeznaczona do \u0142adowania mobilnego terminala p\u0142atniczego. Stacja dokuj\u0105ca V3B3 ma eleganck\u0105 i kompaktow\u0105 konstrukcj\u0119, kt\u00f3r\u0105 mo\u017cna \u0142atwo umie\u015bci\u0107 na ladzie lub przy kasie. Sp\u00f3d stacji \u0142aduj\u0105cej posiada antypo\u015blizgowe \u017cebra, kt\u00f3re zapobiegaj\u0105 jej ze\u015blizgni\u0119ciu si\u0119 lub uszkodzeniu. Dodatkowo, stacja \u0142aduj\u0105ca jest wyposa\u017cona w diod\u0119 LED z przodu, co pozwala sprawdzi\u0107, czy terminale s\u0105 prawid\u0142owo \u0142adowane.<\/p>\n<p>Dzi\u0119ki tej stacji bazowej \u0142adowanie terminali p\u0142atniczych nigdy nie by\u0142o \u0142atwiejsze. Ten produkt jest niezb\u0119dny dla ka\u017cdego, kto szuka wygodnego i wydajnego sposobu \u0142adowania terminala.<\/p>","protected":false},"excerpt":{"rendered":"<p>Stacja dokuj\u0105ca Castles V3B3 to wszechstronna stacja dokuj\u0105ca przeznaczona do \u0142adowania mobilnego terminala p\u0142atniczego. Stacja dokuj\u0105ca V3B3 ma eleganck\u0105 i kompaktow\u0105 konstrukcj\u0119, kt\u00f3r\u0105 mo\u017cna \u0142atwo umie\u015bci\u0107 na ladzie lub przy kasie. Sp\u00f3d stacji \u0142aduj\u0105cej posiada antypo\u015blizgowe \u017cebra, kt\u00f3re zapobiegaj\u0105 jej ze\u015blizgni\u0119ciu si\u0119 lub uszkodzeniu. Dodatkowo, stacja \u0142aduj\u0105ca jest wyposa\u017cona w diod\u0119 LED z przodu, co pozwala sprawdzi\u0107, czy terminale s\u0105 prawid\u0142owo \u0142adowane.<\/p>","protected":false},"featured_media":0,"comment_status":"open","ping_status":"closed","template":"","meta":[],"product_cat":[3145],"product_tag":[3146,690,694,3147],"acf":[],"_links":{"self":[{"href":"https:\/\/paymentdiscounter.com\/pl\/wp-json\/wp\/v2\/product\/22845"}],"collection":[{"href":"https:\/\/paymentdiscounter.com\/pl\/wp-json\/wp\/v2\/product"}],"about":[{"href":"https:\/\/paymentdiscounter.com\/pl\/wp-json\/wp\/v2\/types\/product"}],"replies":[{"embeddable":true,"href":"https:\/\/paymentdiscounter.com\/pl\/wp-json\/wp\/v2\/comments?post=22845"}],"version-history":[{"count":1,"href":"https:\/\/paymentdiscounter.com\/pl\/wp-json\/wp\/v2\/product\/22845\/revisions"}],"predecessor-version":[{"id":22846,"href":"https:\/\/paymentdiscounter.com\/pl\/wp-json\/wp\/v2\/product\/22845\/revisions\/22846"}],"wp:attachment":[{"href":"https:\/\/paymentdiscounter.com\/pl\/wp-json\/wp\/v2\/media?parent=22845"}],"wp:term":[{"taxonomy":"product_cat","embeddable":true,"href":"https:\/\/paymentdiscounter.com\/pl\/wp-json\/wp\/v2\/product_cat?post=22845"},{"taxonomy":"product_tag","embeddable":true,"href":"https:\/\/paymentdiscounter.com\/pl\/wp-json\/wp\/v2\/product_tag?post=22845"}],"curies":[{"name":"wp","href":"https:\/\/api.w.org\/{rel}","templated":true}]}}