{"id":21883,"date":"2023-07-17T09:44:58","date_gmt":"2023-07-17T09:44:58","guid":{"rendered":"https:\/\/paymentdiscounter.com\/?post_type=product&#038;p=21883"},"modified":"2023-07-17T12:21:54","modified_gmt":"2023-07-17T12:21:54","slug":"zebra-tc53-handheld","status":"publish","type":"product","link":"https:\/\/paymentdiscounter.com\/pl\/produkt\/zebra-tc53-handheld\/","title":{"rendered":"Zebra TC53 R\u0119czny"},"content":{"rendered":"<p>Zebra TC53 to uosobienie najnowocze\u015bniejszej technologii w \u015bwiecie komputer\u00f3w mobilnych klasy korporacyjnej. Dzi\u0119ki zaawansowanym funkcjom i niezr\u00f3wnanej wydajno\u015bci wyznacza nowy standard dla urz\u0105dze\u0144 przeno\u015bnych u\u017cywanych przez przedsi\u0119biorc\u00f3w. Zasilany o\u015bmiordzeniowym procesorem Qualcomm 6490, TC53 oferuje b\u0142yskawiczne pr\u0119dko\u015bci przetwarzania i niemal natychmiastowy czas reakcji.<\/p>\n<p>W po\u0142\u0105czeniu z najnowszymi technologiami bezprzewodowymi, takimi jak 5G, Wi-Fi 6E i CBRS (tylko w USA), urz\u0105dzenie to zapewnia najszybsze i najbardziej niezawodne po\u0142\u0105czenia bezprzewodowe, niezale\u017cnie od tego, czy jeste\u015b w terenie, czy w swoim obiekcie.<\/p>\n<h3>Opis modelu<\/h3>\n<p>Komputery mobilne nowej generacji z serii EMC TC5X<br \/>\n* O\u015bmiordzeniowy procesor Qualcomm 6490, 2,7 GHz<br \/>\n* Wi-Fi 6E<br \/>\n* 6-calowy wy\u015bwietlacz Full High Definition +<br \/>\n* Wielokrotne upadki z wysoko\u015bci 1,8 m na beton z wytrzyma\u0142ym butem; 5 ft. \/ 1,5 m upadk\u00f3w na betonowe p\u0142ytki<\/p>\n<h3>Uwolnienie nowych mo\u017cliwo\u015bci gromadzenia danych<\/h3>\n<p>Dzi\u0119ki TC53 Zebra mo\u017cesz na nowo wyobrazi\u0107 sobie swoje przep\u0142ywy pracy i odblokowa\u0107 zupe\u0142nie nowe mo\u017cliwo\u015bci gromadzenia danych. Skanuj etykiety z p\u00f3\u0142ek na najwy\u017cszych rega\u0142ach, nie ruszaj\u0105c si\u0119 z miejsca. Oblicza\u0107 dok\u0142adne wymiary paczek i op\u0142aty za wysy\u0142k\u0119 za jednym naci\u015bni\u0119ciem przycisku. B\u0142yskawiczne zliczanie zapas\u00f3w dzi\u0119ki technologii RFID. Natychmiastowe przekszta\u0142cenie urz\u0105dzenia w stacj\u0119 robocz\u0105 lub hybrydowy punkt sprzeda\u017cy.<\/p>\n<p>Dodatkowo, mo\u017cesz by\u0107 gotowy do bezpiecznego przyjmowania p\u0142atno\u015bci za pomoc\u0105 funkcji tap-to-pay i wielu innych. Te innowacyjne rozwi\u0105zania sprz\u0119towe i programowe definiuj\u0105 now\u0105 er\u0119 mobilno\u015bci, zwi\u0119kszaj\u0105c wydajno\u015b\u0107 operacyjn\u0105 na niespotykany dot\u0105d poziom.<\/p>\n<h3>Zaprojektowany dla przysz\u0142o\u015bci<\/h3>\n<p>TC53 mo\u017ce pochwali\u0107 si\u0119 adaptacyjn\u0105, przysz\u0142o\u015bciow\u0105 konstrukcj\u0105, kt\u00f3ra wykracza poza wymagania dzisiejszych przep\u0142yw\u00f3w pracy, zapewniaj\u0105c mo\u017cliwo\u015b\u0107 zaspokojenia zmieniaj\u0105cych si\u0119 potrzeb w przysz\u0142o\u015bci. Niezale\u017cnie od tego, czy badasz aplikacje rzeczywisto\u015bci rozszerzonej oparte na ARCore, wykorzystujesz najnowocze\u015bniejsze przep\u0142ywy pracy bez u\u017cycia r\u0105k, czy te\u017c korzystasz z rozwi\u0105za\u0144 p\u0142atniczych nowej generacji, TC53 ma wbudowan\u0105 obs\u0142ug\u0119, aby p\u0142ynnie zintegrowa\u0107 te przysz\u0142e przep\u0142ywy pracy z Twoimi operacjami.<\/p>\n<h3>Niezr\u00f3wnane do\u015bwiadczenie<\/h3>\n<p>Twoi pracownicy polegaj\u0105 na swoich urz\u0105dzeniach mobilnych w ka\u017cdej minucie ka\u017cdej zmiany, a TC53 zosta\u0142 specjalnie zaprojektowany, aby zapewni\u0107 im jak najlepsze wra\u017cenia. Doskona\u0142y 6-calowy wy\u015bwietlacz Full HD+ zapewnia optymaln\u0105 widoczno\u015b\u0107. Nawet w jasnym \u015bwietle s\u0142onecznym.<\/p>\n<p>Cie\u0144sza ergonomia urz\u0105dzenia zapewnia komfort przez ca\u0142y dzie\u0144, minimalizuj\u0105c zm\u0119czenie i maksymalizuj\u0105c produktywno\u015b\u0107. Wymiana baterii jest bardzo prosta i zajmuje zaledwie kilka sekund, dzi\u0119ki czemu pracownicy mog\u0105 pozosta\u0107 pod napi\u0119ciem przez ca\u0142\u0105 zmian\u0119. Krystalicznie czysty d\u017awi\u0119k usprawnia komunikacj\u0119, zapewniaj\u0105c, \u017ce ka\u017cde s\u0142owo jest s\u0142yszane g\u0142o\u015bno i wyra\u017anie. TC53 jest wyposa\u017cony w funkcje, kt\u00f3re priorytetowo traktuj\u0105 potrzeby pracownik\u00f3w, umo\u017cliwiaj\u0105c im doskonalenie si\u0119 w swoich rolach.<\/p>\n<h3>Wbudowana przewaga<\/h3>\n<p>Podczas gdy inni producenci komputer\u00f3w mobilnych poprzestaj\u0105 na podstawach, Zebra idzie o krok dalej dzi\u0119ki mo\u017cliwo\u015bciom oprogramowania Mobility DNA. Ten zestaw aplikacji, program\u00f3w narz\u0119dziowych i narz\u0119dzi umo\u017cliwia u\u017cytkownikom korzystanie z wielu r\u00f3\u017cnych rozwi\u0105za\u0144. Od integracji i bezpiecze\u0144stwa po wdra\u017canie i optymalizacj\u0119. Zebra zapewnia, \u017ce TC53 jest w pe\u0142ni wyposa\u017cony, aby zmaksymalizowa\u0107 jego wydajno\u015b\u0107.<\/p>\n<p>Od samego pocz\u0105tku masz dost\u0119p do wbudowanych aplikacji, kt\u00f3re usprawniaj\u0105 zarz\u0105dzanie urz\u0105dzeniami i zwi\u0119kszaj\u0105 bezpiecze\u0144stwo, u\u0142atwiaj\u0105c integracj\u0119 i optymalizacj\u0119 TC53 pod k\u0105tem konkretnych potrzeb.<\/p>\n<h3>Mo\u017cliwo\u015bci jazdy z TC53<\/h3>\n<p>Komputer mobilny TC53\/TC58 firmy Zebra zmienia zasady gry w \u015bwiecie mobilno\u015bci przedsi\u0119biorstw.<\/p>\n<ol>\n<li><strong>Nowy, znacznie szybszy procesor:<\/strong> Dzi\u0119ki o\u015bmiordzeniowemu procesorowi Qualcomm 6490 90%, TC53\/TC58 zapewnia niesamowit\u0105 szybko\u015b\u0107 i niemal natychmiastowy czas reakcji. Oferuje r\u00f3wnie\u017c d\u0142ugoterminowe wsparcie dla przysz\u0142ych wersji systemu Android, zapewniaj\u0105c kompatybilno\u015b\u0107 i d\u0142ugowieczno\u015b\u0107.<\/li>\n<li><strong>\u017bywy 6-calowy wy\u015bwietlacz FHD+:<\/strong> Dzi\u0119ki najwi\u0119kszemu, najwy\u017cszej rozdzielczo\u015bci i najja\u015bniejszemu wy\u015bwietlaczowi w swojej klasie, TC53\/TC58 u\u0142atwia odczyt w pomieszczeniach i na zewn\u0105trz, zapewniaj\u0105c optymaln\u0105 widoczno\u015b\u0107 w ka\u017cdym \u015brodowisku.<\/li>\n<li><strong>Szybsza, przysz\u0142o\u015bciowa \u0142\u0105czno\u015b\u0107:<\/strong> Wyposa\u017cone w technologie 5G (TC58) i Wi-Fi 6E urz\u0105dzenie zapewnia najszybsze mo\u017cliwe pr\u0119dko\u015bci kom\u00f3rkowe dla pracownik\u00f3w w terenie. Optymalizuje r\u00f3wnie\u017c wydajno\u015b\u0107 Wi-Fi w du\u017cych budynkach, u\u0142atwiaj\u0105c po\u0142\u0105czenia o niskim op\u00f3\u017anieniu, kt\u00f3re zasilaj\u0105 aplikacje rzeczywisto\u015bci rozszerzonej nowej generacji.<\/li>\n<li><strong>Skanowanie standardowe lub zaawansowane:<\/strong> TC53\/TC58 oferuje dwie opcje skanowania. Silnik skanuj\u0105cy SE4720 1D\/2D oferuje skanowanie w standardowym zakresie, zapewniaj\u0105c niezawodn\u0105 rejestracj\u0119 kod\u00f3w kreskowych w praktycznie ka\u017cdych warunkach. Z drugiej strony mechanizm skanuj\u0105cy SE55 umo\u017cliwia pracownikom \u0142atwe skanowanie kod\u00f3w kreskowych z r\u0119ki lub po drugiej stronie pomieszczenia, zapewniaj\u0105c elastyczno\u015b\u0107 w r\u00f3\u017cnych scenariuszach skanowania.<\/li>\n<li><strong>Zdj\u0119cia i wideo w ultrawysokiej rozdzielczo\u015bci:<\/strong> Rejestruj osza\u0142amiaj\u0105ce zdj\u0119cia i filmy dzi\u0119ki tylnej kamerze TC53\/TC58 o rozdzielczo\u015bci 16 MP z technologi\u0105 optycznej stabilizacji obrazu (OIS). Funkcja ta zapewnia lepsz\u0105 wydajno\u015b\u0107 w warunkach s\u0142abego o\u015bwietlenia i w sytuacjach o wysokim zakresie dynamiki, zapewniaj\u0105c wyj\u0105tkow\u0105 jako\u015b\u0107 obrazu.<\/li>\n<li><strong>Wodoodporny, py\u0142oszczelny, odporny na upadki:<\/strong> Modele TC53\/TC58 zosta\u0142y skonstruowane z my\u015bl\u0105 o pracy w najtrudniejszych warunkach. Dzi\u0119ki podw\u00f3jnemu uszczelnieniu IP65\/IP68 jest wodoszczelna i py\u0142oszczelna. Mo\u017ce r\u00f3wnie\u017c wytrzyma\u0107 upadek na beton z wysoko\u015bci 1,8 m (6 st\u00f3p) z os\u0142on\u0105 ochronn\u0105 lub z wysoko\u015bci 1,5 m (5 st\u00f3p) na p\u0142ytk\u0119 betonow\u0105 bez os\u0142ony ochronnej. Ponadto spe\u0142nia standardy MIL-STD-810H w zakresie trwa\u0142o\u015bci.<\/li>\n<li><strong>Niezr\u00f3wnana technologia akumulator\u00f3w:<\/strong> TC53\/TC58 mo\u017ce pochwali\u0107 si\u0119 bateri\u0105 o najwi\u0119kszej pojemno\u015bci w swojej klasie, zapewniaj\u0105c\u0105 d\u0142ugotrwa\u0142e zasilanie. Oferuje r\u00f3\u017cne opcje baterii, w tym bateri\u0119 o wyd\u0142u\u017conym czasie pracy, bateri\u0119 BLE i bateri\u0119 do \u0142adowania bezprzewodowego. Dzi\u0119ki mo\u017cliwo\u015bci wymiany na ciep\u0142o (modele standardowe) i na gor\u0105co (modele premium) mo\u017cna p\u0142ynnie prze\u0142\u0105cza\u0107 baterie, aby unikn\u0105\u0107 przestoj\u00f3w i zapewni\u0107 ci\u0105g\u0142\u0105 prac\u0119. Urz\u0105dzenie oferuje r\u00f3wnie\u017c doskona\u0142e zarz\u0105dzanie bateri\u0105 w celu zapewnienia optymalnej wydajno\u015bci.<\/li>\n<li><strong>Najwy\u017csza jako\u015b\u0107 g\u0142osu:<\/strong> Komunikacja ma kluczowe znaczenie w ka\u017cdym \u015brodowisku biznesowym, a TC53\/TC58 wyr\u00f3\u017cnia si\u0119 doskona\u0142\u0105 jako\u015bci\u0105 g\u0142osu. Dzi\u0119ki trzem zintegrowanym mikrofonom, dw\u00f3m g\u0142o\u015bnikom i obs\u0142udze bezprzewodowych i przewodowych zestaw\u00f3w s\u0142uchawkowych, urz\u0105dzenie to gwarantuje, \u017ce ka\u017cde s\u0142owo b\u0119dzie wyra\u017anie s\u0142yszane, dzi\u0119ki czemu ka\u017cda rozmowa b\u0119dzie wydajna i skuteczna.<\/li>\n<li><strong>D\u0142ugi cykl \u017cycia:<\/strong> Zebra zapewnia szerokie wsparcie dla TC53\/TC58, oferuj\u0105c czteroletnie wsparcie sprzeda\u017cy i dodatkowe cztery lata sta\u0142ego wsparcia. Ten d\u0142ugi cykl \u017cycia gwarantuje, \u017ce mo\u017cna polega\u0107 na swojej inwestycji przez d\u0142u\u017cszy czas, maksymalizuj\u0105c zwrot z inwestycji.<\/li>\n<li><strong>Maksymalny czas sprawno\u015bci dzi\u0119ki Zebra OneCare\u2122:<\/strong> Kompleksowe plany wsparcia Zebra, takie jak Zebra OneCare\u2122, zapewniaj\u0105 spok\u00f3j ducha dla Twojej firmy. Dzi\u0119ki opcjom obejmuj\u0105cym zakres od Essential po podwy\u017cszone wsparcie Select, a nawet specjalistyczne plany ukierunkowanej ochrony, mo\u017cesz wybra\u0107 poziom ochrony, kt\u00f3ry najlepiej odpowiada Twoim potrzebom biznesowym.<\/li>\n<\/ol>\n<h3>Przegl\u0105d urz\u0105dze\u0144<\/h3>\n<p>Komputer mobilny TC53\/TC58 firmy Zebra zosta\u0142 zaprojektowany specjalnie dla pracownik\u00f3w pierwszej linii w handlu detalicznym, us\u0142ugach terenowych i logistyce. To urz\u0105dzenie nowej generacji bazuje na sukcesie swojego poprzednika, oferuj\u0105c idealn\u0105 r\u00f3wnowag\u0119 mi\u0119dzy wytrzyma\u0142o\u015bci\u0105, ergonomi\u0105 i intuicyjn\u0105 konstrukcj\u0105. Dzi\u0119ki wiod\u0105cym w bran\u017cy innowacjom sprz\u0119towym i programowym TC53\/TC58 na nowo definiuje wydajno\u015b\u0107 komputer\u00f3w mobilnych i otwiera \u015bwiat mo\u017cliwo\u015bci dla przedsi\u0119biorc\u00f3w.<\/p>\n<h3>Najwa\u017cniejsze cechy TC53<\/h3>\n<ol>\n<li><strong>Przednia kamera 8 MP:<\/strong> TC53\/TC58 wyposa\u017cono w przedni\u0105 kamer\u0119 o rozdzielczo\u015bci 8 MP, umo\u017cliwiaj\u0105c\u0105 pracownikom rejestrowanie zdj\u0119\u0107 i film\u00f3w na potrzeby dokumentacji lub komunikacji.<\/li>\n<li><strong>5G (TC58) i Wi-Fi 6E:<\/strong> Dzi\u0119ki \u0142\u0105czno\u015bci 5G (TC58) i Wi-Fi 6E, TC53\/TC58 zapewniaj\u0105 najszybsze mo\u017cliwe pr\u0119dko\u015bci kom\u00f3rkowe, zapewniaj\u0105c p\u0142ynn\u0105 \u0142\u0105czno\u015b\u0107 pracownikom w terenie. Zoptymalizowana wydajno\u015b\u0107 Wi-Fi w du\u017cych budynkach dodatkowo poprawia \u0142\u0105czno\u015b\u0107, podczas gdy po\u0142\u0105czenia o niskim op\u00f3\u017anieniu zasilaj\u0105 aplikacje rozszerzonej rzeczywisto\u015bci nowej generacji.<\/li>\n<li><strong>Lekka i cienka konstrukcja:<\/strong> Wa\u017c\u0105cy zaledwie 293 g i mierz\u0105cy zaledwie 16,7 mm grubo\u015bci TC53\/TC58 oferuje lekk\u0105 i kompaktow\u0105 obudow\u0119. Taka konstrukcja zapewnia wygod\u0119 i \u0142atwo\u015b\u0107 u\u017cytkowania nawet podczas d\u0142ugich zmian roboczych.<\/li>\n<li><strong>Dwustronny klawisz skanowania:<\/strong> Urz\u0105dzenie jest wyposa\u017cone w dwustronny przycisk skanowania, kt\u00f3ry umo\u017cliwia u\u017cytkownikom \u0142atwe inicjowanie skanowania, niezale\u017cnie od tego, czy s\u0105 lewor\u0119czni, czy prawor\u0119czni.<\/li>\n<li><strong>Wiele konfiguracji pami\u0119ci:<\/strong> Terminal r\u0119czny oferuje elastyczne konfiguracje pami\u0119ci z dost\u0119pnymi opcjami do 8 GB RAM i 128 GB UFS Flash. Pozwala to u\u017cytkownikom na efektywne przechowywanie i dost\u0119p do danych.<\/li>\n<li><strong>Klawisz Push-to-Talk:<\/strong> Dzi\u0119ki dedykowanemu klawiszowi push-to-talk TC53 u\u0142atwia natychmiastow\u0105 komunikacj\u0119 mi\u0119dzy cz\u0142onkami zespo\u0142u, promuj\u0105c wsp\u00f3\u0142prac\u0119 i wydajno\u015b\u0107.<\/li>\n<li><strong>Tylna kamera o bardzo wysokiej rozdzielczo\u015bci:<\/strong> Terminal jest wyposa\u017cony w tyln\u0105 kamer\u0119 16 MP z technologi\u0105 optycznej stabilizacji obrazu (OIS). Zapewnia to doskona\u0142\u0105 jako\u015b\u0107 obrazu nawet w trudnych warunkach o\u015bwietleniowych, umo\u017cliwiaj\u0105c pracownikom przechwytywanie szczeg\u00f3\u0142owych obraz\u00f3w do dokumentacji lub analizy.<\/li>\n<li><strong>eConnex\u2122 do parowania Snap-and-Go:<\/strong> TC53 jest wyposa\u017cony w technologi\u0119 eConnex\u2122, kt\u00f3ra umo\u017cliwia \u0142atwe parowanie z saniami RFID i innymi akcesoriami. Ta funkcja \"snap-and-go\" usprawnia proces wdra\u017cania i zwi\u0119ksza produktywno\u015b\u0107.<\/li>\n<li><strong>Czujnik g\u0142\u0119boko\u015bci czasu przelotu:<\/strong> W celu dok\u0142adnego wymiarowania paczek, TC53 posiada czujnik g\u0142\u0119boko\u015bci Time of Flight. Ten zaawansowany czujnik umo\u017cliwia precyzyjne pomiary, zwi\u0119kszaj\u0105c dok\u0142adno\u015b\u0107 i wydajno\u015b\u0107 wysy\u0142ki.<\/li>\n<li><strong>Opcje baterii:<\/strong> TC53 oferuje szereg opcji baterii dostosowanych do r\u00f3\u017cnych potrzeb u\u017cytkownik\u00f3w. U\u017cytkownicy mog\u0105 wybra\u0107 bateri\u0119 standardow\u0105, bateri\u0119 o rozszerzonym zasi\u0119gu, bateri\u0119 BLE lub bateri\u0119 do \u0142adowania bezprzewodowego.<\/li>\n<li><strong>Zaawansowane mo\u017cliwo\u015bci skanowania:<\/strong> Urz\u0105dzenie jest wyposa\u017cone w dwa silniki skanuj\u0105ce. Silnik skanuj\u0105cy SE55 1D\/2D Advanced Range wyposa\u017cony jest w technologi\u0119 IntelliFocus\u2122 umo\u017cliwiaj\u0105c\u0105 pracownikom skanowanie kod\u00f3w kreskowych bez wysi\u0142ku. Niezale\u017cnie od tego, czy znajduj\u0105 si\u0119 w bliskiej odleg\u0142o\u015bci, czy na odleg\u0142o\u015b\u0107. Mechanizm skanuj\u0105cy SE4720 1D\/2D oferuje standardowy zasi\u0119g skanowania i zapewnia niezawodn\u0105 rejestracj\u0119 kod\u00f3w kreskowych w r\u00f3\u017cnych warunkach.<\/li>\n<li><strong>Bardzo jasny wy\u015bwietlacz Full HD+:<\/strong> Urz\u0105dzenie posiada 6-calowy wy\u015bwietlacz Full HD+ o wyj\u0105tkowej jasno\u015bci. Ekran jest chroniony szk\u0142em Corning\u00ae Gorilla\u00ae Glass zapewniaj\u0105cym trwa\u0142o\u015b\u0107 i odporno\u015b\u0107 na zarysowania.<\/li>\n<\/ol>\n<p>&nbsp;<\/p>\n<p>&nbsp;<\/p>","protected":false},"excerpt":{"rendered":"<p>Zebra TC53 to komputer mobilny klasy korporacyjnej, kt\u00f3ry na nowo definiuje mobilno\u015b\u0107 dla przedsi\u0119biorc\u00f3w. Jego wydajny procesor, zaawansowana \u0142\u0105czno\u015b\u0107 bezprzewodowa i innowacyjne funkcje otwieraj\u0105 nowe mo\u017cliwo\u015bci w zakresie gromadzenia danych, przep\u0142ywu pracy i wydajno\u015bci operacyjnej.<\/p>\n<p>Dzi\u0119ki swojej przysz\u0142o\u015bciowej konstrukcji, doskona\u0142emu do\u015bwiadczeniu u\u017cytkownika i wszechstronnym mo\u017cliwo\u015bciom oprogramowania, TC53 umo\u017cliwia firmom dostosowanie si\u0119 i rozw\u00f3j w stale ewoluuj\u0105cym krajobrazie cyfrowym.<\/p>","protected":false},"featured_media":21885,"comment_status":"open","ping_status":"closed","template":"","meta":[],"product_cat":[1387,2918],"product_tag":[1875,715,1436,1832,2920,1400,2919],"acf":[],"_links":{"self":[{"href":"https:\/\/paymentdiscounter.com\/pl\/wp-json\/wp\/v2\/product\/21883"}],"collection":[{"href":"https:\/\/paymentdiscounter.com\/pl\/wp-json\/wp\/v2\/product"}],"about":[{"href":"https:\/\/paymentdiscounter.com\/pl\/wp-json\/wp\/v2\/types\/product"}],"replies":[{"embeddable":true,"href":"https:\/\/paymentdiscounter.com\/pl\/wp-json\/wp\/v2\/comments?post=21883"}],"version-history":[{"count":4,"href":"https:\/\/paymentdiscounter.com\/pl\/wp-json\/wp\/v2\/product\/21883\/revisions"}],"predecessor-version":[{"id":21892,"href":"https:\/\/paymentdiscounter.com\/pl\/wp-json\/wp\/v2\/product\/21883\/revisions\/21892"}],"wp:featuredmedia":[{"embeddable":true,"href":"https:\/\/paymentdiscounter.com\/pl\/wp-json\/wp\/v2\/media\/21885"}],"wp:attachment":[{"href":"https:\/\/paymentdiscounter.com\/pl\/wp-json\/wp\/v2\/media?parent=21883"}],"wp:term":[{"taxonomy":"product_cat","embeddable":true,"href":"https:\/\/paymentdiscounter.com\/pl\/wp-json\/wp\/v2\/product_cat?post=21883"},{"taxonomy":"product_tag","embeddable":true,"href":"https:\/\/paymentdiscounter.com\/pl\/wp-json\/wp\/v2\/product_tag?post=21883"}],"curies":[{"name":"wp","href":"https:\/\/api.w.org\/{rel}","templated":true}]}}