{"id":19293,"date":"2023-04-06T09:16:50","date_gmt":"2023-04-06T09:16:50","guid":{"rendered":"https:\/\/paymentdiscounter.com\/?post_type=product&#038;p=19293"},"modified":"2025-05-07T12:39:47","modified_gmt":"2025-05-07T12:39:47","slug":"pax-a920-pokrywa-baterii","status":"publish","type":"product","link":"https:\/\/paymentdiscounter.com\/pl\/produkt\/pax-a920-pokrywa-baterii\/","title":{"rendered":"Pokrywa baterii Pax A920"},"content":{"rendered":"<p>Tylna pokrywa terminala Pax A920 mo\u017ce ulec uszkodzeniu w razie upadku lub uderzenia. Zazwyczaj jest to widoczne przez mechanizm przesuwny w dolnej cz\u0119\u015bci urz\u0105dzenia p\u0142atniczego. Ten mechanizm przesuwny zapewnia, \u017ce bateria jest bezpiecznie zablokowana i nie wypadnie. W przypadku trudno\u015bci z zamkni\u0119ciem pokrywy lub widocznego uszkodzenia pokrywy zaleca si\u0119 wymian\u0119 tylnej pokrywy na czas.<\/p>\n<p>Chocia\u017c tymczasowe zabezpieczenie tylnej klapy za pomoc\u0105 ta\u015bmy mo\u017ce by\u0107 tymczasowym rozwi\u0105zaniem, istnieje znaczne ryzyko jej uszkodzenia i spowodowania zwarcia z powodu s\u0142abego kontaktu z bateri\u0105. Aby unikn\u0105\u0107 takiego ryzyka, zaleca si\u0119 zam\u00f3wienie nowej oryginalnej pokrywy baterii Pax A920 w sklepie internetowym. Z\u0142\u00f3\u017c zam\u00f3wienie przed godzin\u0105 16:00, a my wy\u015blemy je tego samego dnia.<\/p>","protected":false},"excerpt":{"rendered":"<p>Komora baterii terminala Pax A920 znajduje si\u0119 w dolnej cz\u0119\u015bci i s\u0142u\u017cy jako zabezpieczenie baterii i element\u00f3w wewn\u0119trznych. Mo\u017cna j\u0105 \u0142atwo otwiera\u0107 i zamyka\u0107 za pomoc\u0105 mechanizmu przesuwnego, aby u\u0142atwi\u0107 wymian\u0119 baterii w razie potrzeby.<\/p>\n<p>Mo\u017cesz wygodnie kupi\u0107 Pax A920 Battery Cover w naszym sklepie internetowym. Zam\u00f3wienia z\u0142o\u017cone przed godzin\u0105 16:00 s\u0105 wysy\u0142ane tego samego dnia. Ten autentyczny produkt Pax jest nie tylko \u0142atwy w instalacji, ale tak\u017ce zapewnia ochron\u0119 krytycznych cz\u0119\u015bci, takich jak wn\u0119trze.<\/p>\n<h1 style=\"color: #37557a; font-size: 12px;\">*Tylko tylna pokrywa, terminal nie jest do\u0142\u0105czony<\/h1>","protected":false},"featured_media":19295,"comment_status":"open","ping_status":"closed","template":"","meta":[],"product_cat":[730,1485],"product_tag":[2610,3333,1369,2612,728,1488,2611],"acf":[],"_links":{"self":[{"href":"https:\/\/paymentdiscounter.com\/pl\/wp-json\/wp\/v2\/product\/19293"}],"collection":[{"href":"https:\/\/paymentdiscounter.com\/pl\/wp-json\/wp\/v2\/product"}],"about":[{"href":"https:\/\/paymentdiscounter.com\/pl\/wp-json\/wp\/v2\/types\/product"}],"replies":[{"embeddable":true,"href":"https:\/\/paymentdiscounter.com\/pl\/wp-json\/wp\/v2\/comments?post=19293"}],"version-history":[{"count":2,"href":"https:\/\/paymentdiscounter.com\/pl\/wp-json\/wp\/v2\/product\/19293\/revisions"}],"predecessor-version":[{"id":19297,"href":"https:\/\/paymentdiscounter.com\/pl\/wp-json\/wp\/v2\/product\/19293\/revisions\/19297"}],"wp:featuredmedia":[{"embeddable":true,"href":"https:\/\/paymentdiscounter.com\/pl\/wp-json\/wp\/v2\/media\/19295"}],"wp:attachment":[{"href":"https:\/\/paymentdiscounter.com\/pl\/wp-json\/wp\/v2\/media?parent=19293"}],"wp:term":[{"taxonomy":"product_cat","embeddable":true,"href":"https:\/\/paymentdiscounter.com\/pl\/wp-json\/wp\/v2\/product_cat?post=19293"},{"taxonomy":"product_tag","embeddable":true,"href":"https:\/\/paymentdiscounter.com\/pl\/wp-json\/wp\/v2\/product_tag?post=19293"}],"curies":[{"name":"wp","href":"https:\/\/api.w.org\/{rel}","templated":true}]}}