{"id":14593,"date":"2022-05-26T13:10:55","date_gmt":"2022-05-26T13:10:55","guid":{"rendered":"https:\/\/paymentdiscounter.com\/?post_type=product&#038;p=14593"},"modified":"2024-03-05T01:03:33","modified_gmt":"2024-03-05T01:03:33","slug":"kopia-plyty-tylnej-verifone-p400","status":"publish","type":"product","link":"https:\/\/paymentdiscounter.com\/pl\/produkt\/kopia-plyty-tylnej-verifone-p400\/","title":{"rendered":"P\u0142yta tylna Verifone P400"},"content":{"rendered":"","protected":false},"excerpt":{"rendered":"<p>P\u0142yta tylna Verifone P400 to p\u0142yta monta\u017cowa, kt\u00f3ra s\u0142u\u017cy do mocowania urz\u0105dzenia do s\u0142upka p\u0142atniczego. P\u0142yt\u0119 tyln\u0105 mo\u017cna \u0142atwo przymocowa\u0107 do spodu terminala p\u0142atniczego i zatrzasn\u0105\u0107 terminal p\u0142atniczy na stojaku.<\/p>\n<p>Korzystanie ze standardu Tailwind zapobiega uszkodzeniom i kosztownym naprawom.<\/p>","protected":false},"featured_media":14594,"comment_status":"closed","ping_status":"closed","template":"","meta":[],"product_cat":[791,824],"product_tag":[1893,3340,1894,1326,776,3338,821],"acf":[],"_links":{"self":[{"href":"https:\/\/paymentdiscounter.com\/pl\/wp-json\/wp\/v2\/product\/14593"}],"collection":[{"href":"https:\/\/paymentdiscounter.com\/pl\/wp-json\/wp\/v2\/product"}],"about":[{"href":"https:\/\/paymentdiscounter.com\/pl\/wp-json\/wp\/v2\/types\/product"}],"replies":[{"embeddable":true,"href":"https:\/\/paymentdiscounter.com\/pl\/wp-json\/wp\/v2\/comments?post=14593"}],"version-history":[{"count":4,"href":"https:\/\/paymentdiscounter.com\/pl\/wp-json\/wp\/v2\/product\/14593\/revisions"}],"predecessor-version":[{"id":26289,"href":"https:\/\/paymentdiscounter.com\/pl\/wp-json\/wp\/v2\/product\/14593\/revisions\/26289"}],"wp:featuredmedia":[{"embeddable":true,"href":"https:\/\/paymentdiscounter.com\/pl\/wp-json\/wp\/v2\/media\/14594"}],"wp:attachment":[{"href":"https:\/\/paymentdiscounter.com\/pl\/wp-json\/wp\/v2\/media?parent=14593"}],"wp:term":[{"taxonomy":"product_cat","embeddable":true,"href":"https:\/\/paymentdiscounter.com\/pl\/wp-json\/wp\/v2\/product_cat?post=14593"},{"taxonomy":"product_tag","embeddable":true,"href":"https:\/\/paymentdiscounter.com\/pl\/wp-json\/wp\/v2\/product_tag?post=14593"}],"curies":[{"name":"wp","href":"https:\/\/api.w.org\/{rel}","templated":true}]}}