{"id":14521,"date":"2022-05-25T15:53:09","date_gmt":"2022-05-25T15:53:09","guid":{"rendered":"https:\/\/paymentdiscounter.com\/?post_type=product&#038;p=14521"},"modified":"2023-07-22T22:04:55","modified_gmt":"2023-07-22T22:04:55","slug":"plyta-tylna-ingenico-ict250","status":"publish","type":"product","link":"https:\/\/paymentdiscounter.com\/pl\/produkt\/plyta-tylna-ingenico-ict250\/","title":{"rendered":"Ingenico P\u0142yta tylna ICT250"},"content":{"rendered":"","protected":false},"excerpt":{"rendered":"<p>P\u0142yta tylna Ingenico ICT250 to p\u0142yta monta\u017cowa, kt\u00f3ra s\u0142u\u017cy do mocowania urz\u0105dzenia do s\u0142upka p\u0142atniczego. P\u0142yt\u0119 tyln\u0105 mo\u017cna \u0142atwo przymocowa\u0107 do spodu terminala p\u0142atniczego i zatrzasn\u0105\u0107 terminal p\u0142atniczy na stojaku.<\/p>\n<p>Korzystanie ze standardu Tailwind zapobiega uszkodzeniom i kosztownym naprawom.<\/p>","protected":false},"featured_media":14519,"comment_status":"open","ping_status":"closed","template":"","meta":[],"product_cat":[705,829],"product_tag":[1893,703,1328,1894,1326],"acf":[],"_links":{"self":[{"href":"https:\/\/paymentdiscounter.com\/pl\/wp-json\/wp\/v2\/product\/14521"}],"collection":[{"href":"https:\/\/paymentdiscounter.com\/pl\/wp-json\/wp\/v2\/product"}],"about":[{"href":"https:\/\/paymentdiscounter.com\/pl\/wp-json\/wp\/v2\/types\/product"}],"replies":[{"embeddable":true,"href":"https:\/\/paymentdiscounter.com\/pl\/wp-json\/wp\/v2\/comments?post=14521"}],"version-history":[{"count":3,"href":"https:\/\/paymentdiscounter.com\/pl\/wp-json\/wp\/v2\/product\/14521\/revisions"}],"predecessor-version":[{"id":15646,"href":"https:\/\/paymentdiscounter.com\/pl\/wp-json\/wp\/v2\/product\/14521\/revisions\/15646"}],"wp:featuredmedia":[{"embeddable":true,"href":"https:\/\/paymentdiscounter.com\/pl\/wp-json\/wp\/v2\/media\/14519"}],"wp:attachment":[{"href":"https:\/\/paymentdiscounter.com\/pl\/wp-json\/wp\/v2\/media?parent=14521"}],"wp:term":[{"taxonomy":"product_cat","embeddable":true,"href":"https:\/\/paymentdiscounter.com\/pl\/wp-json\/wp\/v2\/product_cat?post=14521"},{"taxonomy":"product_tag","embeddable":true,"href":"https:\/\/paymentdiscounter.com\/pl\/wp-json\/wp\/v2\/product_tag?post=14521"}],"curies":[{"name":"wp","href":"https:\/\/api.w.org\/{rel}","templated":true}]}}