{"id":14514,"date":"2022-05-25T11:11:01","date_gmt":"2022-05-25T11:11:01","guid":{"rendered":"https:\/\/paymentdiscounter.com\/?post_type=product&#038;p=14514"},"modified":"2023-07-22T22:04:39","modified_gmt":"2023-07-22T22:04:39","slug":"plyta-tylna-ingenico-desk-5000","status":"publish","type":"product","link":"https:\/\/paymentdiscounter.com\/pl\/produkt\/plyta-tylna-ingenico-desk-5000\/","title":{"rendered":"P\u0142yta tylna Ingenico Desk 5000"},"content":{"rendered":"","protected":false},"excerpt":{"rendered":"<p>Ingenico Desk 5000 tailwind ped pack Backplate to p\u0142yta monta\u017cowa, kt\u00f3ra s\u0142u\u017cy do przymocowania urz\u0105dzenia do s\u0142upka p\u0142atniczego. P\u0142yt\u0119 tyln\u0105 mo\u017cna \u0142atwo przymocowa\u0107 do spodu terminala p\u0142atniczego i zatrzasn\u0105\u0107 terminal p\u0142atniczy na stojaku.<\/p>\n<p>Korzystanie ze standardu Tailwind zapobiega uszkodzeniom i kosztownym naprawom.<\/p>","protected":false},"featured_media":14515,"comment_status":"open","ping_status":"closed","template":"","meta":[],"product_cat":[705,827],"product_tag":[1893,703,1161,1894,1326],"acf":[],"_links":{"self":[{"href":"https:\/\/paymentdiscounter.com\/pl\/wp-json\/wp\/v2\/product\/14514"}],"collection":[{"href":"https:\/\/paymentdiscounter.com\/pl\/wp-json\/wp\/v2\/product"}],"about":[{"href":"https:\/\/paymentdiscounter.com\/pl\/wp-json\/wp\/v2\/types\/product"}],"replies":[{"embeddable":true,"href":"https:\/\/paymentdiscounter.com\/pl\/wp-json\/wp\/v2\/comments?post=14514"}],"version-history":[{"count":3,"href":"https:\/\/paymentdiscounter.com\/pl\/wp-json\/wp\/v2\/product\/14514\/revisions"}],"predecessor-version":[{"id":15648,"href":"https:\/\/paymentdiscounter.com\/pl\/wp-json\/wp\/v2\/product\/14514\/revisions\/15648"}],"wp:featuredmedia":[{"embeddable":true,"href":"https:\/\/paymentdiscounter.com\/pl\/wp-json\/wp\/v2\/media\/14515"}],"wp:attachment":[{"href":"https:\/\/paymentdiscounter.com\/pl\/wp-json\/wp\/v2\/media?parent=14514"}],"wp:term":[{"taxonomy":"product_cat","embeddable":true,"href":"https:\/\/paymentdiscounter.com\/pl\/wp-json\/wp\/v2\/product_cat?post=14514"},{"taxonomy":"product_tag","embeddable":true,"href":"https:\/\/paymentdiscounter.com\/pl\/wp-json\/wp\/v2\/product_tag?post=14514"}],"curies":[{"name":"wp","href":"https:\/\/api.w.org\/{rel}","templated":true}]}}