{"id":12623,"date":"2022-04-18T08:41:34","date_gmt":"2022-04-18T08:41:34","guid":{"rendered":"https:\/\/paymentdiscounter.com\/?post_type=product&#038;p=12623"},"modified":"2026-03-07T11:53:09","modified_gmt":"2026-03-07T11:53:09","slug":"nexgo-n86-bateria","status":"publish","type":"product","link":"https:\/\/paymentdiscounter.com\/pl\/produkt\/nexgo-n86-bateria\/","title":{"rendered":"Bateria Nexgo N86"},"content":{"rendered":"<p><strong>Bateria Nexgo N86<\/strong><br \/>\nOg\u00f3lnie bateria wystarcza na oko\u0142o 2-3 lata lub 300 pe\u0142nych cykli \u0142adowania. Poniewa\u017c przedsi\u0119biorcy czasami maj\u0105 p\u0142atno\u015bci kartami do 50%, wa\u017cne jest, aby zawsze mie\u0107 pe\u0142n\u0105 bateri\u0119. Brak mo\u017cliwo\u015bci przyjmowania p\u0142atno\u015bci mobilnych mo\u017ce prowadzi\u0107 do utraty przychod\u00f3w. Dlatego zawsze warto mie\u0107 pod r\u0119k\u0105 zapasow\u0105 i na\u0142adowan\u0105 bateri\u0119. Na wszelki wypadek.<\/p>\n<p><strong>\u0141adowanie akumulatora<\/strong><br \/>\nNajlepiej jest \u0142adowa\u0107 akumulator tak cz\u0119sto, jak to mo\u017cliwe. W przypadku pe\u0142nego cyklu \u0142adowania od 0% do 100% maksymalna pojemno\u015b\u0107 spada bardziej ni\u017c w przypadku dziesi\u0119ciu kr\u00f3tkich cykli \u0142adowania od 90% do 100%. Je\u015bli temperatura otoczenia jest ni\u017csza ni\u017c 0\u00b0C, nie zaleca si\u0119 \u0142adowania akumulatora. Mo\u017cliwe jest, \u017ce procesy chemiczne spowoduj\u0105 zwarcie, kt\u00f3re uszkodzi terminal p\u0142atniczy. Dotyczy to r\u00f3wnie\u017c sytuacji, gdy temperatura otoczenia jest wy\u017csza ni\u017c 40\u00b0C.<\/p>\n<p>Jest ca\u0142kiem mo\u017cliwe, \u017ce bateria przegrzeje si\u0119 i dojdzie do uszkodzenia, je\u015bli \u0142adowanie nie zostanie wykonane prawid\u0142owo. Bateria Nexgo N86 zawiera czujnik temperatury, kt\u00f3ry zapewnia, \u017ce nie jest \u0142adowana, je\u015bli temperatura jest ni\u017csza ni\u017c 0 \u00b0 C i wy\u017csza ni\u017c 60 \u00b0 C. Aby upewni\u0107 si\u0119, \u017ce bateria wy\u015bwietla prawid\u0142owe warto\u015bci, nale\u017cy przeprowadza\u0107 kalibracj\u0119 baterii co trzy miesi\u0105ce.<\/p>\n<p><strong>Wy\u0142adowanie<\/strong><br \/>\nJe\u015bli pojemno\u015b\u0107 jest ni\u017csza ni\u017c 10%, mo\u017ce wyst\u0105pi\u0107 g\u0142\u0119bokie roz\u0142adowanie. W takim przypadku dojdzie do zwarcia, po kt\u00f3rym terminal p\u0142atniczy w wielu przypadkach automatycznie zasygnalizuje b\u0142\u0105d (sabota\u017c).<\/p>\n<p><strong>Przechowywanie baterii<\/strong><br \/>\nJe\u015bli bateria ma by\u0107 przechowywana, najlepiej pozostawi\u0107 j\u0105 na\u0142adowan\u0105 przez 40%. Bateria b\u0119dzie dzia\u0142a\u0107 d\u0142u\u017cej i nie zestarzeje si\u0119 tak szybko. Wi\u0119cej informacji na temat prawid\u0142owego umieszczenia akumulatora i jego konserwacji mo\u017cna znale\u017a\u0107 w przewodniku Nexgo.<\/p>","protected":false},"excerpt":{"rendered":"<p>Bateria Nexgo N86 jest \u0142atwa do wymiany i mo\u017ce s\u0142u\u017cy\u0107 do kilku lat, je\u015bli jest u\u017cywana prawid\u0142owo. Je\u015bli zauwa\u017cysz, \u017ce terminal mo\u017ce drukowa\u0107 coraz mniej transakcji przy tej samej baterii, ale pokazuje w pe\u0142ni na\u0142adowan\u0105 bateri\u0119, prawdopodobnie rozs\u0105dnie jest go wymieni\u0107.<\/p>","protected":false},"featured_media":12626,"comment_status":"open","ping_status":"closed","template":"","meta":[],"product_cat":[1248,1547],"product_tag":[681,1315,1548,751],"acf":[],"_links":{"self":[{"href":"https:\/\/paymentdiscounter.com\/pl\/wp-json\/wp\/v2\/product\/12623"}],"collection":[{"href":"https:\/\/paymentdiscounter.com\/pl\/wp-json\/wp\/v2\/product"}],"about":[{"href":"https:\/\/paymentdiscounter.com\/pl\/wp-json\/wp\/v2\/types\/product"}],"replies":[{"embeddable":true,"href":"https:\/\/paymentdiscounter.com\/pl\/wp-json\/wp\/v2\/comments?post=12623"}],"version-history":[{"count":3,"href":"https:\/\/paymentdiscounter.com\/pl\/wp-json\/wp\/v2\/product\/12623\/revisions"}],"predecessor-version":[{"id":29082,"href":"https:\/\/paymentdiscounter.com\/pl\/wp-json\/wp\/v2\/product\/12623\/revisions\/29082"}],"wp:featuredmedia":[{"embeddable":true,"href":"https:\/\/paymentdiscounter.com\/pl\/wp-json\/wp\/v2\/media\/12626"}],"wp:attachment":[{"href":"https:\/\/paymentdiscounter.com\/pl\/wp-json\/wp\/v2\/media?parent=12623"}],"wp:term":[{"taxonomy":"product_cat","embeddable":true,"href":"https:\/\/paymentdiscounter.com\/pl\/wp-json\/wp\/v2\/product_cat?post=12623"},{"taxonomy":"product_tag","embeddable":true,"href":"https:\/\/paymentdiscounter.com\/pl\/wp-json\/wp\/v2\/product_tag?post=12623"}],"curies":[{"name":"wp","href":"https:\/\/api.w.org\/{rel}","templated":true}]}}