{"id":12597,"date":"2022-04-17T22:36:06","date_gmt":"2022-04-17T22:36:06","guid":{"rendered":"https:\/\/paymentdiscounter.com\/?post_type=product&#038;p=12597"},"modified":"2026-03-07T11:53:09","modified_gmt":"2026-03-07T11:53:09","slug":"zasilacz-nexgo-n86","status":"publish","type":"product","link":"https:\/\/paymentdiscounter.com\/pl\/produkt\/zasilacz-nexgo-n86\/","title":{"rendered":"Nexgo N86 Zasilanie"},"content":{"rendered":"<p>Nexgo N86 Zasilanie<br \/>\nDo \u0142adowania terminala p\u0142atniczego potrzebna jest \u0142adowarka. Jest ona standardowo do\u0142\u0105czona do terminala p\u0142atniczego. Jednak z biegiem czasu lub po cz\u0119stym u\u017cytkowaniu mog\u0105 wyst\u0105pi\u0107 przerwy. Poniewa\u017c zasilacz jest niezb\u0119dny do funkcjonowania terminala p\u0142atniczego, jego awaria to trudna sytuacja. W ko\u0144cu bez \u0142adowarki nie mo\u017cna do\u0142adowa\u0107 terminala p\u0142atniczego, co mo\u017ce prowadzi\u0107 do utraty obrot\u00f3w.<\/p>\n<p>Nexgo N86 to kompaktowy i przyjazny dla u\u017cytkownika terminal p\u0142atniczy, kt\u00f3ry jest idealny dla w\u0142a\u015bcicieli sklep\u00f3w i niezale\u017cnych przedsi\u0119biorc\u00f3w posiadaj\u0105cych sta\u0142\u0105 lokalizacj\u0119.<\/p>\n<p>U\u017cyj zasilacza Nexgo N86:<br \/>\n- \u0141\u0105cz\u0105c go bezpo\u015brednio z terminalem<br \/>\n- W po\u0142\u0105czeniu ze stacj\u0105 dokuj\u0105c\u0105 Nexgo<\/p>","protected":false},"excerpt":{"rendered":"<p>Zasilacz do Nexgo N86 zosta\u0142 opracowany specjalnie do u\u017cytku z terminalami Nexgo. Jest to oryginalna \u0142adowarka, kt\u00f3r\u0105 mo\u017cna \u0142atwo pod\u0142\u0105czy\u0107 do terminala p\u0142atniczego lub stacji dokuj\u0105cej. Zam\u00f3w terminal p\u0142atniczy szybko i \u0142atwo online.<\/p>\n<h1 style=\"color: #37557a; font-size: 12px;\">*Tylko \u0142adowarka. terminal nie jest do\u0142\u0105czony<\/h1>","protected":false},"featured_media":12613,"comment_status":"open","ping_status":"closed","template":"","meta":[],"product_cat":[1248,1547],"product_tag":[690,1315,1548,751],"acf":[],"_links":{"self":[{"href":"https:\/\/paymentdiscounter.com\/pl\/wp-json\/wp\/v2\/product\/12597"}],"collection":[{"href":"https:\/\/paymentdiscounter.com\/pl\/wp-json\/wp\/v2\/product"}],"about":[{"href":"https:\/\/paymentdiscounter.com\/pl\/wp-json\/wp\/v2\/types\/product"}],"replies":[{"embeddable":true,"href":"https:\/\/paymentdiscounter.com\/pl\/wp-json\/wp\/v2\/comments?post=12597"}],"version-history":[{"count":5,"href":"https:\/\/paymentdiscounter.com\/pl\/wp-json\/wp\/v2\/product\/12597\/revisions"}],"predecessor-version":[{"id":29080,"href":"https:\/\/paymentdiscounter.com\/pl\/wp-json\/wp\/v2\/product\/12597\/revisions\/29080"}],"wp:featuredmedia":[{"embeddable":true,"href":"https:\/\/paymentdiscounter.com\/pl\/wp-json\/wp\/v2\/media\/12613"}],"wp:attachment":[{"href":"https:\/\/paymentdiscounter.com\/pl\/wp-json\/wp\/v2\/media?parent=12597"}],"wp:term":[{"taxonomy":"product_cat","embeddable":true,"href":"https:\/\/paymentdiscounter.com\/pl\/wp-json\/wp\/v2\/product_cat?post=12597"},{"taxonomy":"product_tag","embeddable":true,"href":"https:\/\/paymentdiscounter.com\/pl\/wp-json\/wp\/v2\/product_tag?post=12597"}],"curies":[{"name":"wp","href":"https:\/\/api.w.org\/{rel}","templated":true}]}}