{"id":12579,"date":"2022-04-17T21:46:37","date_gmt":"2022-04-17T21:46:37","guid":{"rendered":"https:\/\/paymentdiscounter.com\/?post_type=product&#038;p=12579"},"modified":"2024-10-24T14:46:20","modified_gmt":"2024-10-24T14:46:20","slug":"pax-a77-backcover","status":"publish","type":"product","link":"https:\/\/paymentdiscounter.com\/pl\/produkt\/pax-a77-backcover\/","title":{"rendered":"Pax A77 Tylna ok\u0142adka"},"content":{"rendered":"<p><strong>Tylna pokrywa Pax A77<\/strong><br \/>\nMo\u017ce si\u0119 zdarzy\u0107, \u017ce terminal uszkodzi tyln\u0105 klap\u0119 w wyniku upadku lub uderzenia. Cz\u0119sto mo\u017cna to zauwa\u017cy\u0107 dzi\u0119ki suwakowi w dolnej cz\u0119\u015bci terminala p\u0142atniczego. Gwarantuje to, \u017ce bateria jest \u0142atwa do zablokowania i nie wypadnie tak po prostu. Je\u015bli mimo to wyst\u0105pi\u0105 problemy z zamkni\u0119ciem pokrywy, zaleca si\u0119 jej wymian\u0119 na czas.<\/p>\n<p>Jako rozwi\u0105zanie tymczasowe mo\u017cna oczywi\u015bcie tymczasowo zabezpieczy\u0107 tyln\u0105 klap\u0119 ta\u015bm\u0105. Istnieje jednak du\u017ce prawdopodobie\u0144stwo, \u017ce w pewnym momencie si\u0119 to nie powiedzie. Ponadto istnieje ryzyko zwarcia, poniewa\u017c akumulator ma gorszy kontakt.<\/p>\n<p>Zam\u00f3w now\u0105 oryginaln\u0105 tyln\u0105 pokryw\u0119 Pax A77 w sklepie internetowym. Je\u015bli zam\u00f3wisz przed 16:00, otrzymasz j\u0105 jutro.<\/p>","protected":false},"excerpt":{"rendered":"<p>Pokrywa baterii Pax A77 znajduje si\u0119 w dolnej cz\u0119\u015bci terminala i zapewnia, \u017ce bateria i wn\u0119trze s\u0105 dobrze chronione. Za pomoc\u0105 suwaka mo\u017cna otwiera\u0107 i zamyka\u0107 pokryw\u0119, aby na przyk\u0142ad wymieni\u0107 bateri\u0119, gdy si\u0119 wyczerpie. Backcover Verifone mo\u017cna \u0142atwo zam\u00f3wi\u0107 w naszym sklepie internetowym. Zam\u00f3wiony dzi\u015b, dostarczony jutro.<\/p>\n<p>\u0141atwy do samodzielnej wymiany<br \/>\nChroni wa\u017cne cz\u0119\u015bci, takie jak wn\u0119trze<br \/>\nOryginalny produkt Verifone<\/p>\n<h1 style=\"color: #37557a; font-size: 12px;\">*Tylko tylna pokrywa, terminal nie jest do\u0142\u0105czony<\/h1>","protected":false},"featured_media":12584,"comment_status":"open","ping_status":"closed","template":"","meta":[],"product_cat":[730,1482],"product_tag":[3334,1369,728,1438,2611],"acf":[],"_links":{"self":[{"href":"https:\/\/paymentdiscounter.com\/pl\/wp-json\/wp\/v2\/product\/12579"}],"collection":[{"href":"https:\/\/paymentdiscounter.com\/pl\/wp-json\/wp\/v2\/product"}],"about":[{"href":"https:\/\/paymentdiscounter.com\/pl\/wp-json\/wp\/v2\/types\/product"}],"replies":[{"embeddable":true,"href":"https:\/\/paymentdiscounter.com\/pl\/wp-json\/wp\/v2\/comments?post=12579"}],"version-history":[{"count":7,"href":"https:\/\/paymentdiscounter.com\/pl\/wp-json\/wp\/v2\/product\/12579\/revisions"}],"predecessor-version":[{"id":21912,"href":"https:\/\/paymentdiscounter.com\/pl\/wp-json\/wp\/v2\/product\/12579\/revisions\/21912"}],"wp:featuredmedia":[{"embeddable":true,"href":"https:\/\/paymentdiscounter.com\/pl\/wp-json\/wp\/v2\/media\/12584"}],"wp:attachment":[{"href":"https:\/\/paymentdiscounter.com\/pl\/wp-json\/wp\/v2\/media?parent=12579"}],"wp:term":[{"taxonomy":"product_cat","embeddable":true,"href":"https:\/\/paymentdiscounter.com\/pl\/wp-json\/wp\/v2\/product_cat?post=12579"},{"taxonomy":"product_tag","embeddable":true,"href":"https:\/\/paymentdiscounter.com\/pl\/wp-json\/wp\/v2\/product_tag?post=12579"}],"curies":[{"name":"wp","href":"https:\/\/api.w.org\/{rel}","templated":true}]}}