{"id":12530,"date":"2022-04-17T11:06:44","date_gmt":"2022-04-17T11:06:44","guid":{"rendered":"https:\/\/paymentdiscounter.com\/?post_type=product&#038;p=12530"},"modified":"2025-05-26T13:39:35","modified_gmt":"2025-05-26T13:39:35","slug":"plyta-adaptera-verifone-p400","status":"publish","type":"product","link":"https:\/\/paymentdiscounter.com\/pl\/produkt\/plyta-adaptera-verifone-p400\/","title":{"rendered":"P\u0142yta adaptera Verifone P400"},"content":{"rendered":"<p>P\u0142ytka adaptera Verifone P400 zapewnia, \u017ce terminal p\u0142atniczy ma stabiln\u0105 podstaw\u0119 i jest lekko podniesiony. Zapobiega to uszkodzeniom spowodowanym przez p\u0142yny i wod\u0119 oraz utrzymuje terminal p\u0142atniczy w dobrym stanie przez d\u0142u\u017cszy czas.<\/p>\n<p>W dolnej cz\u0119\u015bci p\u0142yty adaptera znajduje si\u0119 szereg gumowych n\u00f3\u017cek, kt\u00f3re zapewniaj\u0105 dodatkow\u0105 przyczepno\u015b\u0107. Ta p\u0142yta adaptera jest kompatybilna z podstawkami Verifone P400 firmy CCV.<\/p>","protected":false},"excerpt":{"rendered":"<p>P\u0142yta adaptera verifone p400 zapewnia, \u017ce terminal p\u0142atniczy ma stabiln\u0105 podstaw\u0119 i jest lekko podniesiony. Zapobiega to uszkodzeniom spowodowanym przez p\u0142yny i wod\u0119 oraz utrzymuje terminal p\u0142atniczy w dobrym stanie przez d\u0142u\u017cszy czas.<\/p>\n<p>W dolnej cz\u0119\u015bci p\u0142yty adaptera znajduje si\u0119 szereg gumowych n\u00f3\u017cek, kt\u00f3re zapewniaj\u0105 dodatkow\u0105 przyczepno\u015b\u0107. Ta p\u0142yta adaptera jest kompatybilna z podstawkami Verifone P400 firmy CCV.<\/p>","protected":false},"featured_media":12536,"comment_status":"closed","ping_status":"closed","template":"","meta":[],"product_cat":[791,824],"product_tag":[1542,873,888,723,3340,776,3338,821],"acf":[],"_links":{"self":[{"href":"https:\/\/paymentdiscounter.com\/pl\/wp-json\/wp\/v2\/product\/12530"}],"collection":[{"href":"https:\/\/paymentdiscounter.com\/pl\/wp-json\/wp\/v2\/product"}],"about":[{"href":"https:\/\/paymentdiscounter.com\/pl\/wp-json\/wp\/v2\/types\/product"}],"replies":[{"embeddable":true,"href":"https:\/\/paymentdiscounter.com\/pl\/wp-json\/wp\/v2\/comments?post=12530"}],"version-history":[{"count":7,"href":"https:\/\/paymentdiscounter.com\/pl\/wp-json\/wp\/v2\/product\/12530\/revisions"}],"predecessor-version":[{"id":26295,"href":"https:\/\/paymentdiscounter.com\/pl\/wp-json\/wp\/v2\/product\/12530\/revisions\/26295"}],"wp:featuredmedia":[{"embeddable":true,"href":"https:\/\/paymentdiscounter.com\/pl\/wp-json\/wp\/v2\/media\/12536"}],"wp:attachment":[{"href":"https:\/\/paymentdiscounter.com\/pl\/wp-json\/wp\/v2\/media?parent=12530"}],"wp:term":[{"taxonomy":"product_cat","embeddable":true,"href":"https:\/\/paymentdiscounter.com\/pl\/wp-json\/wp\/v2\/product_cat?post=12530"},{"taxonomy":"product_tag","embeddable":true,"href":"https:\/\/paymentdiscounter.com\/pl\/wp-json\/wp\/v2\/product_tag?post=12530"}],"curies":[{"name":"wp","href":"https:\/\/api.w.org\/{rel}","templated":true}]}}