{"id":10553,"date":"2021-12-16T19:39:00","date_gmt":"2021-12-16T19:39:00","guid":{"rendered":"https:\/\/paymentdiscounter.com\/?post_type=product&#038;p=10553"},"modified":"2025-10-31T16:51:40","modified_gmt":"2025-10-31T16:51:40","slug":"ladowarka-sieciowa-worldline-yoximo","status":"publish","type":"product","link":"https:\/\/paymentdiscounter.com\/pl\/produkt\/ladowarka-sieciowa-worldline-yoximo\/","title":{"rendered":"\u0141adowarka sieciowa Worldline yoximo"},"content":{"rendered":"","protected":false},"excerpt":{"rendered":"<p>Zasilacz do yoximo Worldline zosta\u0142 opracowany specjalnie do u\u017cytku z terminalami p\u0142atniczymi Worldline. Jest to oryginalna \u0142adowarka, kt\u00f3r\u0105 mo\u017cna \u0142atwo pod\u0142\u0105czy\u0107 do terminala p\u0142atniczego lub stacji dokuj\u0105cej. Zam\u00f3w terminal szybko i \u0142atwo online.<\/p>","protected":false},"featured_media":10554,"comment_status":"open","ping_status":"closed","template":"","meta":[],"product_cat":[804,835],"product_tag":[690,751,933,3342,1344,1367,3346],"acf":[],"_links":{"self":[{"href":"https:\/\/paymentdiscounter.com\/pl\/wp-json\/wp\/v2\/product\/10553"}],"collection":[{"href":"https:\/\/paymentdiscounter.com\/pl\/wp-json\/wp\/v2\/product"}],"about":[{"href":"https:\/\/paymentdiscounter.com\/pl\/wp-json\/wp\/v2\/types\/product"}],"replies":[{"embeddable":true,"href":"https:\/\/paymentdiscounter.com\/pl\/wp-json\/wp\/v2\/comments?post=10553"}],"version-history":[{"count":8,"href":"https:\/\/paymentdiscounter.com\/pl\/wp-json\/wp\/v2\/product\/10553\/revisions"}],"predecessor-version":[{"id":37260,"href":"https:\/\/paymentdiscounter.com\/pl\/wp-json\/wp\/v2\/product\/10553\/revisions\/37260"}],"wp:featuredmedia":[{"embeddable":true,"href":"https:\/\/paymentdiscounter.com\/pl\/wp-json\/wp\/v2\/media\/10554"}],"wp:attachment":[{"href":"https:\/\/paymentdiscounter.com\/pl\/wp-json\/wp\/v2\/media?parent=10553"}],"wp:term":[{"taxonomy":"product_cat","embeddable":true,"href":"https:\/\/paymentdiscounter.com\/pl\/wp-json\/wp\/v2\/product_cat?post=10553"},{"taxonomy":"product_tag","embeddable":true,"href":"https:\/\/paymentdiscounter.com\/pl\/wp-json\/wp\/v2\/product_tag?post=10553"}],"curies":[{"name":"wp","href":"https:\/\/api.w.org\/{rel}","templated":true}]}}