{"id":10478,"date":"2021-12-16T11:06:55","date_gmt":"2021-12-16T11:06:55","guid":{"rendered":"https:\/\/paymentdiscounter.com\/?post_type=product&#038;p=10478"},"modified":"2025-05-07T12:51:34","modified_gmt":"2025-05-07T12:51:34","slug":"plyta-montazowa-worldline-yomani","status":"publish","type":"product","link":"https:\/\/paymentdiscounter.com\/pl\/produkt\/plyta-montazowa-worldline-yomani\/","title":{"rendered":"Worldline P\u0142yta monta\u017cowa Yomani"},"content":{"rendered":"","protected":false},"excerpt":{"rendered":"<p>Dzi\u0119ki p\u0142ycie monta\u017cowej Yomani terminal mo\u017cna \u0142atwo przymocowa\u0107 do lady lub licznika. Doln\u0105 p\u0142yt\u0119 mo\u017cna \u0142atwo zamontowa\u0107 na wybranej powierzchni, a nast\u0119pnie zatrzasn\u0105\u0107 terminal p\u0142atniczy na dolnej p\u0142ycie. Rezultatem jest solidne potwierdzenie, kt\u00f3re utrzymuje terminal p\u0142atniczy w dobrym stanie przez jeszcze d\u0142u\u017cszy czas.<\/p>","protected":false},"featured_media":10479,"comment_status":"closed","ping_status":"closed","template":"","meta":[],"product_cat":[804,833],"product_tag":[1204,1355,933,3342,1205,3343,1206],"acf":[],"_links":{"self":[{"href":"https:\/\/paymentdiscounter.com\/pl\/wp-json\/wp\/v2\/product\/10478"}],"collection":[{"href":"https:\/\/paymentdiscounter.com\/pl\/wp-json\/wp\/v2\/product"}],"about":[{"href":"https:\/\/paymentdiscounter.com\/pl\/wp-json\/wp\/v2\/types\/product"}],"replies":[{"embeddable":true,"href":"https:\/\/paymentdiscounter.com\/pl\/wp-json\/wp\/v2\/comments?post=10478"}],"version-history":[{"count":7,"href":"https:\/\/paymentdiscounter.com\/pl\/wp-json\/wp\/v2\/product\/10478\/revisions"}],"predecessor-version":[{"id":33777,"href":"https:\/\/paymentdiscounter.com\/pl\/wp-json\/wp\/v2\/product\/10478\/revisions\/33777"}],"wp:featuredmedia":[{"embeddable":true,"href":"https:\/\/paymentdiscounter.com\/pl\/wp-json\/wp\/v2\/media\/10479"}],"wp:attachment":[{"href":"https:\/\/paymentdiscounter.com\/pl\/wp-json\/wp\/v2\/media?parent=10478"}],"wp:term":[{"taxonomy":"product_cat","embeddable":true,"href":"https:\/\/paymentdiscounter.com\/pl\/wp-json\/wp\/v2\/product_cat?post=10478"},{"taxonomy":"product_tag","embeddable":true,"href":"https:\/\/paymentdiscounter.com\/pl\/wp-json\/wp\/v2\/product_tag?post=10478"}],"curies":[{"name":"wp","href":"https:\/\/api.w.org\/{rel}","templated":true}]}}