{"id":9902,"date":"2021-12-13T10:18:11","date_gmt":"2021-12-13T10:18:11","guid":{"rendered":"https:\/\/paymentdiscounter.com\/?post_type=product&#038;p=9902"},"modified":"2025-01-13T22:31:30","modified_gmt":"2025-01-13T22:31:30","slug":"worldline-yomani-stand-contour-tailwind","status":"publish","type":"product","link":"https:\/\/paymentdiscounter.com\/it\/product\/worldline-yomani-stand-contour-tailwind\/","title":{"rendered":"Worldline Yomani Stand Contour | Tailwind"},"content":{"rendered":"<p>Worldline Yomani Stand Contour | TailwindWorldline Yomani Stand Contour | TailwindWorldline Yomani Stand Contour | TailwindWorldline Yomani Stand Contour | TailwindWorldline Yomani Stand Contour | TailwindWorldline Yomani Stand Contour | Tailwind<\/p>\n<p>L'asta Yomani di Woldline \u00e8 ideale per gli imprenditori che hanno un bancone fisso. La base girevole offre una posizione fissa per il terminale Worldline e riduce lo spazio necessario sul bancone. Riduce il rischio di incidenti e aiuta a prevenire i danni causati dall'acqua o dalle cadute sulla macchina.<\/p>\n<p>L'asta Worldline \u00e8 disponibile nei modelli: Basso | Alto | Montaggio a parete.<br \/>\nL'asta Yomova pu\u00f2 essere fissata utilizzando la striscia adesiva o il set di viti in dotazione.<\/p>\n<p>I vantaggi<\/p>\n<ul>\n<li>Soluzione di montaggio potenziata e rafforzata.<\/li>\n<li>Inclinabile fino a 140 gradi.<\/li>\n<li>Ruotabile fino a 330 gradi.<\/li>\n<li>La fornitura comprende la piastra di montaggio.<\/li>\n<li>Pu\u00f2 essere fissato con viti o strisce adesive.<\/li>\n<li>Impedisce la rottura dei cavi.<\/li>\n<\/ul>\n<p>&nbsp;<\/p>","protected":false},"excerpt":{"rendered":"<p>\u00c8 sufficiente fissare l'asta Worldline Yomani al bancone o alla parete per ottenere maggiore comodit\u00e0 e libert\u00e0 durante il lavoro. L'asta di pagamento offre una maggiore comodit\u00e0 e sicurezza e pu\u00f2 essere ruotata e inclinata fino a 330 gradi. Visualizzate i modelli e ordinate facilmente online la vostra asta fissa.<\/p>","protected":false},"featured_media":9895,"comment_status":"closed","ping_status":"closed","template":"","meta":[],"product_cat":[804,833],"product_tag":[1917,3349,1326,768,933,3342,934,1205,3343,935],"acf":[],"_links":{"self":[{"href":"https:\/\/paymentdiscounter.com\/it\/wp-json\/wp\/v2\/product\/9902"}],"collection":[{"href":"https:\/\/paymentdiscounter.com\/it\/wp-json\/wp\/v2\/product"}],"about":[{"href":"https:\/\/paymentdiscounter.com\/it\/wp-json\/wp\/v2\/types\/product"}],"replies":[{"embeddable":true,"href":"https:\/\/paymentdiscounter.com\/it\/wp-json\/wp\/v2\/comments?post=9902"}],"version-history":[{"count":6,"href":"https:\/\/paymentdiscounter.com\/it\/wp-json\/wp\/v2\/product\/9902\/revisions"}],"predecessor-version":[{"id":26888,"href":"https:\/\/paymentdiscounter.com\/it\/wp-json\/wp\/v2\/product\/9902\/revisions\/26888"}],"wp:featuredmedia":[{"embeddable":true,"href":"https:\/\/paymentdiscounter.com\/it\/wp-json\/wp\/v2\/media\/9895"}],"wp:attachment":[{"href":"https:\/\/paymentdiscounter.com\/it\/wp-json\/wp\/v2\/media?parent=9902"}],"wp:term":[{"taxonomy":"product_cat","embeddable":true,"href":"https:\/\/paymentdiscounter.com\/it\/wp-json\/wp\/v2\/product_cat?post=9902"},{"taxonomy":"product_tag","embeddable":true,"href":"https:\/\/paymentdiscounter.com\/it\/wp-json\/wp\/v2\/product_tag?post=9902"}],"curies":[{"name":"wp","href":"https:\/\/api.w.org\/{rel}","templated":true}]}}