{"id":9900,"date":"2021-12-13T10:15:54","date_gmt":"2021-12-13T10:15:54","guid":{"rendered":"https:\/\/paymentdiscounter.com\/?post_type=product&#038;p=9900"},"modified":"2025-01-13T22:29:32","modified_gmt":"2025-01-13T22:29:32","slug":"worldline-yomani-stand-compatto-tailwind","status":"publish","type":"product","link":"https:\/\/paymentdiscounter.com\/it\/product\/worldline-yomani-stand-compatto-tailwind\/","title":{"rendered":"Worldline Yomani Stand Compatto | Tailwind"},"content":{"rendered":"<p>Worldline Yomani Stand Compact | TailwindWorldline Yomani Stand Compact | TailwindWorldline Yomani Stand Compact | TailwindWorldline Yomani Stand Compact | TailwindWorldline Yomani Stand Compact | TailwindWorldline Yomani Stand Compact | TailwindWorldline Yomani Stand Compact | Tailwind<\/p>\n<p>I vantaggi<\/p>\n<ul>\n<li>Soluzione di montaggio potenziata e rafforzata.<\/li>\n<li>Inclinabile fino a 140 gradi.<\/li>\n<li>Ruotabile fino a 330 gradi.<\/li>\n<li>La fornitura comprende la piastra di montaggio.<\/li>\n<li>Pu\u00f2 essere fissato con viti o strisce adesive.<\/li>\n<li>Impedisce la rottura dei cavi.<\/li>\n<\/ul>\n<p>&nbsp;<\/p>","protected":false},"excerpt":{"rendered":"<p>\u00c8 sufficiente fissare l'asta Worldline Yomani al bancone o alla parete per ottenere maggiore comodit\u00e0 e libert\u00e0 durante il lavoro. L'asta di pagamento offre una maggiore comodit\u00e0 e sicurezza e pu\u00f2 essere ruotata e inclinata fino a 330 gradi. Visualizzate i modelli e ordinate facilmente online la vostra asta fissa.<\/p>","protected":false},"featured_media":9894,"comment_status":"closed","ping_status":"closed","template":"","meta":[],"product_cat":[804,833],"product_tag":[3349,1326,768,933,3342,934,1205,3343,935],"acf":[],"_links":{"self":[{"href":"https:\/\/paymentdiscounter.com\/it\/wp-json\/wp\/v2\/product\/9900"}],"collection":[{"href":"https:\/\/paymentdiscounter.com\/it\/wp-json\/wp\/v2\/product"}],"about":[{"href":"https:\/\/paymentdiscounter.com\/it\/wp-json\/wp\/v2\/types\/product"}],"replies":[{"embeddable":true,"href":"https:\/\/paymentdiscounter.com\/it\/wp-json\/wp\/v2\/comments?post=9900"}],"version-history":[{"count":5,"href":"https:\/\/paymentdiscounter.com\/it\/wp-json\/wp\/v2\/product\/9900\/revisions"}],"predecessor-version":[{"id":26887,"href":"https:\/\/paymentdiscounter.com\/it\/wp-json\/wp\/v2\/product\/9900\/revisions\/26887"}],"wp:featuredmedia":[{"embeddable":true,"href":"https:\/\/paymentdiscounter.com\/it\/wp-json\/wp\/v2\/media\/9894"}],"wp:attachment":[{"href":"https:\/\/paymentdiscounter.com\/it\/wp-json\/wp\/v2\/media?parent=9900"}],"wp:term":[{"taxonomy":"product_cat","embeddable":true,"href":"https:\/\/paymentdiscounter.com\/it\/wp-json\/wp\/v2\/product_cat?post=9900"},{"taxonomy":"product_tag","embeddable":true,"href":"https:\/\/paymentdiscounter.com\/it\/wp-json\/wp\/v2\/product_tag?post=9900"}],"curies":[{"name":"wp","href":"https:\/\/api.w.org\/{rel}","templated":true}]}}