{"id":8175,"date":"2021-11-28T10:52:14","date_gmt":"2021-11-28T10:52:14","guid":{"rendered":"https:\/\/paymentdiscounter.com\/product\/verifone-v400m-voeding\/"},"modified":"2026-03-07T11:53:09","modified_gmt":"2026-03-07T11:53:09","slug":"verifone-v400m-alimentazione","status":"publish","type":"product","link":"https:\/\/paymentdiscounter.com\/it\/product\/verifone-v400m-alimentazione\/","title":{"rendered":"Verifone V400m Alimentazione"},"content":{"rendered":"<p>Caricabatterie Verifone v400m<br \/>\nCon l'alimentatore ATM V400m \u00e8 possibile caricare la batteria in modo rapido e semplice. Questo alimentatore \u00e8 adatto all'uso con il V400m Verifone. Collegare il caricabatterie alla presa di corrente e collegare l'estremit\u00e0 alla stazione base. Questo caricabatterie Verifone \u00e8 stato sviluppato appositamente e destinato all'uso con il V400m Mobile.<\/p>\n<p>\u00c8 inoltre consigliabile tenere in magazzino un alimentatore di riserva. Se per qualsiasi motivo si verifica un difetto, ne avete almeno uno di scorta. In questo modo si risparmia tempo ed eventuali perdite di fatturato dovute all'impossibilit\u00e0 di accettare i pagamenti.<\/p>\n<p>Ordinate il caricabatterie Verifone v400m in modo rapido e conveniente online.<\/p>","protected":false},"excerpt":{"rendered":"<p>Con il caricabatterie per V400m di Verifone avrete sempre la certezza di avere la batteria piena. Il caricabatterie originale per il V400m pu\u00f2 essere utilizzato anche in combinazione con una Docking Station Verifone. Per una maggiore durata del terminale di pagamento, si consiglia di utilizzare il modello originale.<\/p>","protected":false},"featured_media":9684,"comment_status":"closed","ping_status":"closed","template":"","meta":[],"product_cat":[791,812],"product_tag":[690,751,770,3339,776,3338,862],"acf":[],"_links":{"self":[{"href":"https:\/\/paymentdiscounter.com\/it\/wp-json\/wp\/v2\/product\/8175"}],"collection":[{"href":"https:\/\/paymentdiscounter.com\/it\/wp-json\/wp\/v2\/product"}],"about":[{"href":"https:\/\/paymentdiscounter.com\/it\/wp-json\/wp\/v2\/types\/product"}],"replies":[{"embeddable":true,"href":"https:\/\/paymentdiscounter.com\/it\/wp-json\/wp\/v2\/comments?post=8175"}],"version-history":[{"count":7,"href":"https:\/\/paymentdiscounter.com\/it\/wp-json\/wp\/v2\/product\/8175\/revisions"}],"predecessor-version":[{"id":26346,"href":"https:\/\/paymentdiscounter.com\/it\/wp-json\/wp\/v2\/product\/8175\/revisions\/26346"}],"wp:featuredmedia":[{"embeddable":true,"href":"https:\/\/paymentdiscounter.com\/it\/wp-json\/wp\/v2\/media\/9684"}],"wp:attachment":[{"href":"https:\/\/paymentdiscounter.com\/it\/wp-json\/wp\/v2\/media?parent=8175"}],"wp:term":[{"taxonomy":"product_cat","embeddable":true,"href":"https:\/\/paymentdiscounter.com\/it\/wp-json\/wp\/v2\/product_cat?post=8175"},{"taxonomy":"product_tag","embeddable":true,"href":"https:\/\/paymentdiscounter.com\/it\/wp-json\/wp\/v2\/product_tag?post=8175"}],"curies":[{"name":"wp","href":"https:\/\/api.w.org\/{rel}","templated":true}]}}