{"id":8170,"date":"2021-11-28T10:52:13","date_gmt":"2021-11-28T10:52:13","guid":{"rendered":"https:\/\/paymentdiscounter.com\/product\/verifone-v400m-dockingstation\/"},"modified":"2025-06-24T06:35:45","modified_gmt":"2025-06-24T06:35:45","slug":"verifone-v400m-dockingstation","status":"publish","type":"product","link":"https:\/\/paymentdiscounter.com\/it\/product\/verifone-v400m-dockingstation\/","title":{"rendered":"Verifone Dockingstation V400m"},"content":{"rendered":"<p>Stazione base Verifone v400m<br \/>\nL'utilizzo di una stazione base presenta numerosi vantaggi. Non si dipende pi\u00f9 da cavi e fili, ma \u00e8 sufficiente posizionare il terminale di pagamento sul supporto. Poich\u00e9 il bancomat viene sempre caricato in una posizione fissa, si sa esattamente dove si trova. La stazione base Verifone V400m \u00e8 facile da installare con un cavo di alimentazione.<\/p>\n<p>Per un'esperienza ottimale, si consiglia di utilizzare una stazione base originale. In questo modo si evitano danni al terminale di pagamento e costose spese di riparazione.<\/p>","protected":false},"excerpt":{"rendered":"<p>La stazione base Mobile V400m \u00e8 utile se non si vuole mai ritrovarsi con la batteria scarica. Assicura che il terminale di pagamento sia collegato al caricabatterie senza l'uso di cavi e fili. La stazione base per l'Verifone V400m \u00e8 compatta e molto leggera. Ideale da portare con s\u00e9.<\/p>\n<h1 style=\"color: #37557a; font-size: 12px;\">*alimentazione non inclusa<\/h1>","protected":false},"featured_media":9622,"comment_status":"closed","ping_status":"closed","template":"","meta":[],"product_cat":[791,812],"product_tag":[873,694,770,776,3338,889],"acf":[],"_links":{"self":[{"href":"https:\/\/paymentdiscounter.com\/it\/wp-json\/wp\/v2\/product\/8170"}],"collection":[{"href":"https:\/\/paymentdiscounter.com\/it\/wp-json\/wp\/v2\/product"}],"about":[{"href":"https:\/\/paymentdiscounter.com\/it\/wp-json\/wp\/v2\/types\/product"}],"replies":[{"embeddable":true,"href":"https:\/\/paymentdiscounter.com\/it\/wp-json\/wp\/v2\/comments?post=8170"}],"version-history":[{"count":13,"href":"https:\/\/paymentdiscounter.com\/it\/wp-json\/wp\/v2\/product\/8170\/revisions"}],"predecessor-version":[{"id":8723,"href":"https:\/\/paymentdiscounter.com\/it\/wp-json\/wp\/v2\/product\/8170\/revisions\/8723"}],"wp:featuredmedia":[{"embeddable":true,"href":"https:\/\/paymentdiscounter.com\/it\/wp-json\/wp\/v2\/media\/9622"}],"wp:attachment":[{"href":"https:\/\/paymentdiscounter.com\/it\/wp-json\/wp\/v2\/media?parent=8170"}],"wp:term":[{"taxonomy":"product_cat","embeddable":true,"href":"https:\/\/paymentdiscounter.com\/it\/wp-json\/wp\/v2\/product_cat?post=8170"},{"taxonomy":"product_tag","embeddable":true,"href":"https:\/\/paymentdiscounter.com\/it\/wp-json\/wp\/v2\/product_tag?post=8170"}],"curies":[{"name":"wp","href":"https:\/\/api.w.org\/{rel}","templated":true}]}}