{"id":8165,"date":"2021-11-28T10:52:11","date_gmt":"2021-11-28T10:52:11","guid":{"rendered":"https:\/\/paymentdiscounter.com\/product\/verifone-v400m-batterij\/"},"modified":"2026-03-09T21:41:22","modified_gmt":"2026-03-09T21:41:22","slug":"batteria-verifone-v400m","status":"publish","type":"product","link":"https:\/\/paymentdiscounter.com\/it\/product\/batteria-verifone-v400m\/","title":{"rendered":"Batteria Verifone V400m"},"content":{"rendered":"<p>La batteria Verifone v400m soddisfa i pi\u00f9 recenti requisiti di sicurezza ed \u00e8 adatta ai pagamenti senza contatto e all'accettazione di codici QR. La batteria Verifone v400m pu\u00f2 elaborare fino a 200 transazioni prima di dover essere ricaricata.<\/p>\n<p>La batteria Verifone v400m pesa solo 310 grammi.<\/p>","protected":false},"excerpt":{"rendered":"<p>Se si riscontrano problemi di ricarica della batteria Verifone v400m, potrebbe essere necessario sostituirla. La batteria v400m \u00e8 facile da sostituire e da collegare. Le sue dimensioni compatte la rendono facile da trasportare e da utilizzare come batteria di riserva.<\/p>","protected":false},"featured_media":16345,"comment_status":"closed","ping_status":"closed","template":"","meta":[],"product_cat":[791,812],"product_tag":[681,770,776,3338,867],"acf":[],"_links":{"self":[{"href":"https:\/\/paymentdiscounter.com\/it\/wp-json\/wp\/v2\/product\/8165"}],"collection":[{"href":"https:\/\/paymentdiscounter.com\/it\/wp-json\/wp\/v2\/product"}],"about":[{"href":"https:\/\/paymentdiscounter.com\/it\/wp-json\/wp\/v2\/types\/product"}],"replies":[{"embeddable":true,"href":"https:\/\/paymentdiscounter.com\/it\/wp-json\/wp\/v2\/comments?post=8165"}],"version-history":[{"count":8,"href":"https:\/\/paymentdiscounter.com\/it\/wp-json\/wp\/v2\/product\/8165\/revisions"}],"predecessor-version":[{"id":31684,"href":"https:\/\/paymentdiscounter.com\/it\/wp-json\/wp\/v2\/product\/8165\/revisions\/31684"}],"wp:featuredmedia":[{"embeddable":true,"href":"https:\/\/paymentdiscounter.com\/it\/wp-json\/wp\/v2\/media\/16345"}],"wp:attachment":[{"href":"https:\/\/paymentdiscounter.com\/it\/wp-json\/wp\/v2\/media?parent=8165"}],"wp:term":[{"taxonomy":"product_cat","embeddable":true,"href":"https:\/\/paymentdiscounter.com\/it\/wp-json\/wp\/v2\/product_cat?post=8165"},{"taxonomy":"product_tag","embeddable":true,"href":"https:\/\/paymentdiscounter.com\/it\/wp-json\/wp\/v2\/product_tag?post=8165"}],"curies":[{"name":"wp","href":"https:\/\/api.w.org\/{rel}","templated":true}]}}