{"id":4565,"date":"2020-02-08T23:38:49","date_gmt":"2020-02-08T23:38:49","guid":{"rendered":"https:\/\/paymentdiscounter.com\/product\/verifone-v400m-case-darkblue\/"},"modified":"2026-03-07T16:18:01","modified_gmt":"2026-03-07T16:18:01","slug":"verifone-v400m-custodia-blu-scuro","status":"publish","type":"product","link":"https:\/\/paymentdiscounter.com\/it\/product\/verifone-v400m-custodia-blu-scuro\/","title":{"rendered":"Verifone Custodia V400m blu scuro"},"content":{"rendered":"<p>Verifone V400m Copertura blu scuro<br \/>\nQuesta custodia protettiva Verifone v400m \u00e8 il modello blu scuro della nostra gamma. La custodia \u00e8 facile da applicare e fornisce una protezione extra durante il lavoro. La copertura protettiva \u00e8 realizzata in silicone ecologico e offre un maggiore controllo quando si consegna la macchina per i pagamenti. In questo modo \u00e8 possibile evitare incidenti e costi di riparazione.<\/p>\n<p>Su entrambi i lati del coperchio protettivo sono presenti motivi di presa che assicurano una presa sicura. Anche con le mani bagnate. Utilizzate una copertura per terminali di pagamento per proteggere al meglio il vostro terminale. Poich\u00e9 ogni azienda \u00e8 diversa, abbiamo scelto diversi colori che si adattano al look della vostra azienda.<\/p>\n<ul>\n<li>Carica la batteria senza rimuovere il coperchio<\/li>\n<li>Maggiore presa quando si consegna il terminale<\/li>\n<li>Materiale extra spesso per una protezione ottimale<\/li>\n<li>Altamente visibile grazie ai suoi colori accattivanti<\/li>\n<\/ul>\n<p><strong>Estremamente adatto per<\/strong><\/p>\n<ul>\n<li>Operatori di mercato<\/li>\n<li>Fattorini e corrieri<\/li>\n<li>Lavoratore autonomo<\/li>\n<li>I tassisti<\/li>\n<li>Fiere e congressi<\/li>\n<li>Eventi o festival<\/li>\n<\/ul>\n<p><strong>Le varianti<\/strong><\/p>\n<ul>\n<li>Verifone V400m Custodia nera<\/li>\n<li><strong>Verifone Custodia V400m blu scuro<\/strong><\/li>\n<li>Verifone V400m Custodia LightBue<\/li>\n<li>Verifone Custodia V400m Grigio<\/li>\n<li>Verifone V400m Custodia rossa<\/li>\n<\/ul>\n<p>&nbsp;<\/p>\n<p>La custodia protettiva Verifone V400m di colore blu scuro \u00e8 molto utile per l'utilizzo in bar e ristoranti. Grazie al suo colore appariscente, non dovrete cercare a lungo e saprete sempre dove si trova il vostro terminale di pagamento. La custodia v400m \u00e8 dotata di un ulteriore strato di silicone per proteggere ancora meglio il terminale di pagamento. Inoltre, \u00e8 possibile ricaricare facilmente il terminale di pagamento attraverso l'ingresso di alimentazione posto sul lato. Per evitare danni causati dall'umidit\u00e0 e dall'acqua, il lato e la parte inferiore del terminale di pagamento sono chiusi.<\/p>\n<p>&nbsp;<\/p>","protected":false},"excerpt":{"rendered":"<p>\u00c8 possibile utilizzare una copertura protettiva per evitare danni al terminale di pagamento mobile. Realizzata su misura per il verifone v400m e disponibile in vari colori. La custodia protettiva Verifone \u00e8 realizzata in silicone resistente ed ecologico. Utilizzando il silicone si ha una maggiore aderenza e si possono evitare incidenti e costosi costi di riparazione.<\/p>","protected":false},"featured_media":9643,"comment_status":"closed","ping_status":"closed","template":"","meta":[],"product_cat":[791,812],"product_tag":[3840,717,735,3844,749,770,775,810,811,776,3338,3041],"acf":[],"_links":{"self":[{"href":"https:\/\/paymentdiscounter.com\/it\/wp-json\/wp\/v2\/product\/4565"}],"collection":[{"href":"https:\/\/paymentdiscounter.com\/it\/wp-json\/wp\/v2\/product"}],"about":[{"href":"https:\/\/paymentdiscounter.com\/it\/wp-json\/wp\/v2\/types\/product"}],"replies":[{"embeddable":true,"href":"https:\/\/paymentdiscounter.com\/it\/wp-json\/wp\/v2\/comments?post=4565"}],"version-history":[{"count":36,"href":"https:\/\/paymentdiscounter.com\/it\/wp-json\/wp\/v2\/product\/4565\/revisions"}],"predecessor-version":[{"id":36614,"href":"https:\/\/paymentdiscounter.com\/it\/wp-json\/wp\/v2\/product\/4565\/revisions\/36614"}],"wp:featuredmedia":[{"embeddable":true,"href":"https:\/\/paymentdiscounter.com\/it\/wp-json\/wp\/v2\/media\/9643"}],"wp:attachment":[{"href":"https:\/\/paymentdiscounter.com\/it\/wp-json\/wp\/v2\/media?parent=4565"}],"wp:term":[{"taxonomy":"product_cat","embeddable":true,"href":"https:\/\/paymentdiscounter.com\/it\/wp-json\/wp\/v2\/product_cat?post=4565"},{"taxonomy":"product_tag","embeddable":true,"href":"https:\/\/paymentdiscounter.com\/it\/wp-json\/wp\/v2\/product_tag?post=4565"}],"curies":[{"name":"wp","href":"https:\/\/api.w.org\/{rel}","templated":true}]}}