{"id":38439,"date":"2026-01-29T12:21:51","date_gmt":"2026-01-29T12:21:51","guid":{"rendered":"https:\/\/paymentdiscounter.com\/?post_type=product&#038;p=38439"},"modified":"2026-01-29T12:24:27","modified_gmt":"2026-01-29T12:24:27","slug":"fondina-imin-swift-2","status":"publish","type":"product","link":"https:\/\/paymentdiscounter.com\/it\/product\/fondina-imin-swift-2\/","title":{"rendered":"iMin Fondina Swift 2"},"content":{"rendered":"<p>La fondina Swift 2 iMin \u00e8 un modo sicuro e leggero per tenere il terminale di pagamento a portata di mano nei bar, nei ristoranti o negli eventi pi\u00f9 affollati. Realizzata in resistente tessuto Cordura\u00ae e con un peso di soli 75 gR, unisce la durata nel tempo al comfort quotidiano.<\/p>\n<p>Progettata per un uso professionale, \u00e8 dotata di una robusta cinghia da cintura per una maggiore comodit\u00e0 a mani libere e supporta una tracolla opzionale per una maggiore flessibilit\u00e0. Con una garanzia di 5 anni inclusa, questa fondina \u00e8 costruita per soddisfare le esigenze di un'intensa attivit\u00e0 quotidiana.<\/p>\n<ul>\n<li>Materiale Cordura\u00ae resistente per la massima robustezza<\/li>\n<li>Robusta cinghia da cintura in dotazione<\/li>\n<li>Struttura leggera come una piuma - solo 75 g<\/li>\n<li>Compatibile con la tracolla<\/li>\n<li>Protetto da una garanzia di 5 anni<\/li>\n<\/ul>","protected":false},"excerpt":{"rendered":"<p>Lavorate in modo pi\u00f9 efficiente con la fondina iiMin Swift 2. Progettata per l'elaborazione dei pagamenti a mani libere in ristoranti, bar o ambienti per eventi. Realizzata in tessuto Cordura\u00ae di prima qualit\u00e0, questa fondina da 75 g offre una durata affidabile pur rimanendo eccezionalmente leggera e comoda da indossare.<\/p>\n<p>\u00c8 dotato di una robusta cinghia da cintura per un fissaggio sicuro e pu\u00f2 essere abbinato a una tracolla opzionale per una maggiore flessibilit\u00e0. Con una garanzia di 5 anni, assicura che il dispositivo sia protetto e sempre a portata di mano.<\/p>\n<ul>\n<li>Tessuto Cordura\u00ae resistente per un uso duraturo<\/li>\n<li>Cinghia di sicurezza in dotazione<\/li>\n<li>Struttura leggera - solo 75 g<\/li>\n<li>Supporto opzionale per la tracolla<\/li>\n<li>Coperto da una garanzia di 5 anni<\/li>\n<\/ul>","protected":false},"featured_media":38442,"comment_status":"closed","ping_status":"closed","template":"","meta":[],"product_cat":[4179,4193],"product_tag":[702,4183,4185,4186,4194,3816,4195],"acf":[],"_links":{"self":[{"href":"https:\/\/paymentdiscounter.com\/it\/wp-json\/wp\/v2\/product\/38439"}],"collection":[{"href":"https:\/\/paymentdiscounter.com\/it\/wp-json\/wp\/v2\/product"}],"about":[{"href":"https:\/\/paymentdiscounter.com\/it\/wp-json\/wp\/v2\/types\/product"}],"replies":[{"embeddable":true,"href":"https:\/\/paymentdiscounter.com\/it\/wp-json\/wp\/v2\/comments?post=38439"}],"version-history":[{"count":1,"href":"https:\/\/paymentdiscounter.com\/it\/wp-json\/wp\/v2\/product\/38439\/revisions"}],"predecessor-version":[{"id":38447,"href":"https:\/\/paymentdiscounter.com\/it\/wp-json\/wp\/v2\/product\/38439\/revisions\/38447"}],"wp:featuredmedia":[{"embeddable":true,"href":"https:\/\/paymentdiscounter.com\/it\/wp-json\/wp\/v2\/media\/38442"}],"wp:attachment":[{"href":"https:\/\/paymentdiscounter.com\/it\/wp-json\/wp\/v2\/media?parent=38439"}],"wp:term":[{"taxonomy":"product_cat","embeddable":true,"href":"https:\/\/paymentdiscounter.com\/it\/wp-json\/wp\/v2\/product_cat?post=38439"},{"taxonomy":"product_tag","embeddable":true,"href":"https:\/\/paymentdiscounter.com\/it\/wp-json\/wp\/v2\/product_tag?post=38439"}],"curies":[{"name":"wp","href":"https:\/\/api.w.org\/{rel}","templated":true}]}}