{"id":38221,"date":"2026-01-13T19:01:34","date_gmt":"2026-01-13T19:01:34","guid":{"rendered":"https:\/\/paymentdiscounter.com\/?post_type=product&#038;p=38221"},"modified":"2026-01-13T19:06:16","modified_gmt":"2026-01-13T19:06:16","slug":"batteria-axium-ex6000-2","status":"publish","type":"product","link":"https:\/\/paymentdiscounter.com\/it\/product\/batteria-axium-ex6000-2\/","title":{"rendered":"Batteria Axium EX6000"},"content":{"rendered":"<p><strong>Batteria Axium EX6000<\/strong><br \/>\nIn generale, la batteria di Axium EX6000 dura circa 2-3 anni o 300 cicli di ricarica completi. Poich\u00e9 gli imprenditori a volte effettuano pagamenti con carte fino a 50%, \u00e8 importante che la batteria sia sempre carica. L'impossibilit\u00e0 di accettare pagamenti mobili pu\u00f2 comportare una perdita di fatturato. \u00c8 quindi consigliabile avere sempre a portata di mano una batteria di riserva e carica. Per ogni evenienza.<\/p>\n<p><strong>Carica della batteria<\/strong><br \/>\n\u00c8 meglio caricare la batteria il pi\u00f9 spesso possibile. Se si completa il ciclo di carica completo da 0% a 100%, la capacit\u00e0 massima diminuisce pi\u00f9 che con dieci cicli di carica brevi da 90% a 100%. Se la temperatura ambiente \u00e8 inferiore a 0\u00b0C, si consiglia di non ricaricare la batteria. \u00c8 possibile che i processi chimici causino un cortocircuito che danneggia il terminale di pagamento. Questo vale anche se la temperatura dell'ambiente \u00e8 superiore a 40 \u00b0C.<\/p>\n<p><strong>Accumulo a batteria<\/strong><br \/>\nSe si desidera conservare la batteria, \u00e8 meglio lasciarla carica per 40%. La batteria durer\u00e0 pi\u00f9 a lungo e non invecchier\u00e0 cos\u00ec rapidamente. Per ulteriori informazioni sul corretto posizionamento della batteria e sulla manutenzione, consultare la guida Pax.<\/p>","protected":false},"excerpt":{"rendered":"<p>La batteria di Axium EX6000 \u00e8 facile da sostituire e pu\u00f2 durare fino a diversi anni se utilizzata correttamente. Se si nota che il terminale \u00e8 in grado di stampare sempre meno transazioni con la stessa batteria, ma mostra una batteria completamente carica, \u00e8 probabilmente opportuno sostituirla.<\/p>","protected":false},"featured_media":38222,"comment_status":"open","ping_status":"closed","template":"","meta":[],"product_cat":[705,2672],"product_tag":[2662,3413,2673,681,2674,4128],"acf":[],"_links":{"self":[{"href":"https:\/\/paymentdiscounter.com\/it\/wp-json\/wp\/v2\/product\/38221"}],"collection":[{"href":"https:\/\/paymentdiscounter.com\/it\/wp-json\/wp\/v2\/product"}],"about":[{"href":"https:\/\/paymentdiscounter.com\/it\/wp-json\/wp\/v2\/types\/product"}],"replies":[{"embeddable":true,"href":"https:\/\/paymentdiscounter.com\/it\/wp-json\/wp\/v2\/comments?post=38221"}],"version-history":[{"count":1,"href":"https:\/\/paymentdiscounter.com\/it\/wp-json\/wp\/v2\/product\/38221\/revisions"}],"predecessor-version":[{"id":38224,"href":"https:\/\/paymentdiscounter.com\/it\/wp-json\/wp\/v2\/product\/38221\/revisions\/38224"}],"wp:featuredmedia":[{"embeddable":true,"href":"https:\/\/paymentdiscounter.com\/it\/wp-json\/wp\/v2\/media\/38222"}],"wp:attachment":[{"href":"https:\/\/paymentdiscounter.com\/it\/wp-json\/wp\/v2\/media?parent=38221"}],"wp:term":[{"taxonomy":"product_cat","embeddable":true,"href":"https:\/\/paymentdiscounter.com\/it\/wp-json\/wp\/v2\/product_cat?post=38221"},{"taxonomy":"product_tag","embeddable":true,"href":"https:\/\/paymentdiscounter.com\/it\/wp-json\/wp\/v2\/product_tag?post=38221"}],"curies":[{"name":"wp","href":"https:\/\/api.w.org\/{rel}","templated":true}]}}