{"id":37876,"date":"2025-09-20T12:38:06","date_gmt":"2025-09-20T12:38:06","guid":{"rendered":"https:\/\/paymentdiscounter.com\/?post_type=product&#038;p=37876"},"modified":"2025-09-20T12:43:54","modified_gmt":"2025-09-20T12:43:54","slug":"fondina-pax-a6630-compatta","status":"publish","type":"product","link":"https:\/\/paymentdiscounter.com\/it\/product\/fondina-pax-a6630-compatta\/","title":{"rendered":"Pax A6630 Fondina compatta"},"content":{"rendered":"<p><strong>Pax A6630 Fondina compatta<\/strong><\/p>\n<p>La fondina Pax A6630 Compact offre un modo leggero, resistente e professionale per trasportare i terminali di pagamento mobile nei settori della vendita al dettaglio, della logistica e delle consegne. Con un peso di soli 66 grammi, sembra quasi non avere peso, pur garantendo una protezione quotidiana affidabile.<\/p>\n<p>Realizzata in tessuto Cordura\u00ae di prima qualit\u00e0, offre un'eccellente resistenza agli strappi e una lunga durata, anche in ambienti di lavoro difficili. Le caratteristiche pratiche includono una chiusura sicura in velcro, un portapenne incorporato e una tasca extra per accessori o appunti.<\/p>\n<p>La fondina \u00e8 dotata di una cintura da 30 mm per l'uso diretto e pu\u00f2 essere abbinata a una tracolla opzionale per una maggiore flessibilit\u00e0. Con una garanzia di 5 anni, combina resistenza, comfort e praticit\u00e0 professionale.<\/p>\n<p><strong>Specifiche tecniche<\/strong><\/p>\n<ul>\n<li>Ultra leggero: solo 66 g<\/li>\n<li>Tessuto Cordura\u00ae originale: robusto e resistente all'usura<\/li>\n<li>Chiusura sicura in velcro<\/li>\n<li>Tasca supplementare per appunti o accessori<\/li>\n<li>Portapenne integrato<\/li>\n<li>Include una cintura per fianchi da 30 mm<\/li>\n<li>Compatibile con la tracolla opzionale<\/li>\n<li>Adatto ai terminali di pagamento per smartphone<\/li>\n<li>Garanzia di 5 anni con resistenza allo strappo<\/li>\n<\/ul>","protected":false},"excerpt":{"rendered":"<p>La fondina Pax A6630 Compact \u00e8 una soluzione professionale e ultraleggera per trasportare in sicurezza i terminali di pagamento Android in formato smartphone. Costruita per durare nel tempo e per l'uso quotidiano. Offre un'eccellente resistenza all'usura che la rende la scelta perfetta per la vendita al dettaglio, la logistica e la vendita mobile.<\/p>\n<ul>\n<li>Peso ridotto: solo 66 g<\/li>\n<li>Tessuto Cordura\u00ae premium per una resistenza duratura<\/li>\n<li>Portapenne integrato per un accesso rapido<\/li>\n<li>Viene fornito con una cintura per l'anca per l'uso quotidiano<\/li>\n<li>Compatibile con la tracolla opzionale<\/li>\n<li>Coperto da un'affidabile garanzia di 5 anni<\/li>\n<\/ul>","protected":false},"featured_media":37881,"comment_status":"closed","ping_status":"closed","template":"","meta":[],"product_cat":[730,4095],"product_tag":[4097,4098,4101,702,728,4096,4100,3816],"acf":[],"_links":{"self":[{"href":"https:\/\/paymentdiscounter.com\/it\/wp-json\/wp\/v2\/product\/37876"}],"collection":[{"href":"https:\/\/paymentdiscounter.com\/it\/wp-json\/wp\/v2\/product"}],"about":[{"href":"https:\/\/paymentdiscounter.com\/it\/wp-json\/wp\/v2\/types\/product"}],"replies":[{"embeddable":true,"href":"https:\/\/paymentdiscounter.com\/it\/wp-json\/wp\/v2\/comments?post=37876"}],"version-history":[{"count":1,"href":"https:\/\/paymentdiscounter.com\/it\/wp-json\/wp\/v2\/product\/37876\/revisions"}],"predecessor-version":[{"id":37884,"href":"https:\/\/paymentdiscounter.com\/it\/wp-json\/wp\/v2\/product\/37876\/revisions\/37884"}],"wp:featuredmedia":[{"embeddable":true,"href":"https:\/\/paymentdiscounter.com\/it\/wp-json\/wp\/v2\/media\/37881"}],"wp:attachment":[{"href":"https:\/\/paymentdiscounter.com\/it\/wp-json\/wp\/v2\/media?parent=37876"}],"wp:term":[{"taxonomy":"product_cat","embeddable":true,"href":"https:\/\/paymentdiscounter.com\/it\/wp-json\/wp\/v2\/product_cat?post=37876"},{"taxonomy":"product_tag","embeddable":true,"href":"https:\/\/paymentdiscounter.com\/it\/wp-json\/wp\/v2\/product_tag?post=37876"}],"curies":[{"name":"wp","href":"https:\/\/api.w.org\/{rel}","templated":true}]}}