{"id":37570,"date":"2025-09-16T19:41:01","date_gmt":"2025-09-16T19:41:01","guid":{"rendered":"https:\/\/paymentdiscounter.com\/?post_type=product&#038;p=37570"},"modified":"2025-09-16T19:50:56","modified_gmt":"2025-09-16T19:50:56","slug":"verifone-e285-fondina-compatta","status":"publish","type":"product","link":"https:\/\/paymentdiscounter.com\/it\/product\/verifone-e285-fondina-compatta\/","title":{"rendered":"Verifone Fondina E285 compatta"},"content":{"rendered":"<p>La Verifone E285 Holster Compact \u00e8 una custodia leggera, che pesa solo 66 grammi, progettata per mantenere i terminali di pagamento per smartphone al sicuro e accessibili. Realizzata in resistente Cordura\u00ae (fino a 10 volte pi\u00f9 resistente dei normali tessuti), combina resistenza e protezione a lungo termine, rendendola ideale per l'uso quotidiano nel settore della vendita al dettaglio, dei corrieri e delle vendite mobili.<\/p>\n<p>Questa fondina presenta una chiusura a velcro nascosta per una chiusura sicura, un portapenne integrato e uno scomparto aggiuntivo per piccoli oggetti come banconote o ricevute. Fornita con una cintura da 30 mm e compatibile con una tracolla opzionale.<\/p>\n<p><strong>Specifiche tecniche<\/strong><\/p>\n<ul>\n<li>Struttura originale in Cordura\u00ae - fino a 10 volte pi\u00f9 resistente dei tessuti normali<\/li>\n<li>Ultraleggero: pesa solo 66 g<\/li>\n<li>Garantito da una garanzia di 5 anni, resistente allo strappo<\/li>\n<li>Si adatta a dispositivi di pagamento compatti e grandi come uno smartphone<\/li>\n<li>Chiusura sicura in velcro nascosta<\/li>\n<li>Consegnato con cintura anca da 30 mm<\/li>\n<li>Attacco per la tracolla opzionale<\/li>\n<li>Tasca supplementare per appunti o accessori<\/li>\n<li>Portapenne integrato per la massima praticit\u00e0<\/li>\n<\/ul>","protected":false},"excerpt":{"rendered":"<p>L'Verifone E285 Holster Compact protegge il terminale di pagamento per smartphone rimanendo leggero e pratico, con un peso di soli 66 g. Realizzato in Cordura\u00ae resistente, \u00e8 progettato per l'uso quotidiano in ambienti esigenti di vendita al dettaglio, corriere e pagamenti mobili.<\/p>\n<p>La fondina \u00e8 dotata di una chiusura sicura in velcro, di una cintura sul fianco e pu\u00f2 essere abbinata a una tracolla opzionale per una maggiore flessibilit\u00e0. Progettata per i professionisti sempre in movimento, offre comfort di trasporto e affidabilit\u00e0 a lungo termine.<\/p>\n<ul>\n<li>Design ultraleggero - solo 66 g<\/li>\n<li>Cordura\u00ae durevole e resistente agli strappi<\/li>\n<li>Robusta chiusura in velcro per una vestibilit\u00e0 sicura<\/li>\n<li>Include una cintura sul fianco per l'uso quotidiano<\/li>\n<li>Compatibile con la tracolla opzionale<\/li>\n<li>Protetto da una garanzia di 5 anni<\/li>\n<\/ul>","protected":false},"featured_media":37572,"comment_status":"closed","ping_status":"closed","template":"","meta":[],"product_cat":[791,1502],"product_tag":[4036,702,3816,3338,4033,1505,4035,4032],"acf":[],"_links":{"self":[{"href":"https:\/\/paymentdiscounter.com\/it\/wp-json\/wp\/v2\/product\/37570"}],"collection":[{"href":"https:\/\/paymentdiscounter.com\/it\/wp-json\/wp\/v2\/product"}],"about":[{"href":"https:\/\/paymentdiscounter.com\/it\/wp-json\/wp\/v2\/types\/product"}],"replies":[{"embeddable":true,"href":"https:\/\/paymentdiscounter.com\/it\/wp-json\/wp\/v2\/comments?post=37570"}],"version-history":[{"count":1,"href":"https:\/\/paymentdiscounter.com\/it\/wp-json\/wp\/v2\/product\/37570\/revisions"}],"predecessor-version":[{"id":37575,"href":"https:\/\/paymentdiscounter.com\/it\/wp-json\/wp\/v2\/product\/37570\/revisions\/37575"}],"wp:featuredmedia":[{"embeddable":true,"href":"https:\/\/paymentdiscounter.com\/it\/wp-json\/wp\/v2\/media\/37572"}],"wp:attachment":[{"href":"https:\/\/paymentdiscounter.com\/it\/wp-json\/wp\/v2\/media?parent=37570"}],"wp:term":[{"taxonomy":"product_cat","embeddable":true,"href":"https:\/\/paymentdiscounter.com\/it\/wp-json\/wp\/v2\/product_cat?post=37570"},{"taxonomy":"product_tag","embeddable":true,"href":"https:\/\/paymentdiscounter.com\/it\/wp-json\/wp\/v2\/product_tag?post=37570"}],"curies":[{"name":"wp","href":"https:\/\/api.w.org\/{rel}","templated":true}]}}