{"id":3676,"date":"2018-10-15T18:21:18","date_gmt":"2018-10-15T18:21:18","guid":{"rendered":"https:\/\/paymentdiscounter.com\/product\/ingenico-iwl-250-beschermhoes\/"},"modified":"2025-09-13T21:49:17","modified_gmt":"2025-09-13T21:49:17","slug":"ingenico-iwl250-custodia-protettiva","status":"publish","type":"product","link":"https:\/\/paymentdiscounter.com\/it\/product\/ingenico-iwl250-custodia-protettiva\/","title":{"rendered":"Ingenico IWL250 Custodia protettiva \/ Cover"},"content":{"rendered":"<p>iwlIngenico iwl250 coperchio del perno<br \/>\nL'uso di una copertura protettiva Ingenico iwl250 presenta molti vantaggi. Sempre pi\u00f9 persone pagano con le carte. Paghiamo al supermercato, nei negozi al dettaglio, ma anche al mercato o ai fattorini. Soprattutto gli imprenditori del settore alberghiero fanno largo uso di un terminale di pagamento mobile come l'Ingenico iwl250. Questo terminale \u00e8 dotato di GPRS o WIFI ed \u00e8 ideale per consentire ai vostri clienti di pagare in mobilit\u00e0. I vantaggi di un terminale di pagamento mobile sono spesso gi\u00e0 noti a tutti gli imprenditori. Aumenta le vendite ed \u00e8 anche pi\u00f9 economico rispetto all'accettazione di contanti.<\/p>\n<p>I vantaggi<br \/>\nPoich\u00e9 i terminali di pagamento mobile sono costosi da acquistare, \u00e8 saggio proteggere il terminale con una copertura protettiva. Questo garantisce una maggiore protezione e una maggiore presa durante la consegna o la sostituzione del terminale. Offre una protezione aggiuntiva all'involucro e aiuta a prevenire cadute e danni da impatto.<\/p>\n<p>Ordinate qui il vostro coperchio Ingenico IWL250 online.<\/p>","protected":false},"excerpt":{"rendered":"<p>Il coperchio di protezione Ingenico iwl250 offre una protezione supplementare durante il lavoro e aiuta a prevenire i danni al terminale di pagamento. Disponibile in blu e nero. Realizzata in silicone, facile da pulire, riutilizzabile, in diversi colori, offre una protezione extra in caso di caduta, urti e incidenti d'acqua.<\/p>","protected":false},"featured_media":9298,"comment_status":"open","ping_status":"closed","template":"","meta":[],"product_cat":[705,830],"product_tag":[901,703,710,891,735],"acf":[],"_links":{"self":[{"href":"https:\/\/paymentdiscounter.com\/it\/wp-json\/wp\/v2\/product\/3676"}],"collection":[{"href":"https:\/\/paymentdiscounter.com\/it\/wp-json\/wp\/v2\/product"}],"about":[{"href":"https:\/\/paymentdiscounter.com\/it\/wp-json\/wp\/v2\/types\/product"}],"replies":[{"embeddable":true,"href":"https:\/\/paymentdiscounter.com\/it\/wp-json\/wp\/v2\/comments?post=3676"}],"version-history":[{"count":40,"href":"https:\/\/paymentdiscounter.com\/it\/wp-json\/wp\/v2\/product\/3676\/revisions"}],"predecessor-version":[{"id":22550,"href":"https:\/\/paymentdiscounter.com\/it\/wp-json\/wp\/v2\/product\/3676\/revisions\/22550"}],"wp:featuredmedia":[{"embeddable":true,"href":"https:\/\/paymentdiscounter.com\/it\/wp-json\/wp\/v2\/media\/9298"}],"wp:attachment":[{"href":"https:\/\/paymentdiscounter.com\/it\/wp-json\/wp\/v2\/media?parent=3676"}],"wp:term":[{"taxonomy":"product_cat","embeddable":true,"href":"https:\/\/paymentdiscounter.com\/it\/wp-json\/wp\/v2\/product_cat?post=3676"},{"taxonomy":"product_tag","embeddable":true,"href":"https:\/\/paymentdiscounter.com\/it\/wp-json\/wp\/v2\/product_tag?post=3676"}],"curies":[{"name":"wp","href":"https:\/\/api.w.org\/{rel}","templated":true}]}}