{"id":36209,"date":"2025-07-05T19:59:21","date_gmt":"2025-07-05T19:59:21","guid":{"rendered":"https:\/\/paymentdiscounter.com\/?post_type=product&#038;p=36209"},"modified":"2026-04-23T18:46:59","modified_gmt":"2026-04-23T18:46:59","slug":"fondina-sunmi-m3","status":"publish","type":"product","link":"https:\/\/paymentdiscounter.com\/it\/product\/fondina-sunmi-m3\/","title":{"rendered":"Sunmi Fondina M3"},"content":{"rendered":"<p><strong>Maggiore sicurezza:<\/strong><br \/>\nDotata di un resistente anello metallico sul retro, questa fondina per terminali di pagamento consente di fissare saldamente il dispositivo a una cintura o a un laccetto da collo. Questo design robusto riduce al minimo le possibilit\u00e0 di cadute accidentali, perdita o furto. Il terminale di pagamento mobile Sunmi M3 \u00e8 sempre al sicuro.<\/p>\n<p><strong>Massimo comfort in movimento:<\/strong><br \/>\nUna fondina semplifica il trasporto del terminale POS portatile durante la giornata, rendendolo pi\u00f9 comodo durante i turni di lavoro pi\u00f9 lunghi. Liberando le mani e riducendo l'affaticamento delle braccia, contribuisce a migliorare la mobilit\u00e0 e a ridurre il rischio di scivolate o cadute accidentali mentre si servono i clienti.<\/p>\n<p><strong>Aumento della produttivit\u00e0:<\/strong><br \/>\nCon la fondina Sunmi M3 il dispositivo di pagamento \u00e8 sempre accessibile, consentendo al personale di completare le transazioni pi\u00f9 rapidamente. Avere il terminale a portata di mano velocizza i processi di cassa e migliora l'esperienza complessiva del cliente. \u00c8 fondamentale per gli ambienti di vendita al dettaglio e di ospitalit\u00e0 a ritmo sostenuto.<\/p>\n<p><strong>Protezione affidabile del dispositivo:<\/strong><br \/>\nUna custodia specializzata funge da ulteriore strato di difesa contro i graffi dello schermo, gli urti e altri tipi di usura quotidiana. Proteggendo il terminale di pagamento Sunmi \u00e8 possibile ridurre i costi di riparazione imprevisti e prolungare la durata del dispositivo.<\/p>","protected":false},"excerpt":{"rendered":"<p>La fondina Sunmi M3 offre un modo sicuro e pratico per trasportare il dispositivo di pagamento mobile ovunque si svolga la propria attivit\u00e0. \u00c8 stata creata appositamente per gli imprenditori e i professionisti in movimento. Dai food truck ai bar all'aperto, questa fondina assicura che il vostro terminale di pagamento rimanga protetto e facilmente accessibile in ogni momento.<\/p>\n<p>Cintura per un comodo utilizzo a mani libere inclusa<\/p>","protected":false},"featured_media":38287,"comment_status":"closed","ping_status":"closed","template":"","meta":[],"product_cat":[1555,3811],"product_tag":[702,3846,3855,3864,3816,2704,3522,3849,4407,3865],"acf":[],"_links":{"self":[{"href":"https:\/\/paymentdiscounter.com\/it\/wp-json\/wp\/v2\/product\/36209"}],"collection":[{"href":"https:\/\/paymentdiscounter.com\/it\/wp-json\/wp\/v2\/product"}],"about":[{"href":"https:\/\/paymentdiscounter.com\/it\/wp-json\/wp\/v2\/types\/product"}],"replies":[{"embeddable":true,"href":"https:\/\/paymentdiscounter.com\/it\/wp-json\/wp\/v2\/comments?post=36209"}],"version-history":[{"count":4,"href":"https:\/\/paymentdiscounter.com\/it\/wp-json\/wp\/v2\/product\/36209\/revisions"}],"predecessor-version":[{"id":36248,"href":"https:\/\/paymentdiscounter.com\/it\/wp-json\/wp\/v2\/product\/36209\/revisions\/36248"}],"wp:featuredmedia":[{"embeddable":true,"href":"https:\/\/paymentdiscounter.com\/it\/wp-json\/wp\/v2\/media\/38287"}],"wp:attachment":[{"href":"https:\/\/paymentdiscounter.com\/it\/wp-json\/wp\/v2\/media?parent=36209"}],"wp:term":[{"taxonomy":"product_cat","embeddable":true,"href":"https:\/\/paymentdiscounter.com\/it\/wp-json\/wp\/v2\/product_cat?post=36209"},{"taxonomy":"product_tag","embeddable":true,"href":"https:\/\/paymentdiscounter.com\/it\/wp-json\/wp\/v2\/product_tag?post=36209"}],"curies":[{"name":"wp","href":"https:\/\/api.w.org\/{rel}","templated":true}]}}