{"id":36181,"date":"2025-07-05T19:35:17","date_gmt":"2025-07-05T19:35:17","guid":{"rendered":"https:\/\/paymentdiscounter.com\/?post_type=product&#038;p=36181"},"modified":"2026-02-03T11:47:53","modified_gmt":"2026-02-03T11:47:53","slug":"sunmi-m3-dockingstation-multi","status":"publish","type":"product","link":"https:\/\/paymentdiscounter.com\/it\/product\/sunmi-m3-dockingstation-multi\/","title":{"rendered":"Sunmi M3 Dockingstation Multi"},"content":{"rendered":"<p><strong>Hub versatile per la ricarica e l'archiviazione<br \/>\n<\/strong>La Docking Station Sunmi M3 \u00e8 stata progettata per supportare le aziende che gestiscono contemporaneamente pi\u00f9 dispositivi POS mobili Sunmi. \u00c8 perfetta per ristoranti, negozi al dettaglio e attivit\u00e0 logistiche. Questa stazione multifunzionale contribuisce ad aumentare l'efficienza e a semplificare i flussi di lavoro quotidiani.<\/p>\n<p><strong>Ricarica simultanea per un massimo di quattro dispositivi<br \/>\n<\/strong>Progettata per essere moderna e poco ingombrante, questa soluzione di aggancio consente di alimentare contemporaneamente fino a quattro terminali di pagamento Sunmi. Eliminando i cavi aggrovigliati e riducendo al minimo l'uso delle prese, mantiene i banchi puliti e professionali.<\/p>\n<p><strong>Conservazione sicura e organizzata<br \/>\n<\/strong>Quando i terminali non sono in uso, la docking station offre un luogo sicuro e dedicato per riporli. In questo modo non solo si protegge l'investimento da cadute o spostamenti accidentali, ma si aumenta anche la longevit\u00e0 dei dispositivi POS mobili.<\/p>\n<p><strong>Operazioni fluide e accesso rapido<br \/>\n<\/strong>Caratterizzata da una struttura robusta e stabile, la Docking Station M3 consente di recuperare rapidamente i terminali ogni volta che il servizio lo richiede. Mantenete le transazioni senza interruzioni e assicurate che il vostro team possa sempre servire i clienti senza ritardi.<\/p>","protected":false},"excerpt":{"rendered":"<p>Il dock di ricarica Sunmi M3 \u00e8 una soluzione innovativa pensata per le aziende che utilizzano pi\u00f9 dispositivi di pagamento mobile contemporaneamente. Caratterizzato da un design moderno e poco ingombrante, questo dock consente di alimentare fino a quattro terminali di pagamento portatili Sunmi in una sola volta.<\/p>\n<p>Ideale per settori dinamici come l'ospitalit\u00e0, la vendita al dettaglio e la logistica.<\/p>","protected":false},"featured_media":36184,"comment_status":"closed","ping_status":"closed","template":"","meta":[],"product_cat":[1555,3811],"product_tag":[2707,690,694,3846,3855,3851,3852,2704,3605,4407,3854,3853],"acf":[],"_links":{"self":[{"href":"https:\/\/paymentdiscounter.com\/it\/wp-json\/wp\/v2\/product\/36181"}],"collection":[{"href":"https:\/\/paymentdiscounter.com\/it\/wp-json\/wp\/v2\/product"}],"about":[{"href":"https:\/\/paymentdiscounter.com\/it\/wp-json\/wp\/v2\/types\/product"}],"replies":[{"embeddable":true,"href":"https:\/\/paymentdiscounter.com\/it\/wp-json\/wp\/v2\/comments?post=36181"}],"version-history":[{"count":6,"href":"https:\/\/paymentdiscounter.com\/it\/wp-json\/wp\/v2\/product\/36181\/revisions"}],"predecessor-version":[{"id":39058,"href":"https:\/\/paymentdiscounter.com\/it\/wp-json\/wp\/v2\/product\/36181\/revisions\/39058"}],"wp:featuredmedia":[{"embeddable":true,"href":"https:\/\/paymentdiscounter.com\/it\/wp-json\/wp\/v2\/media\/36184"}],"wp:attachment":[{"href":"https:\/\/paymentdiscounter.com\/it\/wp-json\/wp\/v2\/media?parent=36181"}],"wp:term":[{"taxonomy":"product_cat","embeddable":true,"href":"https:\/\/paymentdiscounter.com\/it\/wp-json\/wp\/v2\/product_cat?post=36181"},{"taxonomy":"product_tag","embeddable":true,"href":"https:\/\/paymentdiscounter.com\/it\/wp-json\/wp\/v2\/product_tag?post=36181"}],"curies":[{"name":"wp","href":"https:\/\/api.w.org\/{rel}","templated":true}]}}