{"id":35261,"date":"2025-01-13T20:26:00","date_gmt":"2025-01-13T20:26:00","guid":{"rendered":"https:\/\/paymentdiscounter.com\/?post_type=product&#038;p=35261"},"modified":"2026-01-14T12:01:35","modified_gmt":"2026-01-14T12:01:35","slug":"sunmi-v3-custodia-protettiva","status":"publish","type":"product","link":"https:\/\/paymentdiscounter.com\/it\/product\/sunmi-v3-custodia-protettiva\/","title":{"rendered":"Sunmi V3 Custodia protettiva"},"content":{"rendered":"<p><strong>Sunmi V3 Custodia protettiva<\/strong><br \/>\nQuesta custodia protettiva per Sunmi V3 \u00e8 facile da applicare e fornisce una protezione extra durante il lavoro. La custodia protettiva \u00e8 realizzata in silicone ecologico e offre un maggiore controllo quando si consegna la macchina per i pagamenti. In questo modo \u00e8 possibile evitare incidenti e costi di riparazione.<\/p>\n<p>Il materiale garantisce una presa sicura, anche con le mani bagnate. Utilizzate una cover per terminali di pagamento per proteggere al meglio il vostro dispositivo mobile. Poich\u00e9 ogni azienda \u00e8 diversa, la custodia pu\u00f2 essere realizzata in diversi colori che si adattano al look della vostra azienda.<\/p>\n<ul>\n<li>Carica la batteria senza rimuovere la custodia<\/li>\n<li>Maggiore presa quando si consegna il terminale<\/li>\n<li>Materiale extra spesso per una protezione ottimale<\/li>\n<li>Altamente visibile grazie ai suoi colori accattivanti<\/li>\n<\/ul>\n<p><strong>Estremamente adatto per:<br \/>\n<\/strong><\/p>\n<ul>\n<li>Operatori di mercato<\/li>\n<li>Fattorini e corrieri<\/li>\n<li>Lavoratore autonomo<\/li>\n<li>I tassisti<\/li>\n<li>Fiere e congressi<\/li>\n<li>Eventi o festival<\/li>\n<\/ul>","protected":false},"excerpt":{"rendered":"<p>Utilizzate una custodia protettiva per Sunmi V3 per evitare danni al vostro terminale di pagamento mobile. Realizzata su misura per l'Sunmi V3 e disponibile in vari colori.<\/p>\n<p>Il coperchio protettivo Sunmi \u00e8 realizzato in silicone resistente ed ecologico. Utilizzando il silicone si ha una maggiore aderenza e si possono evitare incidenti e costosi costi di riparazione.<br \/>\n<\/p>\n<p><h1 style=\"color: #ed0000; font-size: 13px;\">* Tempo di consegna: 14 giorni<\/h1>","protected":false},"featured_media":35267,"comment_status":"open","ping_status":"closed","template":"","meta":[],"product_cat":[1555,3620],"product_tag":[3840,3844,1874,2704,2723,2722,3639,3643,3642,3625,3641,3640],"acf":[],"_links":{"self":[{"href":"https:\/\/paymentdiscounter.com\/it\/wp-json\/wp\/v2\/product\/35261"}],"collection":[{"href":"https:\/\/paymentdiscounter.com\/it\/wp-json\/wp\/v2\/product"}],"about":[{"href":"https:\/\/paymentdiscounter.com\/it\/wp-json\/wp\/v2\/types\/product"}],"replies":[{"embeddable":true,"href":"https:\/\/paymentdiscounter.com\/it\/wp-json\/wp\/v2\/comments?post=35261"}],"version-history":[{"count":7,"href":"https:\/\/paymentdiscounter.com\/it\/wp-json\/wp\/v2\/product\/35261\/revisions"}],"predecessor-version":[{"id":38227,"href":"https:\/\/paymentdiscounter.com\/it\/wp-json\/wp\/v2\/product\/35261\/revisions\/38227"}],"wp:featuredmedia":[{"embeddable":true,"href":"https:\/\/paymentdiscounter.com\/it\/wp-json\/wp\/v2\/media\/35267"}],"wp:attachment":[{"href":"https:\/\/paymentdiscounter.com\/it\/wp-json\/wp\/v2\/media?parent=35261"}],"wp:term":[{"taxonomy":"product_cat","embeddable":true,"href":"https:\/\/paymentdiscounter.com\/it\/wp-json\/wp\/v2\/product_cat?post=35261"},{"taxonomy":"product_tag","embeddable":true,"href":"https:\/\/paymentdiscounter.com\/it\/wp-json\/wp\/v2\/product_tag?post=35261"}],"curies":[{"name":"wp","href":"https:\/\/api.w.org\/{rel}","templated":true}]}}