{"id":35251,"date":"2025-01-13T20:01:13","date_gmt":"2025-01-13T20:01:13","guid":{"rendered":"https:\/\/paymentdiscounter.com\/?post_type=product&#038;p=35251"},"modified":"2025-10-05T08:28:17","modified_gmt":"2025-10-05T08:28:17","slug":"dockingstation-sunmi-v3","status":"publish","type":"product","link":"https:\/\/paymentdiscounter.com\/it\/product\/dockingstation-sunmi-v3\/","title":{"rendered":"Dockingstation Sunmi V3"},"content":{"rendered":"<p><strong>Dockingstation Sunmi V3<\/strong><br \/>\nL'utilizzo di una stazione base presenta numerosi vantaggi. Non si dipende pi\u00f9 da cavi e fili, ma \u00e8 sufficiente posizionare il terminale di pagamento sul supporto. Poich\u00e9 il terminale viene sempre ricaricato in una posizione fissa, si sa esattamente dove si trova. La Dockingstation (stazione base) Sunmi V3 \u00e8 facile da installare con un cavo di alimentazione separato.<\/p>\n<p>Per un'esperienza ottimale si consiglia di utilizzare una stazione base originale. In questo modo si evitano danni al terminale di pagamento e costose spese di riparazione.<\/p>","protected":false},"excerpt":{"rendered":"<p>Con una Dockingstation Sunmi V3 il vostro terminale avr\u00e0 sempre la batteria carica. \u00c8 possibile posizionare facilmente il terminale di pagamento nel supporto, collegarlo a un caricabatterie Sunmi e lasciare che la dockingstation faccia il resto.<\/p>\n<p>Questa stazione base Sunmi aiuta a prevenire problemi come batterie scariche o danni dovuti alla rottura dei cavi che possono causare cortocircuiti.<\/p>","protected":false},"featured_media":35272,"comment_status":"open","ping_status":"closed","template":"","meta":[],"product_cat":[1555,3620],"product_tag":[2707,694,1874,2704,3621,3627,3643,3642,3622,3625,3628],"acf":[],"_links":{"self":[{"href":"https:\/\/paymentdiscounter.com\/it\/wp-json\/wp\/v2\/product\/35251"}],"collection":[{"href":"https:\/\/paymentdiscounter.com\/it\/wp-json\/wp\/v2\/product"}],"about":[{"href":"https:\/\/paymentdiscounter.com\/it\/wp-json\/wp\/v2\/types\/product"}],"replies":[{"embeddable":true,"href":"https:\/\/paymentdiscounter.com\/it\/wp-json\/wp\/v2\/comments?post=35251"}],"version-history":[{"count":3,"href":"https:\/\/paymentdiscounter.com\/it\/wp-json\/wp\/v2\/product\/35251\/revisions"}],"predecessor-version":[{"id":37423,"href":"https:\/\/paymentdiscounter.com\/it\/wp-json\/wp\/v2\/product\/35251\/revisions\/37423"}],"wp:featuredmedia":[{"embeddable":true,"href":"https:\/\/paymentdiscounter.com\/it\/wp-json\/wp\/v2\/media\/35272"}],"wp:attachment":[{"href":"https:\/\/paymentdiscounter.com\/it\/wp-json\/wp\/v2\/media?parent=35251"}],"wp:term":[{"taxonomy":"product_cat","embeddable":true,"href":"https:\/\/paymentdiscounter.com\/it\/wp-json\/wp\/v2\/product_cat?post=35251"},{"taxonomy":"product_tag","embeddable":true,"href":"https:\/\/paymentdiscounter.com\/it\/wp-json\/wp\/v2\/product_tag?post=35251"}],"curies":[{"name":"wp","href":"https:\/\/api.w.org\/{rel}","templated":true}]}}