{"id":35210,"date":"2025-01-08T08:13:33","date_gmt":"2025-01-08T08:13:33","guid":{"rendered":"https:\/\/paymentdiscounter.com\/?post_type=product&#038;p=35210"},"modified":"2025-01-08T08:19:05","modified_gmt":"2025-01-08T08:19:05","slug":"verifone-v400c-supporto-in-metallo-12cm","status":"publish","type":"product","link":"https:\/\/paymentdiscounter.com\/it\/product\/verifone-v400c-supporto-in-metallo-12cm\/","title":{"rendered":"Verifone V400c Supporto in metallo 12 cm"},"content":{"rendered":"<p>L'Verifone V400c DuraTilt standard \u00e8 un supporto per terminale di pagamento in metallo dell'Ergonomic solutions con un design modulare ed ergonomico. Questo prodotto \u00e8 composto da due parti: Un'asta metallica di 12 cm di altezza e una piastra di montaggio personalizzata. Il grande vantaggio \u00e8 che, quando si aggiorna il terminale di pagamento, \u00e8 necessario sostituire solo la piastra allentata. La piastra stessa \u00e8 universale e pu\u00f2 quindi essere riutilizzata.<\/p>\n<p>- Altezza fissa di 12 centimetri<br \/>\n- Inclinabile fino a 70\u00b0 e ruotabile fino a 210\u00b0.<br \/>\n- Diametro di 38 mm per un'efficiente gestione e protezione dei cavi<br \/>\n- Stabilit\u00e0 migliorata per i terminali pi\u00f9 grandi<br \/>\n- Montaggio semplice con nastro biadesivo e\/o viti<\/p>\n<p><strong>Sicurezza<\/strong><br \/>\nSe lo si desidera, lo standard pu\u00f2 essere ampliato con l'opzione di sicurezza ClickSafe\u00ae per prevenire furti e danni.<\/p>\n<p><strong>Aggiornamento<\/strong><br \/>\nState passando a un altro terminale di pagamento Castles?<br \/>\nIn questo caso \u00e8 sufficiente cambiare la piastra di montaggio. La base rimane sempre la stessa.<\/p>","protected":false},"excerpt":{"rendered":"<p>Il supporto Verifone V400c DuraTilt \u00e8 un supporto per terminali di pagamento in metallo alto 12 centimetri. Dotato di canalina interna per nascondere i cavi e di una garanzia di fabbrica di 5 anni. Questo modello pu\u00f2 essere inclinato fino a 70\u00b0 e ruotato fino a 210\u00b0.<\/p>\n<p>Facile da fissare con nastro biadesivo o con un set di viti.<\/p>","protected":false},"featured_media":35213,"comment_status":"closed","ping_status":"closed","template":"","meta":[],"product_cat":[791,1597,1549],"product_tag":[3587,3589,908,3588,1789,3616,3615,3338,1347,1788],"acf":[],"_links":{"self":[{"href":"https:\/\/paymentdiscounter.com\/it\/wp-json\/wp\/v2\/product\/35210"}],"collection":[{"href":"https:\/\/paymentdiscounter.com\/it\/wp-json\/wp\/v2\/product"}],"about":[{"href":"https:\/\/paymentdiscounter.com\/it\/wp-json\/wp\/v2\/types\/product"}],"replies":[{"embeddable":true,"href":"https:\/\/paymentdiscounter.com\/it\/wp-json\/wp\/v2\/comments?post=35210"}],"version-history":[{"count":1,"href":"https:\/\/paymentdiscounter.com\/it\/wp-json\/wp\/v2\/product\/35210\/revisions"}],"predecessor-version":[{"id":35214,"href":"https:\/\/paymentdiscounter.com\/it\/wp-json\/wp\/v2\/product\/35210\/revisions\/35214"}],"wp:featuredmedia":[{"embeddable":true,"href":"https:\/\/paymentdiscounter.com\/it\/wp-json\/wp\/v2\/media\/35213"}],"wp:attachment":[{"href":"https:\/\/paymentdiscounter.com\/it\/wp-json\/wp\/v2\/media?parent=35210"}],"wp:term":[{"taxonomy":"product_cat","embeddable":true,"href":"https:\/\/paymentdiscounter.com\/it\/wp-json\/wp\/v2\/product_cat?post=35210"},{"taxonomy":"product_tag","embeddable":true,"href":"https:\/\/paymentdiscounter.com\/it\/wp-json\/wp\/v2\/product_tag?post=35210"}],"curies":[{"name":"wp","href":"https:\/\/api.w.org\/{rel}","templated":true}]}}