{"id":3364,"date":"2018-10-02T22:05:37","date_gmt":"2018-10-02T22:05:37","guid":{"rendered":"https:\/\/paymentdiscounter.com\/product\/vx680-printerklep\/"},"modified":"2026-01-08T17:27:33","modified_gmt":"2026-01-08T17:27:33","slug":"coperchio-della-stampante-vx680","status":"publish","type":"product","link":"https:\/\/paymentdiscounter.com\/it\/product\/coperchio-della-stampante-vx680\/","title":{"rendered":"Coperchio della carta della stampante Vx680"},"content":{"rendered":"<p>Verifone Coperchio della stampante Vx680<br \/>\nIl coperchio della stampante Vx680 pu\u00f2 essere molto sensibile e pu\u00f2 danneggiarsi se usato in modo non corretto. Capita regolarmente che un piedino si rompa e che il coperchio della stampante non si chiuda pi\u00f9 correttamente. Nella maggior parte dei casi la stampa \u00e8 ancora possibile, ma la qualit\u00e0 si deteriora sempre pi\u00f9. Ci\u00f2 \u00e8 dovuto al fatto che il rullo non preme abbastanza sul coperchio della stampante e quindi stampa ricevute di transazioni semi o poco leggibili. Ordinate facilmente un nuovo coperchio per stampante verifone Vx680 nel nostro negozio online. Ordinato oggi, spedito oggi.<\/p>\n<p>Il Vx680 utilizza una stampante termica che stampa il testo sullo scontrino per mezzo del calore. In questo modo non \u00e8 necessario utilizzare l'inchiostro o ricaricarlo, con un notevole risparmio sui costi. La stampante Verifone \u00e8 composta da una serie di parti, tra cui il rullo, il meccanismo di alimentazione e l'alloggiamento. Se una di queste parti di verifica si rompe, potrebbe non essere pi\u00f9 possibile stampare le transazioni. Ci\u00f2 pu\u00f2 essere dovuto a un guasto del software o a un difetto fisico.<\/p>\n<p>Se l'interno della calotta della stampante \u00e8 difettoso, spesso \u00e8 necessario ordinare un nuovo coperchio di stampa comprensivo della stampante. Non \u00e8 possibile effettuare transazioni se la valvola di stampa \u00e8 gravemente danneggiata. Nella maggior parte dei casi, il terminale emette un messaggio di errore se ha riscontrato un danno grave. Come soluzione temporanea, \u00e8 possibile fissare il coperchio della stampante con del nastro adesivo. \u00c8 possibile continuare ad accettare pagamenti almeno fino alla consegna del nuovo coperchio della stampante.<\/p>\n<p>Suggerimento: assicuratevi di avere sempre a portata di mano un coperchio di riserva.<\/p>","protected":false},"excerpt":{"rendered":"<p>Il coperchio della stampante Verifone vx680 \u00e8 una delle parti pi\u00f9 importanti del terminale di pagamento. Se il coperchio della stampante \u00e8 danneggiato, in molti casi non \u00e8 possibile accettare pagamenti. E questo potrebbe portare a una perdita di vendite a causa dell'assenza di un dispositivo di pagamento funzionante.<\/p>","protected":false},"featured_media":9815,"comment_status":"closed","ping_status":"closed","template":"","meta":[],"product_cat":[791,784],"product_tag":[852,1539,851,776,3338,792,779],"acf":[],"_links":{"self":[{"href":"https:\/\/paymentdiscounter.com\/it\/wp-json\/wp\/v2\/product\/3364"}],"collection":[{"href":"https:\/\/paymentdiscounter.com\/it\/wp-json\/wp\/v2\/product"}],"about":[{"href":"https:\/\/paymentdiscounter.com\/it\/wp-json\/wp\/v2\/types\/product"}],"replies":[{"embeddable":true,"href":"https:\/\/paymentdiscounter.com\/it\/wp-json\/wp\/v2\/comments?post=3364"}],"version-history":[{"count":5,"href":"https:\/\/paymentdiscounter.com\/it\/wp-json\/wp\/v2\/product\/3364\/revisions"}],"predecessor-version":[{"id":38206,"href":"https:\/\/paymentdiscounter.com\/it\/wp-json\/wp\/v2\/product\/3364\/revisions\/38206"}],"wp:featuredmedia":[{"embeddable":true,"href":"https:\/\/paymentdiscounter.com\/it\/wp-json\/wp\/v2\/media\/9815"}],"wp:attachment":[{"href":"https:\/\/paymentdiscounter.com\/it\/wp-json\/wp\/v2\/media?parent=3364"}],"wp:term":[{"taxonomy":"product_cat","embeddable":true,"href":"https:\/\/paymentdiscounter.com\/it\/wp-json\/wp\/v2\/product_cat?post=3364"},{"taxonomy":"product_tag","embeddable":true,"href":"https:\/\/paymentdiscounter.com\/it\/wp-json\/wp\/v2\/product_tag?post=3364"}],"curies":[{"name":"wp","href":"https:\/\/api.w.org\/{rel}","templated":true}]}}